{"id":5734,"date":"2026-02-04T19:05:27","date_gmt":"2026-02-04T18:05:27","guid":{"rendered":"https:\/\/latelier-mouche.fr\/?post_type=product&#038;p=5734"},"modified":"2026-02-04T19:12:18","modified_gmt":"2026-02-04T18:12:18","slug":"imersion-evo","status":"publish","type":"product","link":"https:\/\/latelier-mouche.fr\/?product=imersion-evo","title":{"rendered":"Imersion evo"},"content":{"rendered":"<table>\n<thead>\n<tr>\n<th>Libell\u00e9<\/th>\n<th>R\u00e9f\u00e9rence<\/th>\n<th>Tarif<\/th>\n<th>Action<\/th>\n<th>Encombrement<br \/>\n(en cm)<\/th>\n<th>Longueur<br \/>\n(en cm)<\/th>\n<th>Poign\u00e9e<\/th>\n<th>Nombre d&rsquo;anneaux<\/th>\n<th>Coloris<\/th>\n<th>N\u00b0 Soie<br \/>\n(AFTMA)<\/th>\n<th>Mati\u00e8re<\/th>\n<\/tr>\n<\/thead>\n<tbody>\n<tr>\n<td>Canne JMC IMERSION EVO 9&rsquo;#4\/5<\/td>\n<td>JMGRP8100090-4S5<\/td>\n<td>159.00\u00a0\u20ac<\/td>\n<td>Medium fast<\/td>\n<td>72<\/td>\n<td>274<\/td>\n<td>Cigare<\/td>\n<td>10<\/td>\n<td>VERT<\/td>\n<td>#5<\/td>\n<td>Carbone<\/td>\n<\/tr>\n<tr>\n<td>Canne JMC IMERSION EVO 10&rsquo;6#2\/3<\/td>\n<td>JMGRP8100106-4S3<\/td>\n<td>159.00\u00a0\u20ac<\/td>\n<td>Medium fast<\/td>\n<td>83<\/td>\n<td>320<\/td>\n<td>Demi cigare + talon<\/td>\n<td>13<\/td>\n<td>VERT<\/td>\n<td>#3<\/td>\n<td>Carbone<\/td>\n<\/tr>\n<tr>\n<td>Canne JMC IMERSION EVO 10&rsquo;#6\/7<\/td>\n<td>JMGRP8100107-4S7<\/td>\n<td>159.00\u00a0\u20ac<\/td>\n<td>Medium fast<\/td>\n<td>81<\/td>\n<td>305<\/td>\n<td>Tulipe + talon<\/td>\n<td>11<\/td>\n<td>VERT<\/td>\n<td>#7<\/td>\n<td>Carbone<\/td>\n<\/tr>\n<tr>\n<td>Canne JMC IMERSION EVO 9&rsquo;#8\/9<\/td>\n<td>JMGRP8100090-4S9<\/td>\n<td>159.00\u00a0\u20ac<\/td>\n<td>Medium fast<\/td>\n<td>72<\/td>\n<td>274<\/td>\n<td>Tulipe + talon<\/td>\n<td>10<\/td>\n<td>VERT<\/td>\n<td>#9<\/td>\n<td>Carbone<\/td>\n<\/tr>\n<\/tbody>\n<\/table>\n","protected":false},"excerpt":{"rendered":"<div id=\"text_content\" class=\"content my-3\">\n<p>Notre objectif\u00a0: Evoluer en permanence\u00a0! La nouvelle gamme de cannes \u00e0 mouche JMC IMERSION EVO tient cette promesse\u00a0et devient la digne successeure de l\u2019ancienne g\u00e9n\u00e9ration qui a \u00e9quip\u00e9 tant de nouveaux p\u00eacheurs \u00e0 la mouche. Nouveaux mat\u00e9riaux, nouveau look, la gamme IMERSION EVO tient d\u00e9finitivement c\u2019est promesse en gardant son concept\u00a0: faire d\u00e9couvrir tous les types de p\u00eache \u00e0 la mouche en garantissant un rapport qualit\u00e9\/prix exceptionnel. Elle se distingue par ses 4 mod\u00e8les incontournables\u00a0: La canne 9\u2019#4\/5\u00a0qui garantit le polyvalence la p\u00eache \u00e0 la mouche en s\u00e8che et en nymphe \u00e0 vue. La canne10\u20196#2\/3\u00a0sp\u00e9cialement d\u00e9velopp\u00e9e pour la p\u00eache ne nymphe au fil. La canne 10\u2019#6\/7 qui est un mod\u00e8le incontournable pour la p\u00eache en lac et r\u00e9servoir. La canne 9\u2019#8\/9 qui permet la d\u00e9couverte de la p\u00eache des carnassiers.<\/p>\n<\/div>\n<div id=\"text_presentation\" class=\"content my-3\">\n<p>Action semi-rapide<br \/>\n\u2022 Poign\u00e9e li\u00e8ge Grade AA et rubber cork<br \/>\n\u2022 Carbone 34T<br \/>\n\u2022 Blank bleu\/vert mat<br \/>\n\u2022 marquages fluo et argent<br \/>\n\u2022 Porte Moulinet alu usin\u00e9 et insert carbone<br \/>\n\u2022 Anneaux de d\u00e9part SIC titanium<br \/>\n\u2022 Anneaux monopattes titanium<br \/>\n\u2022 Livr\u00e9 en tube cordura avec emplacement moulinet et housse tissu<\/p>\n<\/div>\n","protected":false},"featured_media":5743,"comment_status":"closed","ping_status":"closed","template":"","meta":{"_monsterinsights_skip_tracking":false,"_monsterinsights_sitenote_active":false,"_monsterinsights_sitenote_note":"","_monsterinsights_sitenote_category":0,"site-sidebar-layout":"default","site-content-layout":"content-boxed-container","ast-global-header-display":"","ast-banner-title-visibility":"","ast-main-header-display":"","ast-hfb-above-header-display":"","ast-hfb-below-header-display":"","ast-hfb-mobile-header-display":"","site-post-title":"","ast-breadcrumbs-content":"","ast-featured-img":"","footer-sml-layout":"","theme-transparent-header-meta":"default","adv-header-id-meta":"","stick-header-meta":"","header-above-stick-meta":"","header-main-stick-meta":"","header-below-stick-meta":""},"product_cat":[60],"product_tag":[],"aioseo_notices":[],"_links":{"self":[{"href":"https:\/\/latelier-mouche.fr\/index.php?rest_route=\/wp\/v2\/product\/5734"}],"collection":[{"href":"https:\/\/latelier-mouche.fr\/index.php?rest_route=\/wp\/v2\/product"}],"about":[{"href":"https:\/\/latelier-mouche.fr\/index.php?rest_route=\/wp\/v2\/types\/product"}],"replies":[{"embeddable":true,"href":"https:\/\/latelier-mouche.fr\/index.php?rest_route=%2Fwp%2Fv2%2Fcomments&post=5734"}],"version-history":[{"count":1,"href":"https:\/\/latelier-mouche.fr\/index.php?rest_route=\/wp\/v2\/product\/5734\/revisions"}],"predecessor-version":[{"id":5744,"href":"https:\/\/latelier-mouche.fr\/index.php?rest_route=\/wp\/v2\/product\/5734\/revisions\/5744"}],"wp:featuredmedia":[{"embeddable":true,"href":"https:\/\/latelier-mouche.fr\/index.php?rest_route=\/wp\/v2\/media\/5743"}],"wp:attachment":[{"href":"https:\/\/latelier-mouche.fr\/index.php?rest_route=%2Fwp%2Fv2%2Fmedia&parent=5734"}],"wp:term":[{"taxonomy":"product_cat","embeddable":true,"href":"https:\/\/latelier-mouche.fr\/index.php?rest_route=%2Fwp%2Fv2%2Fproduct_cat&post=5734"},{"taxonomy":"product_tag","embeddable":true,"href":"https:\/\/latelier-mouche.fr\/index.php?rest_route=%2Fwp%2Fv2%2Fproduct_tag&post=5734"}],"curies":[{"name":"wp","href":"https:\/\/api.w.org\/{rel}","templated":true}]}}