{"id":5708,"date":"2026-02-03T18:44:41","date_gmt":"2026-02-03T17:44:41","guid":{"rendered":"https:\/\/latelier-mouche.fr\/?post_type=product&#038;p=5708"},"modified":"2026-02-03T18:49:50","modified_gmt":"2026-02-03T17:49:50","slug":"shooting-bask","status":"publish","type":"product","link":"https:\/\/latelier-mouche.fr\/?product=shooting-bask","title":{"rendered":"SHOOTING BASK"},"content":{"rendered":"<p>&nbsp;<\/p>\n<div class=\"row bg-gris_light mb-5\"><\/div>\n<div class=\"row bg-gris_light mb-5\"><\/div>\n","protected":false},"excerpt":{"rendered":"<p data-start=\"279\" data-end=\"621\"><strong>Panier<\/strong>\u00a0indispensable pour se\u00a0<strong>d\u00e9placer sans rembobiner la soie et pour augmenter les distances de lancer<\/strong>, que ce soit en r\u00e9servoir, en rivi\u00e8re ou en mer. Le\u00a0<strong>SHOOTING BASK<\/strong>\u00a0<strong>\u00e9limine les blocages de soie li\u00e9s aux obstacles au sol<\/strong>. Gr\u00e2ce \u00e0 sa surface lisse et \u00e0 ses 8 ergots anti-bouclage, il assure une gestion parfaite de la ligne lors du lancer.<\/p>\n<div class=\"separator transparent center \"><\/div>\n<p data-start=\"716\" data-end=\"736\">Atouts &amp; avantages :<\/p>\n<div class=\"separator transparent center \"><\/div>\n<p data-start=\"738\" data-end=\"998\"><strong>\u2013 Panier indispensable en r\u00e9servoir, mer ou rivi\u00e8re<\/strong><br data-start=\"789\" data-end=\"792\" \/><strong>\u2013 Permet de se d\u00e9placer sans rembobiner la soie<\/strong><br data-start=\"839\" data-end=\"842\" \/><strong>\u2013 Augmentation nette des distances de lancer<\/strong><br data-start=\"886\" data-end=\"889\" \/><strong>\u2013 Surface lisse + 8 ergots pour emp\u00eacher les boucles<\/strong><br data-start=\"941\" data-end=\"944\" \/><strong>\u2013 Prot\u00e8ge la soie du sol et prolonge sa dur\u00e9e de vie<\/strong><\/p>\n<div class=\"separator transparent center \"><\/div>\n<p data-start=\"1093\" data-end=\"1114\">Prix public :\u00a0<strong>64,90 \u20ac<\/strong><\/p>\n<div class=\"separator transparent center \"><\/div>\n<p data-start=\"1241\" data-end=\"1720\">Le\u00a0<strong>Shooting Bask<\/strong>\u00a0est un accessoire essentiel pour tous les p\u00eacheurs \u00e0 la mouche souhaitant\u00a0<strong>am\u00e9liorer leur confort, leur efficacit\u00e9 et leur pr\u00e9cision<\/strong>\u00a0lors des lancers. Ce panier de lancer \u00e9vite \u00e0 la soie de tra\u00eener au sol, dans l\u2019herbe, dans l\u2019eau ou dans la v\u00e9g\u00e9tation, ce qui \u00e9limine les risques d\u2019accrochage, de salissure et de perte de distance. Gr\u00e2ce \u00e0 sa conception technique pens\u00e9e pour la performance, il facilite la gestion correcte de la soie dans toutes les conditions.<\/p>\n<div class=\"separator transparent center \"><\/div>\n<p data-start=\"1722\" data-end=\"1940\">\u2013 Ses\u00a0<strong>8 ergots<\/strong>\u00a0permettent d\u2019<strong>\u00e9viter tout bouclage<\/strong>\u00a0ou emm\u00ealement.<br data-start=\"1785\" data-end=\"1788\" \/>\u2013 Sa surface lisse assure une\u00a0<strong>r\u00e9cup\u00e9ration fluide<\/strong>\u00a0et une relance sans friction.<br data-start=\"1867\" data-end=\"1870\" \/>\u2013 Il\u00a0<strong>augmente naturellement la glisse et la dur\u00e9e de vie de la soie.<\/strong><\/p>\n<div class=\"separator transparent center \"><\/div>\n<p data-start=\"1942\" data-end=\"2312\">Le\u00a0<strong>Shooting Bask<\/strong>\u00a0devient rapidement indispensable d\u00e8s que l\u2019on cherche\u00a0<strong>\u00e0 gagner en distance<\/strong>, notamment en r\u00e9servoir ou en mer, o\u00f9 la pr\u00e9cision et la vitesse d\u2019ex\u00e9cution sont d\u00e9terminantes. L\u2019absence de contact entre la soie et le sol emp\u00eache \u00e9galement l\u2019encrassement, prolongeant la dur\u00e9e de vie des anneaux de la canne et\u00a0<strong>am\u00e9liorant le comportement g\u00e9n\u00e9ral de la lign<\/strong>e.<\/p>\n<div class=\"separator transparent center \"><\/div>\n<p data-start=\"2314\" data-end=\"2659\"><strong>L\u00e9ger, confortable et facile \u00e0 porter<\/strong>, il accompagne sans g\u00eane les d\u00e9placements du p\u00eacheur. Il permet de\u00a0<strong>lancer loin<\/strong>, de p\u00eacher plus proprement et d\u2019optimiser chaque mouvement, m\u00eame en conditions difficiles comme le vent ou les grandes \u00e9tendues d\u2019eau. Sa robustesse et son ergonomie en font un compagnon id\u00e9al pour une p\u00eache dynamique et mobile.<\/p>\n<div class=\"separator transparent center \"><\/div>\n<p data-start=\"2661\" data-end=\"2931\">Le Shooting Bask s\u2019adresse autant aux p\u00eacheurs exp\u00e9riment\u00e9s qu\u2019\u00e0 ceux qui souhaitent\u00a0<strong>progresser dans leurs lancers et \u00e9liminer les probl\u00e8mes r\u00e9currents<\/strong>\u00a0li\u00e9s \u00e0 une gestion de soie approximative. C\u2019est un outil incontournable pour am\u00e9liorer imm\u00e9diatement ses performances.<\/p>\n","protected":false},"featured_media":5709,"comment_status":"closed","ping_status":"closed","template":"","meta":{"_monsterinsights_skip_tracking":false,"_monsterinsights_sitenote_active":false,"_monsterinsights_sitenote_note":"","_monsterinsights_sitenote_category":0,"site-sidebar-layout":"default","site-content-layout":"content-boxed-container","ast-global-header-display":"","ast-banner-title-visibility":"","ast-main-header-display":"","ast-hfb-above-header-display":"","ast-hfb-below-header-display":"","ast-hfb-mobile-header-display":"","site-post-title":"","ast-breadcrumbs-content":"","ast-featured-img":"","footer-sml-layout":"","theme-transparent-header-meta":"default","adv-header-id-meta":"","stick-header-meta":"","header-above-stick-meta":"","header-main-stick-meta":"","header-below-stick-meta":""},"product_cat":[65],"product_tag":[],"aioseo_notices":[],"_links":{"self":[{"href":"https:\/\/latelier-mouche.fr\/index.php?rest_route=\/wp\/v2\/product\/5708"}],"collection":[{"href":"https:\/\/latelier-mouche.fr\/index.php?rest_route=\/wp\/v2\/product"}],"about":[{"href":"https:\/\/latelier-mouche.fr\/index.php?rest_route=\/wp\/v2\/types\/product"}],"replies":[{"embeddable":true,"href":"https:\/\/latelier-mouche.fr\/index.php?rest_route=%2Fwp%2Fv2%2Fcomments&post=5708"}],"version-history":[{"count":2,"href":"https:\/\/latelier-mouche.fr\/index.php?rest_route=\/wp\/v2\/product\/5708\/revisions"}],"predecessor-version":[{"id":5715,"href":"https:\/\/latelier-mouche.fr\/index.php?rest_route=\/wp\/v2\/product\/5708\/revisions\/5715"}],"wp:featuredmedia":[{"embeddable":true,"href":"https:\/\/latelier-mouche.fr\/index.php?rest_route=\/wp\/v2\/media\/5709"}],"wp:attachment":[{"href":"https:\/\/latelier-mouche.fr\/index.php?rest_route=%2Fwp%2Fv2%2Fmedia&parent=5708"}],"wp:term":[{"taxonomy":"product_cat","embeddable":true,"href":"https:\/\/latelier-mouche.fr\/index.php?rest_route=%2Fwp%2Fv2%2Fproduct_cat&post=5708"},{"taxonomy":"product_tag","embeddable":true,"href":"https:\/\/latelier-mouche.fr\/index.php?rest_route=%2Fwp%2Fv2%2Fproduct_tag&post=5708"}],"curies":[{"name":"wp","href":"https:\/\/api.w.org\/{rel}","templated":true}]}}