{"id":5702,"date":"2026-02-03T18:35:24","date_gmt":"2026-02-03T17:35:24","guid":{"rendered":"https:\/\/latelier-mouche.fr\/?post_type=product&#038;p=5702"},"modified":"2026-02-03T18:37:19","modified_gmt":"2026-02-03T17:37:19","slug":"casquette-truckerbomblue","status":"publish","type":"product","link":"https:\/\/latelier-mouche.fr\/?product=casquette-truckerbomblue","title":{"rendered":"Casquette TRUCKERBOMBLUE"},"content":{"rendered":"<p>&nbsp;<\/p>\n<div class=\"row bg-gris_light mb-5\"><\/div>\n<div class=\"row bg-gris_light mb-5\"><\/div>\n","protected":false},"excerpt":{"rendered":"<h3>Style, ventilation et confort<\/h3>\n<div class=\"separator  transparent center  \"><\/div>\n<p>La\u00a0<strong data-start=\"298\" data-end=\"327\">Casquette Trucker BOMBLUE<\/strong>\u00a0est un mod\u00e8le embl\u00e9matique m\u00ealant\u00a0<strong data-start=\"362\" data-end=\"371\">toile<\/strong>\u00a0et\u00a0<strong data-start=\"375\" data-end=\"387\">grillage<\/strong>, offrant un parfait \u00e9quilibre entre style moderne, ventilation maximale et confort en action de p\u00eache ou en sortie outdoor.<\/p>\n<div class=\"separator  transparent center  \"><\/div>\n<p>Son design semi-ajour\u00e9 permet une\u00a0<strong data-start=\"547\" data-end=\"582\">excellente circulation de l\u2019air<\/strong>, \u00e9vitant la surchauffe lors des journ\u00e9es chaudes.<br data-start=\"632\" data-end=\"635\" \/>Gr\u00e2ce \u00e0 son\u00a0<strong data-start=\"647\" data-end=\"668\">r\u00e9glage par clips<\/strong>, elle s\u2019adapte facilement \u00e0 toutes les morphologies, assurant un maintien stable et confortable.<\/p>\n<div class=\"separator  transparent center  \"><\/div>\n<p>Sa\u00a0<strong data-start=\"770\" data-end=\"789\">visi\u00e8re de 7 cm<\/strong>\u00a0prot\u00e8ge efficacement du soleil tout en am\u00e9liorant la visibilit\u00e9, un atout essentiel sur l\u2019eau pour r\u00e9duire les reflets et mieux lire les courants.<\/p>\n<div class=\"separator  transparent center  \"><\/div>\n<h4>Atouts &amp; conception :<\/h4>\n<div class=\"separator  transparent center  \"><\/div>\n<h4>Toile + grillage (mesh)<\/h4>\n<div class=\"separator  transparent center  \"><\/div>\n<ul>\n<li data-start=\"543\" data-end=\"574\">Combinaison parfaite entre durabilit\u00e9 et a\u00e9ration.<\/li>\n<\/ul>\n<div class=\"separator  transparent center  \"><\/div>\n<h4>Ventilation optimale<\/h4>\n<div class=\"separator  transparent center  \"><\/div>\n<ul>\n<li>Le mesh arri\u00e8re permet une circulation d\u2019air permanente, id\u00e9ale par temps chaud.<\/li>\n<\/ul>\n<div class=\"separator  transparent center  \"><\/div>\n<h4>R\u00e9glage par clips<\/h4>\n<div class=\"separator  transparent center  \"><\/div>\n<ul>\n<li data-start=\"543\" data-end=\"574\">Ajustement rapide, fiable et universel.<\/li>\n<\/ul>\n<div class=\"separator  transparent center  \"><\/div>\n<h4>Visi\u00e8re 7 cm<\/h4>\n<div class=\"separator  transparent center  \"><\/div>\n<ul>\n<li data-start=\"1568\" data-end=\"1615\">Protection solaire efficace, am\u00e9liore la visibilit\u00e9 sur l\u2019eau.<\/li>\n<\/ul>\n<div class=\"separator  transparent center  \"><\/div>\n<h4>Style moderne &amp; outdoor<\/h4>\n<div class=\"separator  transparent center  \"><\/div>\n<ul>\n<li data-start=\"1568\" data-end=\"1615\">Look trucker tendance, confortable et polyvalent.<\/li>\n<\/ul>\n","protected":false},"featured_media":5706,"comment_status":"closed","ping_status":"closed","template":"","meta":{"_monsterinsights_skip_tracking":false,"_monsterinsights_sitenote_active":false,"_monsterinsights_sitenote_note":"","_monsterinsights_sitenote_category":0,"site-sidebar-layout":"default","site-content-layout":"content-boxed-container","ast-global-header-display":"","ast-banner-title-visibility":"","ast-main-header-display":"","ast-hfb-above-header-display":"","ast-hfb-below-header-display":"","ast-hfb-mobile-header-display":"","site-post-title":"","ast-breadcrumbs-content":"","ast-featured-img":"","footer-sml-layout":"","theme-transparent-header-meta":"default","adv-header-id-meta":"","stick-header-meta":"","header-above-stick-meta":"","header-main-stick-meta":"","header-below-stick-meta":""},"product_cat":[57],"product_tag":[],"aioseo_notices":[],"_links":{"self":[{"href":"https:\/\/latelier-mouche.fr\/index.php?rest_route=\/wp\/v2\/product\/5702"}],"collection":[{"href":"https:\/\/latelier-mouche.fr\/index.php?rest_route=\/wp\/v2\/product"}],"about":[{"href":"https:\/\/latelier-mouche.fr\/index.php?rest_route=\/wp\/v2\/types\/product"}],"replies":[{"embeddable":true,"href":"https:\/\/latelier-mouche.fr\/index.php?rest_route=%2Fwp%2Fv2%2Fcomments&post=5702"}],"version-history":[{"count":1,"href":"https:\/\/latelier-mouche.fr\/index.php?rest_route=\/wp\/v2\/product\/5702\/revisions"}],"predecessor-version":[{"id":5707,"href":"https:\/\/latelier-mouche.fr\/index.php?rest_route=\/wp\/v2\/product\/5702\/revisions\/5707"}],"wp:featuredmedia":[{"embeddable":true,"href":"https:\/\/latelier-mouche.fr\/index.php?rest_route=\/wp\/v2\/media\/5706"}],"wp:attachment":[{"href":"https:\/\/latelier-mouche.fr\/index.php?rest_route=%2Fwp%2Fv2%2Fmedia&parent=5702"}],"wp:term":[{"taxonomy":"product_cat","embeddable":true,"href":"https:\/\/latelier-mouche.fr\/index.php?rest_route=%2Fwp%2Fv2%2Fproduct_cat&post=5702"},{"taxonomy":"product_tag","embeddable":true,"href":"https:\/\/latelier-mouche.fr\/index.php?rest_route=%2Fwp%2Fv2%2Fproduct_tag&post=5702"}],"curies":[{"name":"wp","href":"https:\/\/api.w.org\/{rel}","templated":true}]}}