{"id":5691,"date":"2026-02-03T18:24:14","date_gmt":"2026-02-03T17:24:14","guid":{"rendered":"https:\/\/latelier-mouche.fr\/?post_type=product&#038;p=5691"},"modified":"2026-02-03T18:30:27","modified_gmt":"2026-02-03T17:30:27","slug":"casquette-emerger","status":"publish","type":"product","link":"https:\/\/latelier-mouche.fr\/?product=casquette-emerger","title":{"rendered":"Casquette EMERGER"},"content":{"rendered":"<p>&nbsp;<\/p>\n<div class=\"row bg-gris_light mb-5\"><\/div>\n<div class=\"row bg-gris_light mb-5\"><\/div>\n","protected":false},"excerpt":{"rendered":"<h3>Ultra-l\u00e9g\u00e8re, respirante et flexible<\/h3>\n<div class=\"separator  transparent center  \"><\/div>\n<p>La\u00a0<strong data-start=\"281\" data-end=\"302\">Casquette EMERGER<\/strong>\u00a0est con\u00e7ue pour offrir une l\u00e9g\u00e8ret\u00e9 maximale et un confort incomparable lors de vos sessions de p\u00eache ou activit\u00e9s outdoor.<br data-start=\"426\" data-end=\"429\" \/>Fabriqu\u00e9e en\u00a0<strong data-start=\"442\" data-end=\"462\">toile microfibre<\/strong>, elle est extr\u00eamement l\u00e9g\u00e8re, respirante et agr\u00e9able \u00e0 porter m\u00eame sous fortes chaleurs.<\/p>\n<div class=\"separator  transparent center  \"><\/div>\n<p>Gr\u00e2ce \u00e0 son\u00a0<strong data-start=\"565\" data-end=\"591\">r\u00e9glage par \u00e9lasthanne<\/strong>, elle s\u2019ajuste naturellement \u00e0 toutes les morphologies, sans pression et sans point dur, offrant un maintien souple et tr\u00e8s confortable.<br data-start=\"728\" data-end=\"731\" \/>Sa\u00a0<strong data-start=\"734\" data-end=\"753\">visi\u00e8re de 7 cm<\/strong>\u00a0garantit une protection solaire efficace, id\u00e9ale pour am\u00e9liorer la visibilit\u00e9 sur l\u2019eau et r\u00e9duire les reflets.<\/p>\n<div class=\"separator  transparent center  \"><\/div>\n<p>Parfaitement adapt\u00e9e \u00e0 la p\u00eache active et aux longues journ\u00e9es en ext\u00e9rieur, la Casquette EMERGER combine technicit\u00e9, simplicit\u00e9 et confort absolu.<\/p>\n<div class=\"separator  transparent center  \"><\/div>\n<h4>Atouts &amp; conception :<\/h4>\n<div class=\"separator  transparent center  \"><\/div>\n<h4>Toile microfibre ultra-l\u00e9g\u00e8re<\/h4>\n<div class=\"separator  transparent center  \"><\/div>\n<ul>\n<li data-start=\"543\" data-end=\"574\">Id\u00e9ale pour les fortes chaleurs, s\u00e8che rapidement, tr\u00e8s respirante.<\/li>\n<\/ul>\n<div class=\"separator  transparent center  \"><\/div>\n<h4>R\u00e9glage par \u00e9lasthanne<\/h4>\n<div class=\"separator  transparent center  \"><\/div>\n<ul>\n<li>Ajustement souple, automatique et confortable pour toutes les tailles de t\u00eate.<\/li>\n<\/ul>\n<div class=\"separator  transparent center  \"><\/div>\n<h4>Visi\u00e8re 7 cm<\/h4>\n<div class=\"separator  transparent center  \"><\/div>\n<ul>\n<li data-start=\"543\" data-end=\"574\">Protection solaire efficace pour les yeux et le visage.<\/li>\n<\/ul>\n<div class=\"separator  transparent center  \"><\/div>\n<h4>Confort exceptionnel<\/h4>\n<div class=\"separator  transparent center  \"><\/div>\n<ul>\n<li data-start=\"1568\" data-end=\"1615\">Casquette tr\u00e8s douce, l\u00e9g\u00e8re et agr\u00e9able \u00e0 porter toute la journ\u00e9e.<\/li>\n<\/ul>\n","protected":false},"featured_media":5696,"comment_status":"closed","ping_status":"closed","template":"","meta":{"_monsterinsights_skip_tracking":false,"_monsterinsights_sitenote_active":false,"_monsterinsights_sitenote_note":"","_monsterinsights_sitenote_category":0,"site-sidebar-layout":"default","site-content-layout":"content-boxed-container","ast-global-header-display":"","ast-banner-title-visibility":"","ast-main-header-display":"","ast-hfb-above-header-display":"","ast-hfb-below-header-display":"","ast-hfb-mobile-header-display":"","site-post-title":"","ast-breadcrumbs-content":"","ast-featured-img":"","footer-sml-layout":"","theme-transparent-header-meta":"default","adv-header-id-meta":"","stick-header-meta":"","header-above-stick-meta":"","header-main-stick-meta":"","header-below-stick-meta":""},"product_cat":[57],"product_tag":[],"aioseo_notices":[],"_links":{"self":[{"href":"https:\/\/latelier-mouche.fr\/index.php?rest_route=\/wp\/v2\/product\/5691"}],"collection":[{"href":"https:\/\/latelier-mouche.fr\/index.php?rest_route=\/wp\/v2\/product"}],"about":[{"href":"https:\/\/latelier-mouche.fr\/index.php?rest_route=\/wp\/v2\/types\/product"}],"replies":[{"embeddable":true,"href":"https:\/\/latelier-mouche.fr\/index.php?rest_route=%2Fwp%2Fv2%2Fcomments&post=5691"}],"version-history":[{"count":1,"href":"https:\/\/latelier-mouche.fr\/index.php?rest_route=\/wp\/v2\/product\/5691\/revisions"}],"predecessor-version":[{"id":5701,"href":"https:\/\/latelier-mouche.fr\/index.php?rest_route=\/wp\/v2\/product\/5691\/revisions\/5701"}],"wp:featuredmedia":[{"embeddable":true,"href":"https:\/\/latelier-mouche.fr\/index.php?rest_route=\/wp\/v2\/media\/5696"}],"wp:attachment":[{"href":"https:\/\/latelier-mouche.fr\/index.php?rest_route=%2Fwp%2Fv2%2Fmedia&parent=5691"}],"wp:term":[{"taxonomy":"product_cat","embeddable":true,"href":"https:\/\/latelier-mouche.fr\/index.php?rest_route=%2Fwp%2Fv2%2Fproduct_cat&post=5691"},{"taxonomy":"product_tag","embeddable":true,"href":"https:\/\/latelier-mouche.fr\/index.php?rest_route=%2Fwp%2Fv2%2Fproduct_tag&post=5691"}],"curies":[{"name":"wp","href":"https:\/\/api.w.org\/{rel}","templated":true}]}}