{"id":5683,"date":"2026-02-03T18:08:36","date_gmt":"2026-02-03T17:08:36","guid":{"rendered":"https:\/\/latelier-mouche.fr\/?post_type=product&#038;p=5683"},"modified":"2026-02-03T18:25:25","modified_gmt":"2026-02-03T17:25:25","slug":"casquette-nymph","status":"publish","type":"product","link":"https:\/\/latelier-mouche.fr\/?product=casquette-nymph","title":{"rendered":"Casquette NYMPH"},"content":{"rendered":"<p>&nbsp;<\/p>\n<div class=\"row bg-gris_light mb-5\"><\/div>\n<div class=\"row bg-gris_light mb-5\"><\/div>\n","protected":false},"excerpt":{"rendered":"<p>La\u00a0<strong data-start=\"304\" data-end=\"323\">Casquette NYMPH<\/strong>\u00a0est une casquette en coton tr\u00e8s confortable, con\u00e7ue pour offrir un maximum de l\u00e9g\u00e8ret\u00e9 et de respirabilit\u00e9 lors de vos sorties p\u00eache ou de vos activit\u00e9s quotidiennes.<br data-start=\"490\" data-end=\"493\" \/>Son tissu doux et agr\u00e9able assure un port confortable toute la journ\u00e9e, m\u00eame sous le soleil.<\/p>\n<div class=\"separator  transparent center  \"><\/div>\n<p>Gr\u00e2ce \u00e0 son\u00a0<strong data-start=\"599\" data-end=\"621\">r\u00e9glage par velcro<\/strong>, elle s\u2019adapte instantan\u00e9ment \u00e0 toutes les morphologies, offrant un maintien s\u00fbr et pr\u00e9cis.<br data-start=\"713\" data-end=\"716\" \/>Sa\u00a0<strong data-start=\"719\" data-end=\"738\">visi\u00e8re de 7 cm<\/strong>\u00a0procure une protection solaire efficace, id\u00e9ale pour am\u00e9liorer la visibilit\u00e9 sur l\u2019eau et prot\u00e9ger les yeux des reflets.<\/p>\n<div class=\"separator  transparent center  \"><\/div>\n<p>Sobre, fonctionnelle et tr\u00e8s agr\u00e9able \u00e0 porter, la Casquette NYMPH est un essentiel pour tous les passionn\u00e9s de p\u00eache.<\/p>\n<div class=\"separator  transparent center  \"><\/div>\n<h4>Atouts &amp; conception :<\/h4>\n<div class=\"separator  transparent center  \"><\/div>\n<h4>100% coton<\/h4>\n<div class=\"separator  transparent center  \"><\/div>\n<ul>\n<li data-start=\"543\" data-end=\"574\">Douceur, respirabilit\u00e9 et confort longue dur\u00e9e.<\/li>\n<\/ul>\n<div class=\"separator  transparent center  \"><\/div>\n<h4>R\u00e9glage par velcro<\/h4>\n<div class=\"separator  transparent center  \"><\/div>\n<ul>\n<li>Ajustement rapide, pr\u00e9cis et adapt\u00e9 \u00e0 toutes les morphologies.<\/li>\n<\/ul>\n<div class=\"separator  transparent center  \"><\/div>\n<h4>Visi\u00e8re 7 cm<\/h4>\n<div class=\"separator  transparent center  \"><\/div>\n<ul>\n<li data-start=\"543\" data-end=\"574\">Protection solaire efficace, id\u00e9ale pour les p\u00eaches en plein soleil.<\/li>\n<\/ul>\n<div class=\"separator  transparent center  \"><\/div>\n<h4>Protection solaire<\/h4>\n<div class=\"separator  transparent center  \"><\/div>\n<ul>\n<li data-start=\"1424\" data-end=\"1474\">Visi\u00e8re efficace pour pr\u00e9server les yeux du soleil et am\u00e9liorer la visibilit\u00e9 en action de p\u00eache.<\/li>\n<\/ul>\n<div class=\"separator  transparent center  \"><\/div>\n<h4>Confort exceptionnel<\/h4>\n<div class=\"separator  transparent center  \"><\/div>\n<ul>\n<li data-start=\"1568\" data-end=\"1615\">Tissu souple, bonne tenue, parfaite pour de longues sessions.<\/li>\n<\/ul>\n","protected":false},"featured_media":5687,"comment_status":"closed","ping_status":"closed","template":"","meta":{"_monsterinsights_skip_tracking":false,"_monsterinsights_sitenote_active":false,"_monsterinsights_sitenote_note":"","_monsterinsights_sitenote_category":0,"site-sidebar-layout":"default","site-content-layout":"content-boxed-container","ast-global-header-display":"","ast-banner-title-visibility":"","ast-main-header-display":"","ast-hfb-above-header-display":"","ast-hfb-below-header-display":"","ast-hfb-mobile-header-display":"","site-post-title":"","ast-breadcrumbs-content":"","ast-featured-img":"","footer-sml-layout":"","theme-transparent-header-meta":"default","adv-header-id-meta":"","stick-header-meta":"","header-above-stick-meta":"","header-main-stick-meta":"","header-below-stick-meta":""},"product_cat":[57],"product_tag":[],"aioseo_notices":[],"_links":{"self":[{"href":"https:\/\/latelier-mouche.fr\/index.php?rest_route=\/wp\/v2\/product\/5683"}],"collection":[{"href":"https:\/\/latelier-mouche.fr\/index.php?rest_route=\/wp\/v2\/product"}],"about":[{"href":"https:\/\/latelier-mouche.fr\/index.php?rest_route=\/wp\/v2\/types\/product"}],"replies":[{"embeddable":true,"href":"https:\/\/latelier-mouche.fr\/index.php?rest_route=%2Fwp%2Fv2%2Fcomments&post=5683"}],"version-history":[{"count":2,"href":"https:\/\/latelier-mouche.fr\/index.php?rest_route=\/wp\/v2\/product\/5683\/revisions"}],"predecessor-version":[{"id":5695,"href":"https:\/\/latelier-mouche.fr\/index.php?rest_route=\/wp\/v2\/product\/5683\/revisions\/5695"}],"wp:featuredmedia":[{"embeddable":true,"href":"https:\/\/latelier-mouche.fr\/index.php?rest_route=\/wp\/v2\/media\/5687"}],"wp:attachment":[{"href":"https:\/\/latelier-mouche.fr\/index.php?rest_route=%2Fwp%2Fv2%2Fmedia&parent=5683"}],"wp:term":[{"taxonomy":"product_cat","embeddable":true,"href":"https:\/\/latelier-mouche.fr\/index.php?rest_route=%2Fwp%2Fv2%2Fproduct_cat&post=5683"},{"taxonomy":"product_tag","embeddable":true,"href":"https:\/\/latelier-mouche.fr\/index.php?rest_route=%2Fwp%2Fv2%2Fproduct_tag&post=5683"}],"curies":[{"name":"wp","href":"https:\/\/api.w.org\/{rel}","templated":true}]}}