{"id":5669,"date":"2026-02-02T17:56:31","date_gmt":"2026-02-02T16:56:31","guid":{"rendered":"https:\/\/latelier-mouche.fr\/?post_type=product&#038;p=5669"},"modified":"2026-02-02T18:00:58","modified_gmt":"2026-02-02T17:00:58","slug":"tripbag-kowa","status":"publish","type":"product","link":"https:\/\/latelier-mouche.fr\/?product=tripbag-kowa","title":{"rendered":"TRIPBAG KOWA"},"content":{"rendered":"","protected":false},"excerpt":{"rendered":"<p>Le\u00a0<strong data-start=\"364\" data-end=\"380\">TRIPBAG KOWA<\/strong>\u00a0est le sac de voyage id\u00e9al pour les p\u00eacheurs globe-trotteurs souhaitant transporter\u00a0<strong data-start=\"465\" data-end=\"501\">l\u2019int\u00e9gralit\u00e9 de leur \u00e9quipement<\/strong>\u00a0en toute s\u00e9curit\u00e9.<br data-start=\"520\" data-end=\"523\" \/>Solide, tr\u00e8s spacieux et parfaitement organis\u00e9, il est con\u00e7u pour affronter les d\u00e9placements, les a\u00e9roports, les raids p\u00eache ou les voyages prolong\u00e9s<\/p>\n<div class=\"separator transparent center \"><\/div>\n<p>Sa construction robuste, son\u00a0<strong data-start=\"704\" data-end=\"734\">grand volume de 140 litres<\/strong>\u00a0et son syst\u00e8me de\u00a0<strong data-start=\"753\" data-end=\"766\">roulettes<\/strong>\u00a0en font un compagnon de voyage fiable, maniable et durable.<br data-start=\"826\" data-end=\"829\" \/>Gr\u00e2ce \u00e0 ses grandes poches matelass\u00e9es, il prot\u00e8ge \u00e0 la fois cannes, moulinets, bo\u00eetes et \u00e9quipements sensibles, tout en offrant une organisation interne tr\u00e8s pratique.<\/p>\n<div class=\"separator transparent center \"><\/div>\n<p>Avec ses compartiments s\u00e9par\u00e9s, le TRIPBAG KOWA permet de voyager\u00a0<strong data-start=\"1065\" data-end=\"1083\">l\u2019esprit libre<\/strong>, sans mat\u00e9riel \u00e9cras\u00e9 ou m\u00e9lang\u00e9.<\/p>\n<div class=\"separator transparent center \"><\/div>\n<h4>Atouts &amp; conception :<\/h4>\n<div class=\"separator transparent center \"><\/div>\n<h4>Sac de voyage robuste et longue dur\u00e9e<\/h4>\n<div class=\"separator transparent center \"><\/div>\n<ul>\n<li data-start=\"543\" data-end=\"574\">Mat\u00e9riaux r\u00e9sistants aux chocs et \u00e0 l\u2019abrasion.<\/li>\n<\/ul>\n<div class=\"separator transparent center \"><\/div>\n<h4>Organisation intelligente<\/h4>\n<div class=\"separator transparent center \"><\/div>\n<ul>\n<li data-start=\"543\" data-end=\"574\">Divis\u00e9 en deux grandes zones sup\u00e9rieures + un compartiment inf\u00e9rieur extra-long.<\/li>\n<\/ul>\n<div class=\"separator transparent center \"><\/div>\n<h4>Protection maximale<\/h4>\n<div class=\"separator transparent center \"><\/div>\n<ul>\n<li data-start=\"543\" data-end=\"574\">Toutes les grandes poches sont\u00a0<strong data-start=\"1424\" data-end=\"1439\">matelass\u00e9es<\/strong>, id\u00e9ales pour prot\u00e9ger les cannes, moulinets, bo\u00eetes \u00e0 mouches, v\u00eatements techniques\u2026<\/li>\n<\/ul>\n<div class=\"separator transparent center \"><\/div>\n<h4>Mobilit\u00e9 optimale<\/h4>\n<div class=\"separator transparent center \"><\/div>\n<ul>\n<li data-start=\"543\" data-end=\"574\"><strong data-start=\"1555\" data-end=\"1568\">Roulettes<\/strong>\u00a0robustes<\/li>\n<li data-start=\"543\" data-end=\"574\">Poign\u00e9e r\u00e9glable : Facile \u00e0 tirer, stable et parfaitement maniable.<\/li>\n<\/ul>\n<div class=\"separator transparent center \"><\/div>\n<h4>Compression s\u00e9curis\u00e9e<\/h4>\n<div class=\"separator transparent center \"><\/div>\n<ul>\n<li>Deux sangles permettent de maintenir le contenu et de r\u00e9duire le volume en voyage.<\/li>\n<\/ul>\n<div class=\"separator transparent center \"><\/div>\n<h4>\u00c9quipements &amp; rangements :<\/h4>\n<div class=\"separator transparent center \"><\/div>\n<h4>Deux grandes poches matelass\u00e9es (sup\u00e9rieures)<\/h4>\n<div class=\"separator transparent center \"><\/div>\n<ul>\n<li><strong>Dimensions :<\/strong>\u00a0<strong data-start=\"1883\" data-end=\"1910\">46 \u00d7 38 \u00d7 22 cm chacune :\u00a0<\/strong>Id\u00e9ales pour v\u00eatements, bo\u00eetes, accessoires volumineux, mat\u00e9riel fragile.<\/li>\n<\/ul>\n<div class=\"separator transparent center \"><\/div>\n<h4>Grand compartiment inf\u00e9rieur (matelass\u00e9)<\/h4>\n<div class=\"separator transparent center \"><\/div>\n<ul>\n<li><strong>Dimensions :<\/strong>\u00a0<strong data-start=\"2057\" data-end=\"2076\">95 \u00d7 38 \u00d7 14 cm<\/strong><br data-start=\"2076\" data-end=\"2079\" \/>Parfait pour : cannes (en \u00e9tui), moulinets, \u00e9puisettes pliables, mat\u00e9riel long ou d\u00e9licat.<\/li>\n<\/ul>\n<div class=\"separator transparent center \"><\/div>\n<h4>Transport &amp; maintien<\/h4>\n<div class=\"separator transparent center \"><\/div>\n<ul>\n<li data-start=\"1424\" data-end=\"1474\"><strong>Roulettes robustes<\/strong><\/li>\n<li data-start=\"1424\" data-end=\"1474\"><strong>Poign\u00e9e r\u00e9glable<\/strong><\/li>\n<li data-start=\"1424\" data-end=\"1474\"><strong>2 sangles de compression<\/strong><\/li>\n<\/ul>\n<div class=\"separator transparent center \"><\/div>\n<h4>Dimensions &amp; capacit\u00e9 :<\/h4>\n<div class=\"separator transparent center \"><\/div>\n<ul>\n<li data-start=\"2164\" data-end=\"2174\"><strong>Largeur : 38 cm<\/strong><\/li>\n<li data-start=\"2164\" data-end=\"2174\"><strong>Longueur : 95 cm<\/strong><\/li>\n<li data-start=\"2164\" data-end=\"2174\"><strong>Hauteur : 40 cm<\/strong><\/li>\n<li data-start=\"2164\" data-end=\"2174\"><strong>Volume total : 140 litres<\/strong><\/li>\n<li data-start=\"2164\" data-end=\"2174\"><strong>Poids : 3,840 kg<\/strong><\/li>\n<\/ul>\n<div class=\"separator transparent center \"><\/div>\n<h4>Pourquoi choisir le TRIPBAG KOWA ?<\/h4>\n<div class=\"separator transparent center \"><\/div>\n<ul>\n<li data-start=\"2479\" data-end=\"2527\">Sac robuste, stable et parfaitement pens\u00e9 pour les voyages<\/li>\n<li data-start=\"2479\" data-end=\"2527\">Protection maximale des cannes et mat\u00e9riel sensible<\/li>\n<li data-start=\"2479\" data-end=\"2527\">Tr\u00e8s grande capacit\u00e9 de rangement (140 L)<\/li>\n<li data-start=\"2479\" data-end=\"2527\">Organisation interne simple, efficace et s\u00e9curis\u00e9e<\/li>\n<li data-start=\"2479\" data-end=\"2527\">Con\u00e7u pour les d\u00e9placements longue distance et exp\u00e9ditions p\u00eache<\/li>\n<li data-start=\"2479\" data-end=\"2527\">Mat\u00e9riaux durables, finition premium, conception KOWA irr\u00e9prochable<\/li>\n<\/ul>\n","protected":false},"featured_media":5670,"comment_status":"closed","ping_status":"closed","template":"","meta":{"_monsterinsights_skip_tracking":false,"_monsterinsights_sitenote_active":false,"_monsterinsights_sitenote_note":"","_monsterinsights_sitenote_category":0,"site-sidebar-layout":"default","site-content-layout":"content-boxed-container","ast-global-header-display":"","ast-banner-title-visibility":"","ast-main-header-display":"","ast-hfb-above-header-display":"","ast-hfb-below-header-display":"","ast-hfb-mobile-header-display":"","site-post-title":"","ast-breadcrumbs-content":"","ast-featured-img":"","footer-sml-layout":"","theme-transparent-header-meta":"default","adv-header-id-meta":"","stick-header-meta":"","header-above-stick-meta":"","header-main-stick-meta":"","header-below-stick-meta":""},"product_cat":[82],"product_tag":[],"aioseo_notices":[],"_links":{"self":[{"href":"https:\/\/latelier-mouche.fr\/index.php?rest_route=\/wp\/v2\/product\/5669"}],"collection":[{"href":"https:\/\/latelier-mouche.fr\/index.php?rest_route=\/wp\/v2\/product"}],"about":[{"href":"https:\/\/latelier-mouche.fr\/index.php?rest_route=\/wp\/v2\/types\/product"}],"replies":[{"embeddable":true,"href":"https:\/\/latelier-mouche.fr\/index.php?rest_route=%2Fwp%2Fv2%2Fcomments&post=5669"}],"version-history":[{"count":2,"href":"https:\/\/latelier-mouche.fr\/index.php?rest_route=\/wp\/v2\/product\/5669\/revisions"}],"predecessor-version":[{"id":5677,"href":"https:\/\/latelier-mouche.fr\/index.php?rest_route=\/wp\/v2\/product\/5669\/revisions\/5677"}],"wp:featuredmedia":[{"embeddable":true,"href":"https:\/\/latelier-mouche.fr\/index.php?rest_route=\/wp\/v2\/media\/5670"}],"wp:attachment":[{"href":"https:\/\/latelier-mouche.fr\/index.php?rest_route=%2Fwp%2Fv2%2Fmedia&parent=5669"}],"wp:term":[{"taxonomy":"product_cat","embeddable":true,"href":"https:\/\/latelier-mouche.fr\/index.php?rest_route=%2Fwp%2Fv2%2Fproduct_cat&post=5669"},{"taxonomy":"product_tag","embeddable":true,"href":"https:\/\/latelier-mouche.fr\/index.php?rest_route=%2Fwp%2Fv2%2Fproduct_tag&post=5669"}],"curies":[{"name":"wp","href":"https:\/\/api.w.org\/{rel}","templated":true}]}}