{"id":5659,"date":"2026-02-02T17:25:05","date_gmt":"2026-02-02T16:25:05","guid":{"rendered":"https:\/\/latelier-mouche.fr\/?post_type=product&#038;p=5659"},"modified":"2026-02-02T17:33:52","modified_gmt":"2026-02-02T16:33:52","slug":"pocksystem","status":"publish","type":"product","link":"https:\/\/latelier-mouche.fr\/?product=pocksystem","title":{"rendered":"pock&rsquo;system"},"content":{"rendered":"<p>&nbsp;<\/p>\n<div class=\"row bg-gris_light mb-5\"><\/div>\n","protected":false},"excerpt":{"rendered":"<p>Le\u00a0<strong data-start=\"313\" data-end=\"328\">POCK\u2019SYSTEM<\/strong>\u00a0est une innovation Devaux con\u00e7ue pour offrir une modularit\u00e9 totale et s\u2019adapter \u00e0 toutes vos pratiques p\u00eache &amp; outdoor.<br data-start=\"448\" data-end=\"451\" \/>Gr\u00e2ce \u00e0 ce concept unique de\u00a0<strong data-start=\"480\" data-end=\"502\">poches adaptatives<\/strong>, vous pouvez configurer vos \u00e9quipements selon vos envies, vos besoins et le type de sortie pr\u00e9vue.<\/p>\n<div class=\"separator transparent center \"><\/div>\n<p>Compatible avec toute la nouvelle gamme technique Devaux \u2014\u00a0<strong data-start=\"662\" data-end=\"696\">doudounes TREK\u2019FLY et RIFT\u2019FLY<\/strong>,\u00a0<strong data-start=\"698\" data-end=\"713\">veste INFLY<\/strong>,\u00a0<strong data-start=\"715\" data-end=\"733\">waders 800 ZIP<\/strong>\u00a0\u2014 le POCK\u2019SYSTEM vous accompagne partout, en rivi\u00e8re comme en montagne.<\/p>\n<div class=\"separator transparent center \"><\/div>\n<p>Sa fabrication utilise des mat\u00e9riaux premium s\u00e9lectionn\u00e9s pour leur\u00a0<strong data-start=\"875\" data-end=\"914\">r\u00e9sistance, souplesse et durabilit\u00e9<\/strong>, assurant une utilisation fiable au quotidien.<\/p>\n<div class=\"separator transparent center \"><\/div>\n<h4>Technologie &amp; conception : une poche pens\u00e9e pour durer<\/h4>\n<div class=\"separator transparent center \"><\/div>\n<h4>Mat\u00e9riaux haut de gamme<\/h4>\n<div class=\"separator transparent center \"><\/div>\n<ul>\n<li data-start=\"543\" data-end=\"574\">Con\u00e7u en\u00a0<strong data-start=\"1074\" data-end=\"1099\">HYPALON haute densit\u00e9<\/strong>\u00a0pour une r\u00e9sistance exceptionnelle<\/li>\n<li data-start=\"543\" data-end=\"574\">Bandes\u00a0<strong data-start=\"1146\" data-end=\"1170\">\u00e9lastiques lat\u00e9rales<\/strong>\u00a0pour accompagner les mouvements et faciliter l\u2019utilisation<\/li>\n<\/ul>\n<div class=\"separator transparent center \"><\/div>\n<h4>Une face avant polyvalente<\/h4>\n<div class=\"separator transparent center \"><\/div>\n<ul>\n<li data-start=\"543\" data-end=\"574\">Surface\u00a0<strong data-start=\"1276\" data-end=\"1286\">velcro<\/strong>\u00a0pour accueillir des accessoires, patchs, accroches mouches, etc.<\/li>\n<\/ul>\n<div class=\"separator transparent center \"><\/div>\n<p>&nbsp;<\/p>\n<div class=\"separator transparent center \"><\/div>\n<h4>Fixation simple, rapide et s\u00e9curis\u00e9e<\/h4>\n<div class=\"separator transparent center \"><\/div>\n<ul>\n<li data-start=\"543\" data-end=\"574\"><strong>2 bandes coulissent<\/strong>\u00a0dans les\u00a0<strong>HYPALON<\/strong>\u00a0int\u00e9gr\u00e9s aux v\u00eatements de la gamme<\/li>\n<li data-start=\"543\" data-end=\"574\">Maintien assur\u00e9 par\u00a0<strong data-start=\"1496\" data-end=\"1518\">2 boutons-pression<\/strong>, garantie anti-arrachement<\/li>\n<li data-start=\"543\" data-end=\"574\">Compatible \u00e9galement avec une\u00a0<strong data-start=\"1580\" data-end=\"1604\">ceinture de pantalon<\/strong>, pour une utilisation quotidienne<\/li>\n<\/ul>\n<h4>Mobilit\u00e9 totale compatible avec :<\/h4>\n<div class=\"separator transparent center \"><\/div>\n<ul>\n<li data-start=\"543\" data-end=\"574\">doudounes techniques<\/li>\n<li data-start=\"543\" data-end=\"574\">veste INFLY<\/li>\n<li data-start=\"543\" data-end=\"574\">waders<\/li>\n<li data-start=\"543\" data-end=\"574\">veste RIFT\u2019FLY<\/li>\n<li data-start=\"543\" data-end=\"574\">ou directement \u00e0 la ceinture<\/li>\n<\/ul>\n<p>\u00c0 vous de composer, personnaliser et r\u00e9organiser vos accessoires.<\/p>\n<h4>Les mod\u00e8les disponibles :<\/h4>\n<div class=\"separator transparent center \"><\/div>\n<p><strong data-start=\"1955\" data-end=\"1974\">POCK\u2019SYSTEM 100 : Dimensions : 15 \u00d7 10 \u00d7 5 cm<\/strong><\/p>\n<div class=\"separator transparent center \"><\/div>\n<p><strong data-start=\"1955\" data-end=\"1974\">POCK\u2019SYSTEM 200 : Dimensions :20 \u00d7 10,5 \u00d7 5 cm :\u00a0<\/strong>Plus grand volume, parfait pour bo\u00eetes de mouches, accessoires multiples ou petit mat\u00e9riel technique.<\/p>\n<div class=\"separator transparent center \"><\/div>\n<h4>Pourquoi choisir le POCK\u2019SYSTEM ?<\/h4>\n<div class=\"separator transparent center \"><\/div>\n<ul>\n<li data-start=\"1262\" data-end=\"1291\">Modularit\u00e9 totale, 100% personnalisable<\/li>\n<li data-start=\"1262\" data-end=\"1291\">R\u00e9sistance &amp; durabilit\u00e9 (HYPALON haute densit\u00e9)<\/li>\n<li data-start=\"1262\" data-end=\"1291\">Fixation fiable, simple et rapide<\/li>\n<li data-start=\"1262\" data-end=\"1291\">Souple, l\u00e9ger, adaptable \u00e0 tous les textiles de la gamme<\/li>\n<li data-start=\"1262\" data-end=\"1291\">Parfait pour une utilisation quotidienne<\/li>\n<li data-start=\"1262\" data-end=\"1291\">Concept unique Devaux, pens\u00e9 pour simplifier vos sorties<\/li>\n<\/ul>\n","protected":false},"featured_media":5660,"comment_status":"closed","ping_status":"closed","template":"","meta":{"_monsterinsights_skip_tracking":false,"_monsterinsights_sitenote_active":false,"_monsterinsights_sitenote_note":"","_monsterinsights_sitenote_category":0,"site-sidebar-layout":"default","site-content-layout":"content-boxed-container","ast-global-header-display":"","ast-banner-title-visibility":"","ast-main-header-display":"","ast-hfb-above-header-display":"","ast-hfb-below-header-display":"","ast-hfb-mobile-header-display":"","site-post-title":"","ast-breadcrumbs-content":"","ast-featured-img":"","footer-sml-layout":"","theme-transparent-header-meta":"default","adv-header-id-meta":"","stick-header-meta":"","header-above-stick-meta":"","header-main-stick-meta":"","header-below-stick-meta":""},"product_cat":[57],"product_tag":[],"aioseo_notices":[],"_links":{"self":[{"href":"https:\/\/latelier-mouche.fr\/index.php?rest_route=\/wp\/v2\/product\/5659"}],"collection":[{"href":"https:\/\/latelier-mouche.fr\/index.php?rest_route=\/wp\/v2\/product"}],"about":[{"href":"https:\/\/latelier-mouche.fr\/index.php?rest_route=\/wp\/v2\/types\/product"}],"replies":[{"embeddable":true,"href":"https:\/\/latelier-mouche.fr\/index.php?rest_route=%2Fwp%2Fv2%2Fcomments&post=5659"}],"version-history":[{"count":2,"href":"https:\/\/latelier-mouche.fr\/index.php?rest_route=\/wp\/v2\/product\/5659\/revisions"}],"predecessor-version":[{"id":5667,"href":"https:\/\/latelier-mouche.fr\/index.php?rest_route=\/wp\/v2\/product\/5659\/revisions\/5667"}],"wp:featuredmedia":[{"embeddable":true,"href":"https:\/\/latelier-mouche.fr\/index.php?rest_route=\/wp\/v2\/media\/5660"}],"wp:attachment":[{"href":"https:\/\/latelier-mouche.fr\/index.php?rest_route=%2Fwp%2Fv2%2Fmedia&parent=5659"}],"wp:term":[{"taxonomy":"product_cat","embeddable":true,"href":"https:\/\/latelier-mouche.fr\/index.php?rest_route=%2Fwp%2Fv2%2Fproduct_cat&post=5659"},{"taxonomy":"product_tag","embeddable":true,"href":"https:\/\/latelier-mouche.fr\/index.php?rest_route=%2Fwp%2Fv2%2Fproduct_tag&post=5659"}],"curies":[{"name":"wp","href":"https:\/\/api.w.org\/{rel}","templated":true}]}}