{"id":5647,"date":"2026-02-02T16:59:35","date_gmt":"2026-02-02T15:59:35","guid":{"rendered":"https:\/\/latelier-mouche.fr\/?post_type=product&#038;p=5647"},"modified":"2026-02-02T17:07:28","modified_gmt":"2026-02-02T16:07:28","slug":"waders-200","status":"publish","type":"product","link":"https:\/\/latelier-mouche.fr\/?product=waders-200","title":{"rendered":"WADERS 200"},"content":{"rendered":"<p><img decoding=\"async\" loading=\"lazy\" class=\"alignnone size-medium wp-image-5657\" src=\"http:\/\/latelier-mouche.fr\/wp-content\/uploads\/2026\/02\/tailles-waders200-300x177.png\" alt=\"\" width=\"300\" height=\"177\" srcset=\"https:\/\/latelier-mouche.fr\/wp-content\/uploads\/2026\/02\/tailles-waders200-300x177.png 300w, https:\/\/latelier-mouche.fr\/wp-content\/uploads\/2026\/02\/tailles-waders200-600x353.png 600w, https:\/\/latelier-mouche.fr\/wp-content\/uploads\/2026\/02\/tailles-waders200.png 622w\" sizes=\"(max-width: 300px) 100vw, 300px\" \/><\/p>\n<div class=\"row bg-gris_light mb-5\"><\/div>\n","protected":false},"excerpt":{"rendered":"<div id=\"text_content\" class=\"content my-3\">\n<div id=\"text_presentation\" class=\"content my-3\">\n<div id=\"text_presentation\" class=\"content my-3\">\n<div id=\"text_presentation\" class=\"content my-3\">\n<div id=\"text_presentation\" class=\"content my-3\">\n<div id=\"text_content\" class=\"content my-3\">\n<p>Ce gilet long \u00e0 la coupe traditionnelle est r\u00e9alis\u00e9 en Taslon et doubl\u00e9 en mesh. Il est confortable et fonctionnel.<\/p>\n<\/div>\n<div id=\"text_presentation\" class=\"content my-3\">\n<p>Gilet long \u00e0 la coupe traditionnelle<br \/>\n\u2022 R\u00e9alis\u00e9 en Taslon et doubl\u00e9 en mesh<br \/>\n\u2022 Confortable et fonctionnel<br \/>\n\u2022 2 accroche-accessoires<br \/>\n\u2022 12 poches dont 6 poches zipp\u00e9es<br \/>\n\u2022 2 grandes poches dorsales<br \/>\n\u2022 1 anneau accroche \u00e9puisette.<\/p>\n<\/div>\n<\/div>\n<\/div>\n<\/div>\n<\/div>\n<\/div>\n<div id=\"text_presentation\" class=\"content my-3\">\n<div id=\"text_presentation\" class=\"content my-3\">\n<p>&nbsp;<\/p>\n<\/div>\n<\/div>\n","protected":false},"featured_media":5654,"comment_status":"closed","ping_status":"closed","template":"","meta":{"_monsterinsights_skip_tracking":false,"_monsterinsights_sitenote_active":false,"_monsterinsights_sitenote_note":"","_monsterinsights_sitenote_category":0,"site-sidebar-layout":"default","site-content-layout":"content-boxed-container","ast-global-header-display":"","ast-banner-title-visibility":"","ast-main-header-display":"","ast-hfb-above-header-display":"","ast-hfb-below-header-display":"","ast-hfb-mobile-header-display":"","site-post-title":"","ast-breadcrumbs-content":"","ast-featured-img":"","footer-sml-layout":"","theme-transparent-header-meta":"default","adv-header-id-meta":"","stick-header-meta":"","header-above-stick-meta":"","header-main-stick-meta":"","header-below-stick-meta":""},"product_cat":[61],"product_tag":[],"aioseo_notices":[],"_links":{"self":[{"href":"https:\/\/latelier-mouche.fr\/index.php?rest_route=\/wp\/v2\/product\/5647"}],"collection":[{"href":"https:\/\/latelier-mouche.fr\/index.php?rest_route=\/wp\/v2\/product"}],"about":[{"href":"https:\/\/latelier-mouche.fr\/index.php?rest_route=\/wp\/v2\/types\/product"}],"replies":[{"embeddable":true,"href":"https:\/\/latelier-mouche.fr\/index.php?rest_route=%2Fwp%2Fv2%2Fcomments&post=5647"}],"version-history":[{"count":1,"href":"https:\/\/latelier-mouche.fr\/index.php?rest_route=\/wp\/v2\/product\/5647\/revisions"}],"predecessor-version":[{"id":5658,"href":"https:\/\/latelier-mouche.fr\/index.php?rest_route=\/wp\/v2\/product\/5647\/revisions\/5658"}],"wp:featuredmedia":[{"embeddable":true,"href":"https:\/\/latelier-mouche.fr\/index.php?rest_route=\/wp\/v2\/media\/5654"}],"wp:attachment":[{"href":"https:\/\/latelier-mouche.fr\/index.php?rest_route=%2Fwp%2Fv2%2Fmedia&parent=5647"}],"wp:term":[{"taxonomy":"product_cat","embeddable":true,"href":"https:\/\/latelier-mouche.fr\/index.php?rest_route=%2Fwp%2Fv2%2Fproduct_cat&post=5647"},{"taxonomy":"product_tag","embeddable":true,"href":"https:\/\/latelier-mouche.fr\/index.php?rest_route=%2Fwp%2Fv2%2Fproduct_tag&post=5647"}],"curies":[{"name":"wp","href":"https:\/\/api.w.org\/{rel}","templated":true}]}}