{"id":5590,"date":"2026-01-30T17:16:57","date_gmt":"2026-01-30T16:16:57","guid":{"rendered":"https:\/\/latelier-mouche.fr\/?post_type=product&#038;p=5590"},"modified":"2026-01-30T17:25:08","modified_gmt":"2026-01-30T16:25:08","slug":"soie-t56-2","status":"publish","type":"product","link":"https:\/\/latelier-mouche.fr\/?product=soie-t56-2","title":{"rendered":"soie  T56"},"content":{"rendered":"","protected":false},"excerpt":{"rendered":"<div class=\"wpb_text_column wpb_content_element \">\n<div class=\"wpb_wrapper\">\n<h1><strong>SOIE T56 +<\/strong><\/h1>\n<\/div>\n<\/div>\n<div class=\"vc_empty_space\"><\/div>\n<div class=\"wpb_text_column wpb_content_element \">\n<div class=\"wpb_wrapper\">\n<h2><strong>Soie T56+ \u2013 Technologie avanc\u00e9e pour flottaison extr\u00eame et contr\u00f4le absolu<\/strong><\/h2>\n<p data-start=\"756\" data-end=\"807\">\n<div class=\"separator  transparent   \"><\/div>\n<h2 data-start=\"809\" data-end=\"865\"><strong data-start=\"811\" data-end=\"865\">Une soie issue des derni\u00e8res innovations mondiales<\/strong><\/h2>\n<p data-start=\"867\" data-end=\"1291\">\n<div class=\"separator  transparent   \"><\/div>\n<p>La\u00a0<strong data-start=\"870\" data-end=\"883\">Soie T56+<\/strong>\u00a0repr\u00e9sente l\u2019une des avanc\u00e9es les plus abouties dans le domaine des soies de p\u00eache \u00e0 la mouche. Fruit d\u2019une technologie de pointe, elle int\u00e8gre des\u00a0<strong data-start=\"1032\" data-end=\"1060\">nanoparticules de t\u00e9flon<\/strong>\u00a0directement dans son rev\u00eatement, am\u00e9liorant de fa\u00e7on spectaculaire sa flottaison, sa glisse et sa durabilit\u00e9. Con\u00e7ue pour les p\u00eacheurs exigeants et pour les conditions difficiles, elle allie finesse, stabilit\u00e9 et performance pure.<\/p>\n<div class=\"separator  transparent   \"><\/div>\n<h2 data-start=\"1346\" data-end=\"1401\"><strong data-start=\"1348\" data-end=\"1401\">Rev\u00eatement t\u00e9flonis\u00e9 hydrophobe et tr\u00e8s r\u00e9sistant<\/strong><\/h2>\n<p data-start=\"1403\" data-end=\"1901\">\n<div class=\"separator  transparent   \"><\/div>\n<p>\u2013 Gr\u00e2ce \u00e0 l\u2019ajout de nanoparticules de t\u00e9flon, la T56+ devient\u00a0<strong data-start=\"1466\" data-end=\"1491\">totalement hydrophobe<\/strong>, permettant une tenue en surface exceptionnelle m\u00eame dans les eaux agit\u00e9es ou froides.<br data-start=\"1578\" data-end=\"1581\" \/>\u2013 Le proc\u00e9d\u00e9 d\u2019impr\u00e9gnation renforce consid\u00e9rablement la\u00a0<strong data-start=\"1638\" data-end=\"1665\">r\u00e9sistance \u00e0 l\u2019abrasion<\/strong>, prolongeant la dur\u00e9e de vie de la soie, m\u00eame apr\u00e8s de nombreuses utilisations.<br data-start=\"1745\" data-end=\"1748\" \/>\u2013 Ce m\u00eame traitement limite l\u2019effet extensible, assurant un\u00a0<strong data-start=\"1808\" data-end=\"1842\">contact permanent avec la soie<\/strong>\u00a0et am\u00e9liorant la pr\u00e9cision des ferrages en toutes saisons.<\/p>\n<div class=\"separator  transparent   \"><\/div>\n<h2 data-start=\"1956\" data-end=\"2001\"><strong data-start=\"1958\" data-end=\"2001\">Douceur, fluidit\u00e9 et lin\u00e9arit\u00e9 parfaite<\/strong><\/h2>\n<p data-start=\"2003\" data-end=\"2382\">\n<div class=\"separator  transparent   \"><\/div>\n<p>\u2013 La texture de la T56+ est d\u2019une grande\u00a0<strong data-start=\"2044\" data-end=\"2055\">douceur<\/strong>, ce qui facilite la glisse dans les anneaux et am\u00e9liore la sensation g\u00e9n\u00e9rale de lancer.<br data-start=\"2144\" data-end=\"2147\" \/>\u2013 Sa fluidit\u00e9 naturelle lui conf\u00e8re une\u00a0<strong data-start=\"2187\" data-end=\"2212\">lin\u00e9arit\u00e9 remarquable<\/strong>, permettant un d\u00e9ploiement propre, sans vibrations ni affaissements.<br data-start=\"2281\" data-end=\"2284\" \/>\u2013 Cette fluidit\u00e9 rend la soie parfaitement adapt\u00e9e aux p\u00eaches d\u00e9licates comme aux lancers appuy\u00e9s.<\/p>\n<div class=\"separator  transparent   \"><\/div>\n<h2 data-start=\"2437\" data-end=\"2500\"><strong data-start=\"2439\" data-end=\"2500\">Profil WFXT : encore plus progressif, encore plus discret<\/strong><\/h2>\n<p data-start=\"2502\" data-end=\"2901\">\n<div class=\"separator  transparent   \"><\/div>\n<p>\u2013 Le\u00a0<strong data-start=\"2507\" data-end=\"2522\">profil WFXT<\/strong>\u00a0est une \u00e9volution du WFX classique, offrant une\u00a0<strong data-start=\"2571\" data-end=\"2598\">progressivit\u00e9 renforc\u00e9e<\/strong>\u00a0pour transmettre une \u00e9nergie r\u00e9guli\u00e8re \u00e0 courte et longue distance.<br data-start=\"2666\" data-end=\"2669\" \/>\u2013 Cette progressivit\u00e9 assure des lancers extr\u00eamement\u00a0<strong>stables et particuli\u00e8rement confortables<\/strong>.<br data-start=\"2763\" data-end=\"2766\" \/>\u2013 Sa\u00a0<strong data-start=\"2771\" data-end=\"2813\">pointe plus longue et encore plus fine<\/strong>\u00a0permet des pos\u00e9s discrets, id\u00e9aux pour les poissons m\u00e9fiants ou les eaux transparentes.<\/p>\n<div class=\"separator  transparent   \"><\/div>\n<p data-start=\"2956\" data-end=\"3173\">La\u00a0<strong data-start=\"2959\" data-end=\"2972\">Soie T56+<\/strong>\u00a0est la soie id\u00e9ale pour les p\u00eacheurs d\u00e9sirant combiner\u00a0<strong>finesse, puissance ma\u00eetris\u00e9e et technologie avanc\u00e9e.<\/strong>\u00a0Une r\u00e9f\u00e9rence pour toutes les p\u00eaches techniques o\u00f9 pr\u00e9cision et fiabilit\u00e9 sont essentielles.<\/p>\n<\/div>\n<\/div>\n","protected":false},"featured_media":5609,"comment_status":"closed","ping_status":"closed","template":"","meta":{"_monsterinsights_skip_tracking":false,"_monsterinsights_sitenote_active":false,"_monsterinsights_sitenote_note":"","_monsterinsights_sitenote_category":0,"site-sidebar-layout":"default","site-content-layout":"content-boxed-container","ast-global-header-display":"","ast-banner-title-visibility":"","ast-main-header-display":"","ast-hfb-above-header-display":"","ast-hfb-below-header-display":"","ast-hfb-mobile-header-display":"","site-post-title":"","ast-breadcrumbs-content":"","ast-featured-img":"","footer-sml-layout":"","theme-transparent-header-meta":"default","adv-header-id-meta":"","stick-header-meta":"","header-above-stick-meta":"","header-main-stick-meta":"","header-below-stick-meta":""},"product_cat":[56],"product_tag":[],"aioseo_notices":[],"_links":{"self":[{"href":"https:\/\/latelier-mouche.fr\/index.php?rest_route=\/wp\/v2\/product\/5590"}],"collection":[{"href":"https:\/\/latelier-mouche.fr\/index.php?rest_route=\/wp\/v2\/product"}],"about":[{"href":"https:\/\/latelier-mouche.fr\/index.php?rest_route=\/wp\/v2\/types\/product"}],"replies":[{"embeddable":true,"href":"https:\/\/latelier-mouche.fr\/index.php?rest_route=%2Fwp%2Fv2%2Fcomments&post=5590"}],"version-history":[{"count":1,"href":"https:\/\/latelier-mouche.fr\/index.php?rest_route=\/wp\/v2\/product\/5590\/revisions"}],"predecessor-version":[{"id":5610,"href":"https:\/\/latelier-mouche.fr\/index.php?rest_route=\/wp\/v2\/product\/5590\/revisions\/5610"}],"wp:featuredmedia":[{"embeddable":true,"href":"https:\/\/latelier-mouche.fr\/index.php?rest_route=\/wp\/v2\/media\/5609"}],"wp:attachment":[{"href":"https:\/\/latelier-mouche.fr\/index.php?rest_route=%2Fwp%2Fv2%2Fmedia&parent=5590"}],"wp:term":[{"taxonomy":"product_cat","embeddable":true,"href":"https:\/\/latelier-mouche.fr\/index.php?rest_route=%2Fwp%2Fv2%2Fproduct_cat&post=5590"},{"taxonomy":"product_tag","embeddable":true,"href":"https:\/\/latelier-mouche.fr\/index.php?rest_route=%2Fwp%2Fv2%2Fproduct_tag&post=5590"}],"curies":[{"name":"wp","href":"https:\/\/api.w.org\/{rel}","templated":true}]}}