{"id":5566,"date":"2026-01-30T16:55:31","date_gmt":"2026-01-30T15:55:31","guid":{"rendered":"https:\/\/latelier-mouche.fr\/?post_type=product&#038;p=5566"},"modified":"2026-01-30T17:01:35","modified_gmt":"2026-01-30T16:01:35","slug":"moulinets-d900-cage","status":"publish","type":"product","link":"https:\/\/latelier-mouche.fr\/?product=moulinets-d900-cage","title":{"rendered":"Moulinets D900 CAGE"},"content":{"rendered":"","protected":false},"excerpt":{"rendered":"<div class=\"wpb_text_column wpb_content_element \">\n<div class=\"wpb_wrapper\">\n<h1><strong>MOULINET D900 CAGE<\/strong><\/h1>\n<\/div>\n<\/div>\n<div class=\"vc_empty_space\"><\/div>\n<div class=\"wpb_text_column wpb_content_element \">\n<div class=\"wpb_wrapper\">\n<h5><strong>NOUVEAUT\u00c9 2026<\/strong><\/h5>\n<\/div>\n<\/div>\n<div class=\"vc_empty_space\"><\/div>\n<div class=\"wpb_text_column wpb_content_element \">\n<div class=\"wpb_wrapper\">\n<h2><strong>Moulinet D900 CAGE \u2013 Nouveaut\u00e9 2026, moulinet \u00e0 cage ferm\u00e9e ultra technique pour mer et deux mains<\/strong><\/h2>\n<div class=\"separator normal center \"><\/div>\n<h2 data-start=\"854\" data-end=\"918\"><strong data-start=\"856\" data-end=\"918\">Un moulinet \u00e0 cage ferm\u00e9e con\u00e7u pour les p\u00eaches exigeantes<\/strong><\/h2>\n<div class=\"separator normal center \"><\/div>\n<p>Le\u00a0<strong data-start=\"923\" data-end=\"945\">Moulinet D900 CAGE<\/strong>\u00a0s\u2019impose comme l\u2019une des nouveaut\u00e9s les plus attendues de 2026. Sp\u00e9cialement pens\u00e9 pour la p\u00eache en mer et pour les p\u00eacheurs utilisant une\u00a0<strong data-start=\"1085\" data-end=\"1107\">canne \u00e0 deux mains<\/strong>, il adopte un design en\u00a0<strong data-start=\"1132\" data-end=\"1147\">cage ferm\u00e9e<\/strong>, indispensable pour emp\u00eacher la soie ou le running line de sortir du moulinet lors des lancers puissants. Cette architecture assure une ma\u00eetrise parfaite du fil, m\u00eame lors des s\u00e9quences les plus rapides ou des conditions difficiles.<\/p>\n<div class=\"separator transparent \"><\/div>\n<h2 data-start=\"1435\" data-end=\"1490\"><strong data-start=\"1437\" data-end=\"1490\">Technologie a\u00e9ronautique et usinage haut de gamme<\/strong><\/h2>\n<div class=\"separator normal center \"><\/div>\n<p>\u2013 Le D900 CAGE est r\u00e9alis\u00e9 en\u00a0<strong data-start=\"1522\" data-end=\"1548\">aluminium a\u00e9ronautique<\/strong>, un mat\u00e9riau l\u00e9ger, rigide et extr\u00eamement r\u00e9sistant.<br data-start=\"1601\" data-end=\"1604\" \/>\u2013 Il b\u00e9n\u00e9ficie d\u2019un\u00a0<strong data-start=\"1624\" data-end=\"1652\">traitement anticorrosion<\/strong>, le rendant parfaitement adapt\u00e9 aux environnements marins, au sel et \u00e0 l\u2019humidit\u00e9 constante.<br data-start=\"1745\" data-end=\"1748\" \/>\u2013 L\u2019ensemble est\u00a0<strong data-start=\"1765\" data-end=\"1800\">enti\u00e8rement usin\u00e9 dans la masse<\/strong>, garantissant une pr\u00e9cision exceptionnelle, une robustesse accrue et une m\u00e9canique durable.<br data-start=\"1892\" data-end=\"1895\" \/>\u2013 Son design moderne en\u00a0<strong data-start=\"1919\" data-end=\"1934\">large arbor<\/strong>\u00a0assure une r\u00e9cup\u00e9ration rapide et r\u00e9guli\u00e8re, essentielle pour les p\u00eaches en mer ou les grandes rivi\u00e8res puissantes.<\/p>\n<div class=\"separator transparent \"><\/div>\n<h2 data-start=\"2105\" data-end=\"2164\"><strong data-start=\"2107\" data-end=\"2164\">Un frein \u00e9tanche microm\u00e9trique d\u2019une grande pr\u00e9cision<\/strong><\/h2>\n<div class=\"separator normal center \"><\/div>\n<p>\u2013 Le moulinet est \u00e9quip\u00e9 d\u2019un\u00a0<strong data-start=\"2196\" data-end=\"2227\">frein \u00e9tanche microm\u00e9trique<\/strong>, offrant une progressivit\u00e9 remarquable et un r\u00e9glage extr\u00eamement fin.<br data-start=\"2297\" data-end=\"2300\" \/>\u2013 Cette technologie permet de ma\u00eetriser des poissons rapides et puissants, que ce soit en mer (bars, bonefish, petits thons) ou en rivi\u00e8re (saumon, steelhead).<br data-start=\"2459\" data-end=\"2462\" \/>\u2013 Son fonctionnement constant et prot\u00e9g\u00e9 des \u00e9l\u00e9ments garantit une fiabilit\u00e9 totale, m\u00eame en conditions extr\u00eames.<\/p>\n<div class=\"separator transparent \"><\/div>\n<h2 data-start=\"2630\" data-end=\"2688\"><strong data-start=\"2632\" data-end=\"2688\">Polyvalence maximale et rapport qualit\u00e9-prix in\u00e9gal\u00e9<\/strong><\/h2>\n<div class=\"separator normal center \"><\/div>\n<p>\u2013 Le D900 CAGE est\u00a0<strong data-start=\"2709\" data-end=\"2740\">r\u00e9versible droitier\/gaucher<\/strong>, assurant une adaptation imm\u00e9diate au p\u00eacheur.<br data-start=\"2787\" data-end=\"2790\" \/>\u2013 Il convient parfaitement aux\u00a0<strong data-start=\"2821\" data-end=\"2842\">p\u00eaches techniques<\/strong>, que ce soit en Spey, switch, mer ou grands r\u00e9servoirs.<br data-start=\"2898\" data-end=\"2901\" \/>\u2013 Son\u00a0<strong data-start=\"2907\" data-end=\"2939\">rapport qualit\u00e9-prix in\u00e9gal\u00e9<\/strong>\u00a0en fait une r\u00e9f\u00e9rence pour les p\u00eacheurs exigeants souhaitant un moulinet hautement technique sans compromis.<\/p>\n<\/div>\n<\/div>\n","protected":false},"featured_media":5585,"comment_status":"closed","ping_status":"closed","template":"","meta":{"_monsterinsights_skip_tracking":false,"_monsterinsights_sitenote_active":false,"_monsterinsights_sitenote_note":"","_monsterinsights_sitenote_category":0,"site-sidebar-layout":"default","site-content-layout":"content-boxed-container","ast-global-header-display":"","ast-banner-title-visibility":"","ast-main-header-display":"","ast-hfb-above-header-display":"","ast-hfb-below-header-display":"","ast-hfb-mobile-header-display":"","site-post-title":"","ast-breadcrumbs-content":"","ast-featured-img":"","footer-sml-layout":"","theme-transparent-header-meta":"default","adv-header-id-meta":"","stick-header-meta":"","header-above-stick-meta":"","header-main-stick-meta":"","header-below-stick-meta":""},"product_cat":[53],"product_tag":[],"aioseo_notices":[],"_links":{"self":[{"href":"https:\/\/latelier-mouche.fr\/index.php?rest_route=\/wp\/v2\/product\/5566"}],"collection":[{"href":"https:\/\/latelier-mouche.fr\/index.php?rest_route=\/wp\/v2\/product"}],"about":[{"href":"https:\/\/latelier-mouche.fr\/index.php?rest_route=\/wp\/v2\/types\/product"}],"replies":[{"embeddable":true,"href":"https:\/\/latelier-mouche.fr\/index.php?rest_route=%2Fwp%2Fv2%2Fcomments&post=5566"}],"version-history":[{"count":2,"href":"https:\/\/latelier-mouche.fr\/index.php?rest_route=\/wp\/v2\/product\/5566\/revisions"}],"predecessor-version":[{"id":5589,"href":"https:\/\/latelier-mouche.fr\/index.php?rest_route=\/wp\/v2\/product\/5566\/revisions\/5589"}],"wp:featuredmedia":[{"embeddable":true,"href":"https:\/\/latelier-mouche.fr\/index.php?rest_route=\/wp\/v2\/media\/5585"}],"wp:attachment":[{"href":"https:\/\/latelier-mouche.fr\/index.php?rest_route=%2Fwp%2Fv2%2Fmedia&parent=5566"}],"wp:term":[{"taxonomy":"product_cat","embeddable":true,"href":"https:\/\/latelier-mouche.fr\/index.php?rest_route=%2Fwp%2Fv2%2Fproduct_cat&post=5566"},{"taxonomy":"product_tag","embeddable":true,"href":"https:\/\/latelier-mouche.fr\/index.php?rest_route=%2Fwp%2Fv2%2Fproduct_tag&post=5566"}],"curies":[{"name":"wp","href":"https:\/\/api.w.org\/{rel}","templated":true}]}}