{"id":5563,"date":"2026-01-30T16:27:12","date_gmt":"2026-01-30T15:27:12","guid":{"rendered":"https:\/\/latelier-mouche.fr\/?post_type=product&#038;p=5563"},"modified":"2026-02-02T14:59:31","modified_gmt":"2026-02-02T13:59:31","slug":"pack-reservoir","status":"publish","type":"product","link":"https:\/\/latelier-mouche.fr\/?product=pack-reservoir","title":{"rendered":"Pack R\u00e9servoir"},"content":{"rendered":"<p>&nbsp;<\/p>\n<div class=\"row bg-gris_light mb-5\"><\/div>\n","protected":false},"excerpt":{"rendered":"<p>\u2013 La\u00a0<strong data-start=\"1509\" data-end=\"1549\">canne T39 \u2013 10\u2019 \u2013 soie 6\/7 \u2013 4 brins<\/strong>\u00a0offre une action parfaitement adapt\u00e9e aux p\u00eaches en r\u00e9servoir. Sa longueur permet de contr\u00f4ler de longues d\u00e9rives, tandis que sa puissance assure une ma\u00eetrise optimale des poissons combatifs.<br data-start=\"1741\" data-end=\"1744\" \/>\u2013 Le\u00a0<strong data-start=\"1749\" data-end=\"1768\">kit moulinet A4<\/strong>, fiable et robuste, apporte un excellent \u00e9quilibre \u00e0 l\u2019ensemble tout en assurant une r\u00e9cup\u00e9ration fluide.<br data-start=\"1874\" data-end=\"1877\" \/>\u2013 Le pack inclut deux soies compl\u00e9mentaires :<br data-start=\"1922\" data-end=\"1925\" \/>\u2003\u2013\u00a0<strong data-start=\"1928\" data-end=\"1949\">CASTLAKE WF 6\/7 I<\/strong>\u00a0pour les p\u00eaches en surface ou semi-immerg\u00e9es<br data-start=\"1994\" data-end=\"1997\" \/>\u2003\u2013\u00a0<strong data-start=\"2000\" data-end=\"2022\">CASTLAKE WF 6\/7 S3<\/strong>\u00a0pour atteindre rapidement les couches interm\u00e9diaires<br data-start=\"2075\" data-end=\"2078\" \/>\u2013 Gr\u00e2ce \u00e0 ces deux soies, le Pack R\u00e9servoir couvre efficacement la majorit\u00e9 des situations rencontr\u00e9es en plan d\u2019eau.<br data-start=\"2195\" data-end=\"2198\" \/>\u2013 Le\u00a0<strong data-start=\"2203\" data-end=\"2226\">backing 100 m blanc<\/strong>\u00a0et la\u00a0<strong data-start=\"2233\" data-end=\"2269\">queue de rat SPEED 3,70 \u2013 20\/100<\/strong>\u00a0compl\u00e8tent l\u2019ensemble, permettant une installation imm\u00e9diate sans montage suppl\u00e9mentaire.<\/p>\n<div class=\"separator transparent \"><\/div>\n<h2 data-start=\"2414\" data-end=\"2463\"><strong data-start=\"2416\" data-end=\"2463\">Un choix id\u00e9al pour progresser efficacement<\/strong><\/h2>\n","protected":false},"featured_media":5636,"comment_status":"closed","ping_status":"closed","template":"","meta":{"_monsterinsights_skip_tracking":false,"_monsterinsights_sitenote_active":false,"_monsterinsights_sitenote_note":"","_monsterinsights_sitenote_category":0,"site-sidebar-layout":"default","site-content-layout":"content-boxed-container","ast-global-header-display":"","ast-banner-title-visibility":"","ast-main-header-display":"","ast-hfb-above-header-display":"","ast-hfb-below-header-display":"","ast-hfb-mobile-header-display":"","site-post-title":"","ast-breadcrumbs-content":"","ast-featured-img":"","footer-sml-layout":"","theme-transparent-header-meta":"default","adv-header-id-meta":"","stick-header-meta":"","header-above-stick-meta":"","header-main-stick-meta":"","header-below-stick-meta":""},"product_cat":[51],"product_tag":[],"aioseo_notices":[],"_links":{"self":[{"href":"https:\/\/latelier-mouche.fr\/index.php?rest_route=\/wp\/v2\/product\/5563"}],"collection":[{"href":"https:\/\/latelier-mouche.fr\/index.php?rest_route=\/wp\/v2\/product"}],"about":[{"href":"https:\/\/latelier-mouche.fr\/index.php?rest_route=\/wp\/v2\/types\/product"}],"replies":[{"embeddable":true,"href":"https:\/\/latelier-mouche.fr\/index.php?rest_route=%2Fwp%2Fv2%2Fcomments&post=5563"}],"version-history":[{"count":1,"href":"https:\/\/latelier-mouche.fr\/index.php?rest_route=\/wp\/v2\/product\/5563\/revisions"}],"predecessor-version":[{"id":5565,"href":"https:\/\/latelier-mouche.fr\/index.php?rest_route=\/wp\/v2\/product\/5563\/revisions\/5565"}],"wp:featuredmedia":[{"embeddable":true,"href":"https:\/\/latelier-mouche.fr\/index.php?rest_route=\/wp\/v2\/media\/5636"}],"wp:attachment":[{"href":"https:\/\/latelier-mouche.fr\/index.php?rest_route=%2Fwp%2Fv2%2Fmedia&parent=5563"}],"wp:term":[{"taxonomy":"product_cat","embeddable":true,"href":"https:\/\/latelier-mouche.fr\/index.php?rest_route=%2Fwp%2Fv2%2Fproduct_cat&post=5563"},{"taxonomy":"product_tag","embeddable":true,"href":"https:\/\/latelier-mouche.fr\/index.php?rest_route=%2Fwp%2Fv2%2Fproduct_tag&post=5563"}],"curies":[{"name":"wp","href":"https:\/\/api.w.org\/{rel}","templated":true}]}}