{"id":5560,"date":"2026-01-30T16:03:53","date_gmt":"2026-01-30T15:03:53","guid":{"rendered":"https:\/\/latelier-mouche.fr\/?post_type=product&#038;p=5560"},"modified":"2026-02-02T15:00:42","modified_gmt":"2026-02-02T14:00:42","slug":"pack-nymphe","status":"publish","type":"product","link":"https:\/\/latelier-mouche.fr\/?product=pack-nymphe","title":{"rendered":"Pack Nymphe"},"content":{"rendered":"<p>&nbsp;<\/p>\n<div class=\"row bg-gris_light mb-5\"><\/div>\n","protected":false},"excerpt":{"rendered":"<h2 data-start=\"1532\" data-end=\"1571\"><strong data-start=\"1534\" data-end=\"1571\">Un ensemble complet pr\u00eat \u00e0 p\u00eacher<\/strong><\/h2>\n<div class=\"separator transparent \"><\/div>\n<p>\u2013 La\u00a0<strong data-start=\"1578\" data-end=\"1619\">canne T39 \u2013 10\u20196 \u2013 soie 2\/3 \u2013 4 brins<\/strong>\u00a0dispose d\u2019une action con\u00e7ue pour maximiser la d\u00e9tection de la moindre touche tout en offrant des d\u00e9rives ma\u00eetris\u00e9es.<br data-start=\"1736\" data-end=\"1739\" \/>\u2013 Le\u00a0<strong data-start=\"1744\" data-end=\"1765\">moulinet D131 3\/5<\/strong>, robuste et dot\u00e9 d\u2019un large arbor, assure une r\u00e9cup\u00e9ration fluide et un \u00e9quilibre parfait avec la canne.<br data-start=\"1870\" data-end=\"1873\" \/>\u2013 La\u00a0<strong data-start=\"1878\" data-end=\"1909\">soie FLYKLASS PP NYMPH 0,55<\/strong>\u00a0est pens\u00e9e pour les p\u00eaches techniques en nymphe : fine, discr\u00e8te et dot\u00e9e d\u2019une excellente glisse pour un contr\u00f4le pr\u00e9cis de la ligne.<br data-start=\"2044\" data-end=\"2047\" \/>\u2013 Le\u00a0<strong data-start=\"2052\" data-end=\"2074\">backing 25 m blanc<\/strong>\u00a0et la\u00a0<strong data-start=\"2081\" data-end=\"2117\">queue de rat ALIOX 4,90 \u2013 12\/100<\/strong>\u00a0compl\u00e8tent l\u2019ensemble, permettant de p\u00eacher imm\u00e9diatement sans r\u00e9glages suppl\u00e9mentaires.<\/p>\n<div class=\"separator transparent \"><\/div>\n<h2 data-start=\"2261\" data-end=\"2309\"><strong data-start=\"2263\" data-end=\"2309\">Un choix id\u00e9al pour les p\u00eacheurs exigeants<\/strong><\/h2>\n<div class=\"separator transparent \"><\/div>\n<p>Le\u00a0<strong data-start=\"2314\" data-end=\"2329\">Pack Nymphe<\/strong>\u00a0s\u2019adresse aux p\u00eacheurs souhaitant disposer d\u2019un mat\u00e9riel performant pour affiner leurs d\u00e9rives, am\u00e9liorer leurs sensations et r\u00e9ussir sur les poissons les plus techniques. Son \u00e9quilibre g\u00e9n\u00e9ral et la qualit\u00e9 des composants en font un ensemble durable, pens\u00e9 pour accompagner une progression s\u00e9rieuse vers une p\u00eache pr\u00e9cise et ma\u00eetris\u00e9e<\/p>\n","protected":false},"featured_media":5637,"comment_status":"closed","ping_status":"closed","template":"","meta":{"_monsterinsights_skip_tracking":false,"_monsterinsights_sitenote_active":false,"_monsterinsights_sitenote_note":"","_monsterinsights_sitenote_category":0,"site-sidebar-layout":"default","site-content-layout":"content-boxed-container","ast-global-header-display":"","ast-banner-title-visibility":"","ast-main-header-display":"","ast-hfb-above-header-display":"","ast-hfb-below-header-display":"","ast-hfb-mobile-header-display":"","site-post-title":"","ast-breadcrumbs-content":"","ast-featured-img":"","footer-sml-layout":"","theme-transparent-header-meta":"default","adv-header-id-meta":"","stick-header-meta":"","header-above-stick-meta":"","header-main-stick-meta":"","header-below-stick-meta":""},"product_cat":[51],"product_tag":[],"aioseo_notices":[],"_links":{"self":[{"href":"https:\/\/latelier-mouche.fr\/index.php?rest_route=\/wp\/v2\/product\/5560"}],"collection":[{"href":"https:\/\/latelier-mouche.fr\/index.php?rest_route=\/wp\/v2\/product"}],"about":[{"href":"https:\/\/latelier-mouche.fr\/index.php?rest_route=\/wp\/v2\/types\/product"}],"replies":[{"embeddable":true,"href":"https:\/\/latelier-mouche.fr\/index.php?rest_route=%2Fwp%2Fv2%2Fcomments&post=5560"}],"version-history":[{"count":2,"href":"https:\/\/latelier-mouche.fr\/index.php?rest_route=\/wp\/v2\/product\/5560\/revisions"}],"predecessor-version":[{"id":5638,"href":"https:\/\/latelier-mouche.fr\/index.php?rest_route=\/wp\/v2\/product\/5560\/revisions\/5638"}],"wp:featuredmedia":[{"embeddable":true,"href":"https:\/\/latelier-mouche.fr\/index.php?rest_route=\/wp\/v2\/media\/5637"}],"wp:attachment":[{"href":"https:\/\/latelier-mouche.fr\/index.php?rest_route=%2Fwp%2Fv2%2Fmedia&parent=5560"}],"wp:term":[{"taxonomy":"product_cat","embeddable":true,"href":"https:\/\/latelier-mouche.fr\/index.php?rest_route=%2Fwp%2Fv2%2Fproduct_cat&post=5560"},{"taxonomy":"product_tag","embeddable":true,"href":"https:\/\/latelier-mouche.fr\/index.php?rest_route=%2Fwp%2Fv2%2Fproduct_tag&post=5560"}],"curies":[{"name":"wp","href":"https:\/\/api.w.org\/{rel}","templated":true}]}}