{"id":5556,"date":"2026-01-30T15:55:40","date_gmt":"2026-01-30T14:55:40","guid":{"rendered":"https:\/\/latelier-mouche.fr\/?post_type=product&#038;p=5556"},"modified":"2026-02-02T15:02:21","modified_gmt":"2026-02-02T14:02:21","slug":"pack-seche","status":"publish","type":"product","link":"https:\/\/latelier-mouche.fr\/?product=pack-seche","title":{"rendered":"Pack SECHE"},"content":{"rendered":"<p>&nbsp;<\/p>\n<div class=\"row bg-gris_light mb-5\"><\/div>\n","protected":false},"excerpt":{"rendered":"<p>\u2013 Le c\u0153ur du Pack S\u00e8che repose sur une\u00a0<strong data-start=\"1497\" data-end=\"1536\">canne T35 \u2013 9\u2019 \u2013 soie 4\/5 \u2013 4 brins<\/strong>, offrant une action id\u00e9ale pour les d\u00e9butants : suffisamment souple pour accompagner l\u2019apprentissage, mais assez pr\u00e9cise pour r\u00e9ussir les premiers lancers d\u00e9licats.<br data-start=\"1701\" data-end=\"1704\" \/>\u2013 Elle est associ\u00e9e \u00e0 un\u00a0<strong data-start=\"1729\" data-end=\"1756\">moulinet A76 taille 3\/5<\/strong>, l\u00e9ger et fiable, garantissant une excellente r\u00e9cup\u00e9ration et un parfait \u00e9quilibre avec la canne.<br data-start=\"1854\" data-end=\"1857\" \/>\u2013 La soie\u00a0<strong data-start=\"1867\" data-end=\"1881\">COACH DT5F<\/strong>\u00a0est d\u00e9j\u00e0 mont\u00e9e, assurant une flottabilit\u00e9 optimale et une grande facilit\u00e9 de contr\u00f4le lors des d\u00e9rives.<br data-start=\"1986\" data-end=\"1989\" \/>\u2013 Le\u00a0<strong data-start=\"1994\" data-end=\"2016\">backing 25 m blanc<\/strong>\u00a0et la\u00a0<strong data-start=\"2023\" data-end=\"2059\">queue de rat SPEED 3,70 \u2013 12\/100<\/strong>\u00a0compl\u00e8tent l\u2019ensemble, permettant de partir directement au bord de l\u2019eau sans aucun r\u00e9glage suppl\u00e9mentaire.<\/p>\n<div class=\"separator transparent \"><\/div>\n<h2 data-start=\"2224\" data-end=\"2290\"><strong data-start=\"2226\" data-end=\"2290\">Un rapport qualit\u00e9-prix id\u00e9al pour d\u00e9buter la p\u00eache en s\u00e8che<\/strong><\/h2>\n<div class=\"separator transparent \"><\/div>\n<p>Le\u00a0<strong data-start=\"2295\" data-end=\"2309\">Pack S\u00e8che<\/strong>\u00a0repr\u00e9sente un excellent choix pour toute personne souhaitant acqu\u00e9rir un premier ensemble complet, simple et efficace. Con\u00e7u pour accompagner les premi\u00e8res ann\u00e9es de pratique, il permet de d\u00e9couvrir la p\u00eache \u00e0 la mouche dans les meilleures conditions, tout en b\u00e9n\u00e9ficiant d\u2019un mat\u00e9riel robuste et durable.<\/p>\n","protected":false},"featured_media":5639,"comment_status":"closed","ping_status":"closed","template":"","meta":{"_monsterinsights_skip_tracking":false,"_monsterinsights_sitenote_active":false,"_monsterinsights_sitenote_note":"","_monsterinsights_sitenote_category":0,"site-sidebar-layout":"default","site-content-layout":"content-boxed-container","ast-global-header-display":"","ast-banner-title-visibility":"","ast-main-header-display":"","ast-hfb-above-header-display":"","ast-hfb-below-header-display":"","ast-hfb-mobile-header-display":"","site-post-title":"","ast-breadcrumbs-content":"","ast-featured-img":"","footer-sml-layout":"","theme-transparent-header-meta":"default","adv-header-id-meta":"","stick-header-meta":"","header-above-stick-meta":"","header-main-stick-meta":"","header-below-stick-meta":""},"product_cat":[51],"product_tag":[],"aioseo_notices":[],"_links":{"self":[{"href":"https:\/\/latelier-mouche.fr\/index.php?rest_route=\/wp\/v2\/product\/5556"}],"collection":[{"href":"https:\/\/latelier-mouche.fr\/index.php?rest_route=\/wp\/v2\/product"}],"about":[{"href":"https:\/\/latelier-mouche.fr\/index.php?rest_route=\/wp\/v2\/types\/product"}],"replies":[{"embeddable":true,"href":"https:\/\/latelier-mouche.fr\/index.php?rest_route=%2Fwp%2Fv2%2Fcomments&post=5556"}],"version-history":[{"count":2,"href":"https:\/\/latelier-mouche.fr\/index.php?rest_route=\/wp\/v2\/product\/5556\/revisions"}],"predecessor-version":[{"id":5559,"href":"https:\/\/latelier-mouche.fr\/index.php?rest_route=\/wp\/v2\/product\/5556\/revisions\/5559"}],"wp:featuredmedia":[{"embeddable":true,"href":"https:\/\/latelier-mouche.fr\/index.php?rest_route=\/wp\/v2\/media\/5639"}],"wp:attachment":[{"href":"https:\/\/latelier-mouche.fr\/index.php?rest_route=%2Fwp%2Fv2%2Fmedia&parent=5556"}],"wp:term":[{"taxonomy":"product_cat","embeddable":true,"href":"https:\/\/latelier-mouche.fr\/index.php?rest_route=%2Fwp%2Fv2%2Fproduct_cat&post=5556"},{"taxonomy":"product_tag","embeddable":true,"href":"https:\/\/latelier-mouche.fr\/index.php?rest_route=%2Fwp%2Fv2%2Fproduct_tag&post=5556"}],"curies":[{"name":"wp","href":"https:\/\/api.w.org\/{rel}","templated":true}]}}