{"id":5541,"date":"2025-11-01T17:26:38","date_gmt":"2025-11-01T16:26:38","guid":{"rendered":"https:\/\/latelier-mouche.fr\/?post_type=product&#038;p=5541"},"modified":"2025-11-01T17:28:35","modified_gmt":"2025-11-01T16:28:35","slug":"porte-outils","status":"publish","type":"product","link":"https:\/\/latelier-mouche.fr\/?product=porte-outils","title":{"rendered":"PORTE OUTILS"},"content":{"rendered":"<p>&nbsp;<\/p>\n<div class=\"row bg-gris_light mb-5\"><\/div>\n","protected":false},"excerpt":{"rendered":"<div id=\"text_content\" class=\"content my-3\">\n<p>Cette station porte-outils en aluminium usin\u00e9 est enti\u00e8rement fabriqu\u00e9e en Fance. Elle s\u2019adapte \u00e0 de nombreux \u00e9taux. Parfaitement \u00e9tudi\u00e9e, la station permettra au monteur d\u2019avoir de tous ses outils de montage \u00e0 port\u00e9e de main.<\/p>\n<\/div>\n<div id=\"text_presentation\" class=\"content my-3\">\n<p>Station porte outils en aluminium usin\u00e9<br \/>\n\u2022 permet de disposer de tous les outils \u00e0 port\u00e9e de main<br \/>\n\u2022 trous de rangements divers diam\u00e8tres<br \/>\n\u2022 rivets de suspension<br \/>\n\u2022 compatible tous type d\u2019\u00e9taux<br \/>\n\u2022 Fabriqu\u00e9 en France<\/p>\n<\/div>\n","protected":false},"featured_media":5542,"comment_status":"closed","ping_status":"closed","template":"","meta":{"_monsterinsights_skip_tracking":false,"_monsterinsights_sitenote_active":false,"_monsterinsights_sitenote_note":"","_monsterinsights_sitenote_category":0,"site-sidebar-layout":"default","site-content-layout":"content-boxed-container","ast-global-header-display":"","ast-banner-title-visibility":"","ast-main-header-display":"","ast-hfb-above-header-display":"","ast-hfb-below-header-display":"","ast-hfb-mobile-header-display":"","site-post-title":"","ast-breadcrumbs-content":"","ast-featured-img":"","footer-sml-layout":"","theme-transparent-header-meta":"default","adv-header-id-meta":"","stick-header-meta":"","header-above-stick-meta":"","header-main-stick-meta":"","header-below-stick-meta":""},"product_cat":[81],"product_tag":[],"aioseo_notices":[],"_links":{"self":[{"href":"https:\/\/latelier-mouche.fr\/index.php?rest_route=\/wp\/v2\/product\/5541"}],"collection":[{"href":"https:\/\/latelier-mouche.fr\/index.php?rest_route=\/wp\/v2\/product"}],"about":[{"href":"https:\/\/latelier-mouche.fr\/index.php?rest_route=\/wp\/v2\/types\/product"}],"replies":[{"embeddable":true,"href":"https:\/\/latelier-mouche.fr\/index.php?rest_route=%2Fwp%2Fv2%2Fcomments&post=5541"}],"version-history":[{"count":1,"href":"https:\/\/latelier-mouche.fr\/index.php?rest_route=\/wp\/v2\/product\/5541\/revisions"}],"predecessor-version":[{"id":5543,"href":"https:\/\/latelier-mouche.fr\/index.php?rest_route=\/wp\/v2\/product\/5541\/revisions\/5543"}],"wp:featuredmedia":[{"embeddable":true,"href":"https:\/\/latelier-mouche.fr\/index.php?rest_route=\/wp\/v2\/media\/5542"}],"wp:attachment":[{"href":"https:\/\/latelier-mouche.fr\/index.php?rest_route=%2Fwp%2Fv2%2Fmedia&parent=5541"}],"wp:term":[{"taxonomy":"product_cat","embeddable":true,"href":"https:\/\/latelier-mouche.fr\/index.php?rest_route=%2Fwp%2Fv2%2Fproduct_cat&post=5541"},{"taxonomy":"product_tag","embeddable":true,"href":"https:\/\/latelier-mouche.fr\/index.php?rest_route=%2Fwp%2Fv2%2Fproduct_tag&post=5541"}],"curies":[{"name":"wp","href":"https:\/\/api.w.org\/{rel}","templated":true}]}}