{"id":5526,"date":"2025-11-01T17:10:40","date_gmt":"2025-11-01T16:10:40","guid":{"rendered":"https:\/\/latelier-mouche.fr\/?post_type=product&#038;p=5526"},"modified":"2025-11-01T17:13:47","modified_gmt":"2025-11-01T16:13:47","slug":"loupe-frontale-dlx","status":"publish","type":"product","link":"https:\/\/latelier-mouche.fr\/?product=loupe-frontale-dlx","title":{"rendered":"LOUPE FRONTALE DLX"},"content":{"rendered":"<p>&nbsp;<\/p>\n<div class=\"row bg-gris_light mb-5\"><\/div>\n","protected":false},"excerpt":{"rendered":"<div id=\"text_content\" class=\"content my-3\">\n<p>Cette loupe frontale articul\u00e9e livr\u00e9e avec deux optiques grossissantes et interchangeables (2,5x et 4x) augmentte la pr\u00e9cision dans le montage et facilite la vie les personnes ayant des probl\u00e8mes de vue.<\/p>\n<\/div>\n<div id=\"text_presentation\" class=\"content my-3\">\n<p>Loupe frontale livr\u00e9e avec deux optiques grossissantes et interchangeables (2,5x et 4x)<br \/>\n\u2022 Pour les personnes ayant des probl\u00e8mes de vue et d\u00e9sirant b\u00e9n\u00e9ficier d\u2019une grande pr\u00e9cision dans le montage<br \/>\n\u2022 Articulation frontale pour la monter ou la descendre sans difficult\u00e9<\/p>\n<\/div>\n","protected":false},"featured_media":5527,"comment_status":"closed","ping_status":"closed","template":"","meta":{"_monsterinsights_skip_tracking":false,"_monsterinsights_sitenote_active":false,"_monsterinsights_sitenote_note":"","_monsterinsights_sitenote_category":0,"site-sidebar-layout":"default","site-content-layout":"content-boxed-container","ast-global-header-display":"","ast-banner-title-visibility":"","ast-main-header-display":"","ast-hfb-above-header-display":"","ast-hfb-below-header-display":"","ast-hfb-mobile-header-display":"","site-post-title":"","ast-breadcrumbs-content":"","ast-featured-img":"","footer-sml-layout":"","theme-transparent-header-meta":"default","adv-header-id-meta":"","stick-header-meta":"","header-above-stick-meta":"","header-main-stick-meta":"","header-below-stick-meta":""},"product_cat":[81],"product_tag":[],"aioseo_notices":[],"_links":{"self":[{"href":"https:\/\/latelier-mouche.fr\/index.php?rest_route=\/wp\/v2\/product\/5526"}],"collection":[{"href":"https:\/\/latelier-mouche.fr\/index.php?rest_route=\/wp\/v2\/product"}],"about":[{"href":"https:\/\/latelier-mouche.fr\/index.php?rest_route=\/wp\/v2\/types\/product"}],"replies":[{"embeddable":true,"href":"https:\/\/latelier-mouche.fr\/index.php?rest_route=%2Fwp%2Fv2%2Fcomments&post=5526"}],"version-history":[{"count":1,"href":"https:\/\/latelier-mouche.fr\/index.php?rest_route=\/wp\/v2\/product\/5526\/revisions"}],"predecessor-version":[{"id":5528,"href":"https:\/\/latelier-mouche.fr\/index.php?rest_route=\/wp\/v2\/product\/5526\/revisions\/5528"}],"wp:featuredmedia":[{"embeddable":true,"href":"https:\/\/latelier-mouche.fr\/index.php?rest_route=\/wp\/v2\/media\/5527"}],"wp:attachment":[{"href":"https:\/\/latelier-mouche.fr\/index.php?rest_route=%2Fwp%2Fv2%2Fmedia&parent=5526"}],"wp:term":[{"taxonomy":"product_cat","embeddable":true,"href":"https:\/\/latelier-mouche.fr\/index.php?rest_route=%2Fwp%2Fv2%2Fproduct_cat&post=5526"},{"taxonomy":"product_tag","embeddable":true,"href":"https:\/\/latelier-mouche.fr\/index.php?rest_route=%2Fwp%2Fv2%2Fproduct_tag&post=5526"}],"curies":[{"name":"wp","href":"https:\/\/api.w.org\/{rel}","templated":true}]}}