{"id":5491,"date":"2025-10-30T20:47:16","date_gmt":"2025-10-30T19:47:16","guid":{"rendered":"https:\/\/latelier-mouche.fr\/?post_type=product&#038;p=5491"},"modified":"2025-10-30T20:49:29","modified_gmt":"2025-10-30T19:49:29","slug":"gravity","status":"publish","type":"product","link":"https:\/\/latelier-mouche.fr\/?product=gravity","title":{"rendered":"Gravity"},"content":{"rendered":"<p>&nbsp;<\/p>\n<p>&nbsp;<\/p>\n<div class=\"row bg-gris_light mb-5\"><\/div>\n","protected":false},"excerpt":{"rendered":"<div id=\"text_content\" class=\"content my-3\">\n<div id=\"text_content\" class=\"content my-3\">\n<p>Le Rev\u00eatement NFT \u00ab\u00a0No-friction technology\u00a0\u00bb des soies JMC Idole offre une glisse exceptionnelle. Fines et particuli\u00e8rement souples, elles permettent une pr\u00e9sentation pr\u00e9cise et d\u00e9licate de l\u2019imitation.<\/p>\n<\/div>\n<div id=\"text_presentation\" class=\"content my-3\">\n<p>Rev\u00eatement NFT\u00ae \u00ab No-friction technology \u00bb<br \/>\n\u2022 Glisse exceptionnelle<br \/>\n\u2022 Fines et particuli\u00e8rement souples<br \/>\n\u2022 Pour une pr\u00e9sentation pr\u00e9cise et d\u00e9licate de l\u2019imitation<br \/>\n\u2022 Profils tr\u00e8s r\u00e9guliers con\u00e7us pour des lancers sans effort \u00e0 toutes distances<br \/>\n\u2022 Pas de m\u00e9moire et r\u00e9sistantes \u00e0 l\u2019abrasion<br \/>\n\u2022 boucl\u00e9es aux extr\u00eamit\u00e9s<br \/>\n\u2022 27 m\u00e8tres.<\/p>\n<\/div>\n<\/div>\n","protected":false},"featured_media":5505,"comment_status":"closed","ping_status":"closed","template":"","meta":{"_monsterinsights_skip_tracking":false,"_monsterinsights_sitenote_active":false,"_monsterinsights_sitenote_note":"","_monsterinsights_sitenote_category":0,"site-sidebar-layout":"default","site-content-layout":"content-boxed-container","ast-global-header-display":"","ast-banner-title-visibility":"","ast-main-header-display":"","ast-hfb-above-header-display":"","ast-hfb-below-header-display":"","ast-hfb-mobile-header-display":"","site-post-title":"","ast-breadcrumbs-content":"","ast-featured-img":"","footer-sml-layout":"","theme-transparent-header-meta":"default","adv-header-id-meta":"","stick-header-meta":"","header-above-stick-meta":"","header-main-stick-meta":"","header-below-stick-meta":""},"product_cat":[63],"product_tag":[],"aioseo_notices":[],"_links":{"self":[{"href":"https:\/\/latelier-mouche.fr\/index.php?rest_route=\/wp\/v2\/product\/5491"}],"collection":[{"href":"https:\/\/latelier-mouche.fr\/index.php?rest_route=\/wp\/v2\/product"}],"about":[{"href":"https:\/\/latelier-mouche.fr\/index.php?rest_route=\/wp\/v2\/types\/product"}],"replies":[{"embeddable":true,"href":"https:\/\/latelier-mouche.fr\/index.php?rest_route=%2Fwp%2Fv2%2Fcomments&post=5491"}],"version-history":[{"count":1,"href":"https:\/\/latelier-mouche.fr\/index.php?rest_route=\/wp\/v2\/product\/5491\/revisions"}],"predecessor-version":[{"id":5506,"href":"https:\/\/latelier-mouche.fr\/index.php?rest_route=\/wp\/v2\/product\/5491\/revisions\/5506"}],"wp:featuredmedia":[{"embeddable":true,"href":"https:\/\/latelier-mouche.fr\/index.php?rest_route=\/wp\/v2\/media\/5505"}],"wp:attachment":[{"href":"https:\/\/latelier-mouche.fr\/index.php?rest_route=%2Fwp%2Fv2%2Fmedia&parent=5491"}],"wp:term":[{"taxonomy":"product_cat","embeddable":true,"href":"https:\/\/latelier-mouche.fr\/index.php?rest_route=%2Fwp%2Fv2%2Fproduct_cat&post=5491"},{"taxonomy":"product_tag","embeddable":true,"href":"https:\/\/latelier-mouche.fr\/index.php?rest_route=%2Fwp%2Fv2%2Fproduct_tag&post=5491"}],"curies":[{"name":"wp","href":"https:\/\/api.w.org\/{rel}","templated":true}]}}