{"id":5408,"date":"2025-06-29T18:33:48","date_gmt":"2025-06-29T16:33:48","guid":{"rendered":"https:\/\/latelier-mouche.fr\/?post_type=product&#038;p=5408"},"modified":"2025-06-29T18:37:12","modified_gmt":"2025-06-29T16:37:12","slug":"redington-trailblazer","status":"publish","type":"product","link":"https:\/\/latelier-mouche.fr\/?product=redington-trailblazer","title":{"rendered":"REDINGTON TRAILBLAZER"},"content":{"rendered":"","protected":false},"excerpt":{"rendered":"<p>Canne Redington TrailBlazer, une canne en 6 brins pour randonner ou partir en voyage sans s&rsquo;encombrer.<br \/>\nFacile \u00e0 ranger, \u00e0 loger dans un coffre de voiture, dans un sac \u00e0 dos.<br \/>\nAction rapide, l\u00e9g\u00e8re, pr\u00e9cise.<br \/>\nLa 7&rsquo;6 soie 3 est particuli\u00e8rement adapt\u00e9e \u00e0 la p\u00eache en petites rivi\u00e8res encombr\u00e9es ou pour p\u00eacher les bordures des plus grands cours d&rsquo;eau.<br \/>\n\u2022 Longueur : 7&rsquo;6<br \/>\n\u2022 Poids : 66g<br \/>\n\u2022 Soie : 3<br \/>\n\u2022 Nbr de brins : 6<br \/>\n\u2022 Action : moyenne rapid<\/p>\n","protected":false},"featured_media":5423,"comment_status":"closed","ping_status":"closed","template":"","meta":{"_monsterinsights_skip_tracking":false,"_monsterinsights_sitenote_active":false,"_monsterinsights_sitenote_note":"","_monsterinsights_sitenote_category":0,"site-sidebar-layout":"default","site-content-layout":"content-boxed-container","ast-global-header-display":"","ast-banner-title-visibility":"","ast-main-header-display":"","ast-hfb-above-header-display":"","ast-hfb-below-header-display":"","ast-hfb-mobile-header-display":"","site-post-title":"","ast-breadcrumbs-content":"","ast-featured-img":"","footer-sml-layout":"","theme-transparent-header-meta":"default","adv-header-id-meta":"","stick-header-meta":"","header-above-stick-meta":"","header-main-stick-meta":"","header-below-stick-meta":""},"product_cat":[78],"product_tag":[],"aioseo_notices":[],"_links":{"self":[{"href":"https:\/\/latelier-mouche.fr\/index.php?rest_route=\/wp\/v2\/product\/5408"}],"collection":[{"href":"https:\/\/latelier-mouche.fr\/index.php?rest_route=\/wp\/v2\/product"}],"about":[{"href":"https:\/\/latelier-mouche.fr\/index.php?rest_route=\/wp\/v2\/types\/product"}],"replies":[{"embeddable":true,"href":"https:\/\/latelier-mouche.fr\/index.php?rest_route=%2Fwp%2Fv2%2Fcomments&post=5408"}],"version-history":[{"count":1,"href":"https:\/\/latelier-mouche.fr\/index.php?rest_route=\/wp\/v2\/product\/5408\/revisions"}],"predecessor-version":[{"id":5426,"href":"https:\/\/latelier-mouche.fr\/index.php?rest_route=\/wp\/v2\/product\/5408\/revisions\/5426"}],"wp:featuredmedia":[{"embeddable":true,"href":"https:\/\/latelier-mouche.fr\/index.php?rest_route=\/wp\/v2\/media\/5423"}],"wp:attachment":[{"href":"https:\/\/latelier-mouche.fr\/index.php?rest_route=%2Fwp%2Fv2%2Fmedia&parent=5408"}],"wp:term":[{"taxonomy":"product_cat","embeddable":true,"href":"https:\/\/latelier-mouche.fr\/index.php?rest_route=%2Fwp%2Fv2%2Fproduct_cat&post=5408"},{"taxonomy":"product_tag","embeddable":true,"href":"https:\/\/latelier-mouche.fr\/index.php?rest_route=%2Fwp%2Fv2%2Fproduct_tag&post=5408"}],"curies":[{"name":"wp","href":"https:\/\/api.w.org\/{rel}","templated":true}]}}