{"id":5370,"date":"2025-06-28T18:20:25","date_gmt":"2025-06-28T16:20:25","guid":{"rendered":"https:\/\/latelier-mouche.fr\/?post_type=product&#038;p=5370"},"modified":"2025-06-28T18:27:21","modified_gmt":"2025-06-28T16:27:21","slug":"redington-strike-2-euro-nymph","status":"publish","type":"product","link":"https:\/\/latelier-mouche.fr\/?product=redington-strike-2-euro-nymph","title":{"rendered":"REDINGTON STRIKE 2 EURO NYMPH"},"content":{"rendered":"","protected":false},"excerpt":{"rendered":"<p>Redington propose sur cette s\u00e9rie de cannes \u00e0 mouches avec une section de pointe extra-sensible pour des sensations toujours plus intenses lors de vos sorties de p\u00eache en nymphe au fil<\/p>\n<ul>\n<li>Action medium-fast.<\/li>\n<li>Poign\u00e9e li\u00e8ge qualit\u00e9 A.<\/li>\n<li>Porte-moulinet skeleton alu anodis\u00e9 usin\u00e9 avec petit talon de combat court.<\/li>\n<li>Anneaux monopattes noirs.<\/li>\n<li>Blank carbone mat, discret et l\u00e9ger.<\/li>\n<li>Scion vernis d\u2019une couche d\u2019epoxy protectrice en cas de micro-chocs.<\/li>\n<li>Livr\u00e9e avec son tube de protection et compartiment\u00e9.<\/li>\n<\/ul>\n","protected":false},"featured_media":5385,"comment_status":"closed","ping_status":"closed","template":"","meta":{"_monsterinsights_skip_tracking":false,"_monsterinsights_sitenote_active":false,"_monsterinsights_sitenote_note":"","_monsterinsights_sitenote_category":0,"site-sidebar-layout":"default","site-content-layout":"content-boxed-container","ast-global-header-display":"","ast-banner-title-visibility":"","ast-main-header-display":"","ast-hfb-above-header-display":"","ast-hfb-below-header-display":"","ast-hfb-mobile-header-display":"","site-post-title":"","ast-breadcrumbs-content":"","ast-featured-img":"","footer-sml-layout":"","theme-transparent-header-meta":"default","adv-header-id-meta":"","stick-header-meta":"","header-above-stick-meta":"","header-main-stick-meta":"","header-below-stick-meta":""},"product_cat":[78],"product_tag":[],"aioseo_notices":[],"_links":{"self":[{"href":"https:\/\/latelier-mouche.fr\/index.php?rest_route=\/wp\/v2\/product\/5370"}],"collection":[{"href":"https:\/\/latelier-mouche.fr\/index.php?rest_route=\/wp\/v2\/product"}],"about":[{"href":"https:\/\/latelier-mouche.fr\/index.php?rest_route=\/wp\/v2\/types\/product"}],"replies":[{"embeddable":true,"href":"https:\/\/latelier-mouche.fr\/index.php?rest_route=%2Fwp%2Fv2%2Fcomments&post=5370"}],"version-history":[{"count":1,"href":"https:\/\/latelier-mouche.fr\/index.php?rest_route=\/wp\/v2\/product\/5370\/revisions"}],"predecessor-version":[{"id":5386,"href":"https:\/\/latelier-mouche.fr\/index.php?rest_route=\/wp\/v2\/product\/5370\/revisions\/5386"}],"wp:featuredmedia":[{"embeddable":true,"href":"https:\/\/latelier-mouche.fr\/index.php?rest_route=\/wp\/v2\/media\/5385"}],"wp:attachment":[{"href":"https:\/\/latelier-mouche.fr\/index.php?rest_route=%2Fwp%2Fv2%2Fmedia&parent=5370"}],"wp:term":[{"taxonomy":"product_cat","embeddable":true,"href":"https:\/\/latelier-mouche.fr\/index.php?rest_route=%2Fwp%2Fv2%2Fproduct_cat&post=5370"},{"taxonomy":"product_tag","embeddable":true,"href":"https:\/\/latelier-mouche.fr\/index.php?rest_route=%2Fwp%2Fv2%2Fproduct_tag&post=5370"}],"curies":[{"name":"wp","href":"https:\/\/api.w.org\/{rel}","templated":true}]}}