{"id":5350,"date":"2025-06-28T17:40:56","date_gmt":"2025-06-28T15:40:56","guid":{"rendered":"https:\/\/latelier-mouche.fr\/?post_type=product&#038;p=5350"},"modified":"2025-06-28T18:11:16","modified_gmt":"2025-06-28T16:11:16","slug":"redington-wrangler","status":"publish","type":"product","link":"https:\/\/latelier-mouche.fr\/?product=redington-wrangler","title":{"rendered":"REDINGTON WRANGLER"},"content":{"rendered":"","protected":false},"excerpt":{"rendered":"<p>Les cannes REDINGTON WRANGLER ont \u00e9t\u00e9 con\u00e7ues pour \u00e9quiper les p\u00eacheurs soucieux d&rsquo;acqu\u00e9rir un mat\u00e9riel s\u00e9rieux a un prix \u00e9tudi\u00e9.\u00a0Ces cannes sont \u00e9labor\u00e9es par des p\u00eacheurs pour de p\u00eacheurs, elles r\u00e9pondent \u00e0 des crit\u00e8res de qualit\u00e9 \u00e9lev\u00e9s, elles sont d&rsquo;ailleurs garanties a vie. En choisissant REDINGTON, vous faites le choix de la fiabilit\u00e9 et de la performance.<\/p>\n<p><strong>\u2022<\/strong> Porte-moulinet en aluminium anodis\u00e9<\/p>\n<p><strong>\u2022<\/strong> Poign\u00e9e en li\u00e8ge de type cigare pour les cannes 4,5 et 6<\/p>\n<p><strong>\u2022\u00a0<\/strong>Points d&rsquo;alignement pour faciliter le montage de la canne<\/p>\n<p><strong>\u2022\u00a0<\/strong>Livr\u00e9e dans un fourreau rigide de protection.<\/p>\n","protected":false},"featured_media":5365,"comment_status":"closed","ping_status":"closed","template":"","meta":{"_monsterinsights_skip_tracking":false,"_monsterinsights_sitenote_active":false,"_monsterinsights_sitenote_note":"","_monsterinsights_sitenote_category":0,"site-sidebar-layout":"default","site-content-layout":"content-boxed-container","ast-global-header-display":"","ast-banner-title-visibility":"","ast-main-header-display":"","ast-hfb-above-header-display":"","ast-hfb-below-header-display":"","ast-hfb-mobile-header-display":"","site-post-title":"","ast-breadcrumbs-content":"","ast-featured-img":"","footer-sml-layout":"","theme-transparent-header-meta":"default","adv-header-id-meta":"","stick-header-meta":"","header-above-stick-meta":"","header-main-stick-meta":"","header-below-stick-meta":""},"product_cat":[78],"product_tag":[],"aioseo_notices":[],"_links":{"self":[{"href":"https:\/\/latelier-mouche.fr\/index.php?rest_route=\/wp\/v2\/product\/5350"}],"collection":[{"href":"https:\/\/latelier-mouche.fr\/index.php?rest_route=\/wp\/v2\/product"}],"about":[{"href":"https:\/\/latelier-mouche.fr\/index.php?rest_route=\/wp\/v2\/types\/product"}],"replies":[{"embeddable":true,"href":"https:\/\/latelier-mouche.fr\/index.php?rest_route=%2Fwp%2Fv2%2Fcomments&post=5350"}],"version-history":[{"count":2,"href":"https:\/\/latelier-mouche.fr\/index.php?rest_route=\/wp\/v2\/product\/5350\/revisions"}],"predecessor-version":[{"id":5369,"href":"https:\/\/latelier-mouche.fr\/index.php?rest_route=\/wp\/v2\/product\/5350\/revisions\/5369"}],"wp:featuredmedia":[{"embeddable":true,"href":"https:\/\/latelier-mouche.fr\/index.php?rest_route=\/wp\/v2\/media\/5365"}],"wp:attachment":[{"href":"https:\/\/latelier-mouche.fr\/index.php?rest_route=%2Fwp%2Fv2%2Fmedia&parent=5350"}],"wp:term":[{"taxonomy":"product_cat","embeddable":true,"href":"https:\/\/latelier-mouche.fr\/index.php?rest_route=%2Fwp%2Fv2%2Fproduct_cat&post=5350"},{"taxonomy":"product_tag","embeddable":true,"href":"https:\/\/latelier-mouche.fr\/index.php?rest_route=%2Fwp%2Fv2%2Fproduct_tag&post=5350"}],"curies":[{"name":"wp","href":"https:\/\/api.w.org\/{rel}","templated":true}]}}