{"id":5296,"date":"2025-04-28T18:29:42","date_gmt":"2025-04-28T16:29:42","guid":{"rendered":"https:\/\/latelier-mouche.fr\/?post_type=product&#038;p=5296"},"modified":"2025-04-28T18:46:35","modified_gmt":"2025-04-28T16:46:35","slug":"redington-classic-trout","status":"publish","type":"product","link":"https:\/\/latelier-mouche.fr\/?product=redington-classic-trout","title":{"rendered":"REDINGTON CLASSIC TROUT"},"content":{"rendered":"","protected":false},"excerpt":{"rendered":"<p>superbes cannes \u00e0 mouche avec une action moyenne rapide pour des pos\u00e9s en douceur. Con\u00e7ue\u00a0 pour les p\u00eacheurs qui aiment les actions plus lentes et les p\u00eaches avec des pointes les plus fines<\/p>\n<p>&#8211; Elles sont fabriqu\u00e9es \u00e0 partir du graphite Toray.<br \/>\n&#8211; La poign\u00e9e est en li\u00e8ge du Portugal de qualit\u00e9 A.<br \/>\n&#8211; Le porte moulinet en alu est sur un support imitant le bois de rose.<br \/>\nLivr\u00e9es dans un tube de protection cordura.<\/p>\n","protected":false},"featured_media":5311,"comment_status":"closed","ping_status":"closed","template":"","meta":{"_monsterinsights_skip_tracking":false,"_monsterinsights_sitenote_active":false,"_monsterinsights_sitenote_note":"","_monsterinsights_sitenote_category":0,"site-sidebar-layout":"default","site-content-layout":"content-boxed-container","ast-global-header-display":"","ast-banner-title-visibility":"","ast-main-header-display":"","ast-hfb-above-header-display":"","ast-hfb-below-header-display":"","ast-hfb-mobile-header-display":"","site-post-title":"","ast-breadcrumbs-content":"","ast-featured-img":"","footer-sml-layout":"","theme-transparent-header-meta":"default","adv-header-id-meta":"","stick-header-meta":"","header-above-stick-meta":"","header-main-stick-meta":"","header-below-stick-meta":""},"product_cat":[78],"product_tag":[],"aioseo_notices":[],"_links":{"self":[{"href":"https:\/\/latelier-mouche.fr\/index.php?rest_route=\/wp\/v2\/product\/5296"}],"collection":[{"href":"https:\/\/latelier-mouche.fr\/index.php?rest_route=\/wp\/v2\/product"}],"about":[{"href":"https:\/\/latelier-mouche.fr\/index.php?rest_route=\/wp\/v2\/types\/product"}],"replies":[{"embeddable":true,"href":"https:\/\/latelier-mouche.fr\/index.php?rest_route=%2Fwp%2Fv2%2Fcomments&post=5296"}],"version-history":[{"count":1,"href":"https:\/\/latelier-mouche.fr\/index.php?rest_route=\/wp\/v2\/product\/5296\/revisions"}],"predecessor-version":[{"id":5314,"href":"https:\/\/latelier-mouche.fr\/index.php?rest_route=\/wp\/v2\/product\/5296\/revisions\/5314"}],"wp:featuredmedia":[{"embeddable":true,"href":"https:\/\/latelier-mouche.fr\/index.php?rest_route=\/wp\/v2\/media\/5311"}],"wp:attachment":[{"href":"https:\/\/latelier-mouche.fr\/index.php?rest_route=%2Fwp%2Fv2%2Fmedia&parent=5296"}],"wp:term":[{"taxonomy":"product_cat","embeddable":true,"href":"https:\/\/latelier-mouche.fr\/index.php?rest_route=%2Fwp%2Fv2%2Fproduct_cat&post=5296"},{"taxonomy":"product_tag","embeddable":true,"href":"https:\/\/latelier-mouche.fr\/index.php?rest_route=%2Fwp%2Fv2%2Fproduct_tag&post=5296"}],"curies":[{"name":"wp","href":"https:\/\/api.w.org\/{rel}","templated":true}]}}