{"id":5256,"date":"2025-04-27T21:24:55","date_gmt":"2025-04-27T19:24:55","guid":{"rendered":"https:\/\/latelier-mouche.fr\/?post_type=product&#038;p=5256"},"modified":"2025-04-27T21:50:22","modified_gmt":"2025-04-27T19:50:22","slug":"redington-edc","status":"publish","type":"product","link":"https:\/\/latelier-mouche.fr\/?product=redington-edc","title":{"rendered":"REDINGTON EDC"},"content":{"rendered":"","protected":false},"excerpt":{"rendered":"<p>Qu\u2019il s\u2019agisse de pr\u00e9sentations d\u00e9licates dans des ruisseaux tranquilles ou de p\u00eacher en r\u00e9servoir, cette s\u00e9rie de cannes offre \u00e0 la fois la puissance et la finesse n\u00e9cessaires pour fonctionner sans faille dans n\u2019importe quel environnement. Que vous soyez un p\u00eacheur chevronn\u00e9 ou un amateur novice, la canne \u00e0 mouche EDC est la nouvelle r\u00e9f\u00e9rence de chez Redington en mati\u00e8re de canne \u00e0 mouche tout terrain hyper polyvalente<\/p>\n<p>\u2022 Action rapide et polyvalente<br \/>\n\u2022 Anneaux serpentiformes chrom\u00e9s noirs<br \/>\n\u2022 Accroche mouche cach\u00e9 usin\u00e9 dans le porte-moulinet<br \/>\n\u2022 Points d\u2019alignement<br \/>\n\u2022 Porte-moulinet en aluminium anodis\u00e9 pr\u00eat pour l\u2019eau sal\u00e9e sur tous les mod\u00e8les.<\/p>\n","protected":false},"featured_media":5272,"comment_status":"closed","ping_status":"closed","template":"","meta":{"_monsterinsights_skip_tracking":false,"_monsterinsights_sitenote_active":false,"_monsterinsights_sitenote_note":"","_monsterinsights_sitenote_category":0,"site-sidebar-layout":"default","site-content-layout":"content-boxed-container","ast-global-header-display":"","ast-banner-title-visibility":"","ast-main-header-display":"","ast-hfb-above-header-display":"","ast-hfb-below-header-display":"","ast-hfb-mobile-header-display":"","site-post-title":"","ast-breadcrumbs-content":"","ast-featured-img":"","footer-sml-layout":"","theme-transparent-header-meta":"default","adv-header-id-meta":"","stick-header-meta":"","header-above-stick-meta":"","header-main-stick-meta":"","header-below-stick-meta":""},"product_cat":[78],"product_tag":[],"aioseo_notices":[],"_links":{"self":[{"href":"https:\/\/latelier-mouche.fr\/index.php?rest_route=\/wp\/v2\/product\/5256"}],"collection":[{"href":"https:\/\/latelier-mouche.fr\/index.php?rest_route=\/wp\/v2\/product"}],"about":[{"href":"https:\/\/latelier-mouche.fr\/index.php?rest_route=\/wp\/v2\/types\/product"}],"replies":[{"embeddable":true,"href":"https:\/\/latelier-mouche.fr\/index.php?rest_route=%2Fwp%2Fv2%2Fcomments&post=5256"}],"version-history":[{"count":2,"href":"https:\/\/latelier-mouche.fr\/index.php?rest_route=\/wp\/v2\/product\/5256\/revisions"}],"predecessor-version":[{"id":5276,"href":"https:\/\/latelier-mouche.fr\/index.php?rest_route=\/wp\/v2\/product\/5256\/revisions\/5276"}],"wp:featuredmedia":[{"embeddable":true,"href":"https:\/\/latelier-mouche.fr\/index.php?rest_route=\/wp\/v2\/media\/5272"}],"wp:attachment":[{"href":"https:\/\/latelier-mouche.fr\/index.php?rest_route=%2Fwp%2Fv2%2Fmedia&parent=5256"}],"wp:term":[{"taxonomy":"product_cat","embeddable":true,"href":"https:\/\/latelier-mouche.fr\/index.php?rest_route=%2Fwp%2Fv2%2Fproduct_cat&post=5256"},{"taxonomy":"product_tag","embeddable":true,"href":"https:\/\/latelier-mouche.fr\/index.php?rest_route=%2Fwp%2Fv2%2Fproduct_tag&post=5256"}],"curies":[{"name":"wp","href":"https:\/\/api.w.org\/{rel}","templated":true}]}}