{"id":5218,"date":"2025-04-25T18:10:39","date_gmt":"2025-04-25T16:10:39","guid":{"rendered":"https:\/\/latelier-mouche.fr\/?post_type=product&#038;p=5218"},"modified":"2025-04-25T18:49:22","modified_gmt":"2025-04-25T16:49:22","slug":"sage-esn","status":"publish","type":"product","link":"https:\/\/latelier-mouche.fr\/?product=sage-esn","title":{"rendered":"SAGE ESN"},"content":{"rendered":"<hr \/>\n<p>Mod\u00e8le\u00a0 \u00a0 \u00a0 \u00a0 \u00a0 \u00a0 \u00a0 \u00a0 \u00a0 \u00a0 \u00a0 \u00a0 \u00a0 \u00a0 \u00a0 \u00a0 \u00a0 \u00a0 \u00a0 \u00a0 Poids\u00a0 \u00a0 \u00a0 \u00a0 \u00a0 \u00a0 \u00a0 \u00a0 \u00a0 \u00a0 \u00a0 \u00a0 \u00a0 \u00a0 \u2205\u00a0 \u00a0 \u00a0 \u00a0 \u00a0 \u00a0 \u00a0 \u00a0 \u00a0Largeur\u00a0 \u00a0 \u00a0 \u00a0 \u00a0 \u00a0 \u00a0 \u00a0 \u00a0 \u00a0 \u00a0 \u00a0 \u00a0 \u00a0 \u00a0 \u00a0 \u00a0 \u00a0 \u00a0 \u00a0 \u00a0 \u00a0 \u00a0 \u00a0 Capacit\u00e9<\/p>\n<p>1 seule taille\u00a0 \u00a0 \u00a0 \u00a0 \u00a0 \u00a0 \u00a0 \u00a0 \u00a0 \u00a0 \u00a0 \u00a0 \u00a0 \u00a0 \u00a0 \u00a0 \u00a0140G\u00a0 \u00a0 \u00a0 \u00a0 \u00a0 \u00a0 \u00a0 \u00a0 \u00a0 \u00a0 \u00a0 \u00a098mm\u00a0 \u00a0 \u00a0 \u00a0 \u00a0 \u00a0 \u00a027mm\u00a0 \u00a0 \u00a0 \u00a0 \u00a0 \u00a0 \u00a0 \u00a0 \u00a0 \u00a0 \u00a0 \u00a0 \u00a0 \u00a0 \u00a0 Soie FIPS Euro Nymph+75yds\/20lb<\/p>\n<hr \/>\n<p>&nbsp;<\/p>\n","protected":false},"excerpt":{"rendered":"<p>Con\u00e7u avec une suite de fonctionnalit\u00e9s sp\u00e9ciales, le moulinet ESN est destin\u00e9 sp\u00e9cialement \u00e0 la p\u00eache \u00e0 la nymphe avec des soies sp\u00e9ciale Euro Nymphe tr\u00e8s fines. (synth\u00e9tiques ou naturelles)<\/p>\n<p><strong>Livr\u00e9 avec 3 masses pour affiner l&rsquo;\u00e9quilibrage de la canne et du moulinet<\/strong><\/p>\n<p><strong>\u2022 1 masse de 14g<\/strong><br \/>\n<strong>\u2022 1 masse de 28g<\/strong><br \/>\n<strong>\u2022 1 masse de 43g<\/strong><\/p>\n<p>&#8211; Un syst\u00e8me unique d\u2019ajout de poids permet aux p\u00eacheurs d\u2019\u00e9quilibrer n\u2019importe quelle canne type Euro Nymphe.<br \/>\n&#8211; Construit autour d\u2019une bobine ultra mince et de grand diam\u00e8tre minimisant ainsi la n\u00e9cessit\u00e9 de guider la soie sur la bobine<br \/>\navec le doigt.<br \/>\n&#8211; Un b\u00e2ti de moulinet qui emp\u00eache la soie de se faufiler entre le corps et la bobine.<br \/>\n&#8211; Frein en carbone ultra pr\u00e9cis et tr\u00e8s doux.<br \/>\n&#8211; Bobine large arbor avec le fond concave pour augmenter la capacit\u00e9.<br \/>\n&#8211; Changement de bobine rapide et facile.<br \/>\n&#8211; Convertible droitier\/gaucher<br \/>\n&#8211; Housse de protection n\u00e9opr\u00e8ne.<\/p>\n","protected":false},"featured_media":5233,"comment_status":"closed","ping_status":"closed","template":"","meta":{"_monsterinsights_skip_tracking":false,"_monsterinsights_sitenote_active":false,"_monsterinsights_sitenote_note":"","_monsterinsights_sitenote_category":0,"site-sidebar-layout":"default","site-content-layout":"content-boxed-container","ast-global-header-display":"","ast-banner-title-visibility":"","ast-main-header-display":"","ast-hfb-above-header-display":"","ast-hfb-below-header-display":"","ast-hfb-mobile-header-display":"","site-post-title":"","ast-breadcrumbs-content":"","ast-featured-img":"","footer-sml-layout":"","theme-transparent-header-meta":"default","adv-header-id-meta":"","stick-header-meta":"","header-above-stick-meta":"","header-main-stick-meta":"","header-below-stick-meta":""},"product_cat":[77],"product_tag":[],"aioseo_notices":[],"_links":{"self":[{"href":"https:\/\/latelier-mouche.fr\/index.php?rest_route=\/wp\/v2\/product\/5218"}],"collection":[{"href":"https:\/\/latelier-mouche.fr\/index.php?rest_route=\/wp\/v2\/product"}],"about":[{"href":"https:\/\/latelier-mouche.fr\/index.php?rest_route=\/wp\/v2\/types\/product"}],"replies":[{"embeddable":true,"href":"https:\/\/latelier-mouche.fr\/index.php?rest_route=%2Fwp%2Fv2%2Fcomments&post=5218"}],"version-history":[{"count":1,"href":"https:\/\/latelier-mouche.fr\/index.php?rest_route=\/wp\/v2\/product\/5218\/revisions"}],"predecessor-version":[{"id":5236,"href":"https:\/\/latelier-mouche.fr\/index.php?rest_route=\/wp\/v2\/product\/5218\/revisions\/5236"}],"wp:featuredmedia":[{"embeddable":true,"href":"https:\/\/latelier-mouche.fr\/index.php?rest_route=\/wp\/v2\/media\/5233"}],"wp:attachment":[{"href":"https:\/\/latelier-mouche.fr\/index.php?rest_route=%2Fwp%2Fv2%2Fmedia&parent=5218"}],"wp:term":[{"taxonomy":"product_cat","embeddable":true,"href":"https:\/\/latelier-mouche.fr\/index.php?rest_route=%2Fwp%2Fv2%2Fproduct_cat&post=5218"},{"taxonomy":"product_tag","embeddable":true,"href":"https:\/\/latelier-mouche.fr\/index.php?rest_route=%2Fwp%2Fv2%2Fproduct_tag&post=5218"}],"curies":[{"name":"wp","href":"https:\/\/api.w.org\/{rel}","templated":true}]}}