{"id":5197,"date":"2025-04-24T18:00:10","date_gmt":"2025-04-24T16:00:10","guid":{"rendered":"https:\/\/latelier-mouche.fr\/?post_type=product&#038;p=5197"},"modified":"2025-04-24T18:22:14","modified_gmt":"2025-04-24T16:22:14","slug":"sage-arbor-xl","status":"publish","type":"product","link":"https:\/\/latelier-mouche.fr\/?product=sage-arbor-xl","title":{"rendered":"SAGE ARBOR XL"},"content":{"rendered":"","protected":false},"excerpt":{"rendered":"<p>Le moulinet SAGE ARBOR XL est con\u00e7u pour un usage multi-applications.Ces moulinets techniques sont dot\u00e9s d&rsquo;un tout nouvel axe extra-large pour une r\u00e9cup\u00e9ration ultra-rapide de la soie et d&rsquo;une bobine \u00e9troite qui permet un enroulement \u00e0 niveau sans effort. (gain de 15% en vitesse de r\u00e9cup\u00e9ration)Ce moulinet est dot\u00e9 de notre syst\u00e8me de frein puissant et progressif( Sealed Carbon System), r\u00e9gl\u00e9 pour des performances optimales (20 positions num\u00e9rot\u00e9es + 19 positions interm\u00e9diaires)Disponible en deux tailles : 4\/5\/6 et 6\/7\/8.Il est trait\u00e9 anti-corrosion et pourra aussi \u00eatre utilis\u00e9 pour les p\u00eaches en mer \u00ab\u00a0fines\u00a0\u00bb comme celle du bar ou du Bonefish.<\/p>\n<p>&#8211; Diam\u00e8tre extra-large pour un rembobinage 15% plus rapide<br \/>\n&#8211; Bobine \u00e9troite pour ne pas se soucier de l&rsquo;enroulement de la soie.<br \/>\n&#8211; Bouton de frein \u00e0 une r\u00e9volution avec 20 chiffres et 39 r\u00e9glages crant\u00e9s.<br \/>\n&#8211; Aluminium 6061-T6 de qualit\u00e9 a\u00e9rospatiale enti\u00e8rement usin\u00e9.<br \/>\n&#8211; Forg\u00e9 \u00e0 froid et tremp\u00e9 pour une r\u00e9sistance et une rigidit\u00e9 sup\u00e9rieures.<br \/>\n&#8211; Anodisation dure pour la protection de la surface et la r\u00e9sistance \u00e0 la corrosion.<br \/>\n&#8211; Poign\u00e9e ergonomique<\/p>\n<p>-Etui en n\u00e9opr\u00e8ne et brod\u00e9<\/p>\n","protected":false},"featured_media":5212,"comment_status":"closed","ping_status":"closed","template":"","meta":{"_monsterinsights_skip_tracking":false,"_monsterinsights_sitenote_active":false,"_monsterinsights_sitenote_note":"","_monsterinsights_sitenote_category":0,"site-sidebar-layout":"default","site-content-layout":"content-boxed-container","ast-global-header-display":"","ast-banner-title-visibility":"","ast-main-header-display":"","ast-hfb-above-header-display":"","ast-hfb-below-header-display":"","ast-hfb-mobile-header-display":"","site-post-title":"","ast-breadcrumbs-content":"","ast-featured-img":"","footer-sml-layout":"","theme-transparent-header-meta":"default","adv-header-id-meta":"","stick-header-meta":"","header-above-stick-meta":"","header-main-stick-meta":"","header-below-stick-meta":""},"product_cat":[77],"product_tag":[],"aioseo_notices":[],"_links":{"self":[{"href":"https:\/\/latelier-mouche.fr\/index.php?rest_route=\/wp\/v2\/product\/5197"}],"collection":[{"href":"https:\/\/latelier-mouche.fr\/index.php?rest_route=\/wp\/v2\/product"}],"about":[{"href":"https:\/\/latelier-mouche.fr\/index.php?rest_route=\/wp\/v2\/types\/product"}],"replies":[{"embeddable":true,"href":"https:\/\/latelier-mouche.fr\/index.php?rest_route=%2Fwp%2Fv2%2Fcomments&post=5197"}],"version-history":[{"count":2,"href":"https:\/\/latelier-mouche.fr\/index.php?rest_route=\/wp\/v2\/product\/5197\/revisions"}],"predecessor-version":[{"id":5217,"href":"https:\/\/latelier-mouche.fr\/index.php?rest_route=\/wp\/v2\/product\/5197\/revisions\/5217"}],"wp:featuredmedia":[{"embeddable":true,"href":"https:\/\/latelier-mouche.fr\/index.php?rest_route=\/wp\/v2\/media\/5212"}],"wp:attachment":[{"href":"https:\/\/latelier-mouche.fr\/index.php?rest_route=%2Fwp%2Fv2%2Fmedia&parent=5197"}],"wp:term":[{"taxonomy":"product_cat","embeddable":true,"href":"https:\/\/latelier-mouche.fr\/index.php?rest_route=%2Fwp%2Fv2%2Fproduct_cat&post=5197"},{"taxonomy":"product_tag","embeddable":true,"href":"https:\/\/latelier-mouche.fr\/index.php?rest_route=%2Fwp%2Fv2%2Fproduct_tag&post=5197"}],"curies":[{"name":"wp","href":"https:\/\/api.w.org\/{rel}","templated":true}]}}