{"id":5176,"date":"2025-04-19T17:45:53","date_gmt":"2025-04-19T15:45:53","guid":{"rendered":"https:\/\/latelier-mouche.fr\/?post_type=product&#038;p=5176"},"modified":"2025-04-19T18:03:09","modified_gmt":"2025-04-19T16:03:09","slug":"sage-spectrum","status":"publish","type":"product","link":"https:\/\/latelier-mouche.fr\/?product=sage-spectrum","title":{"rendered":"SAGE SPECTRUM"},"content":{"rendered":"","protected":false},"excerpt":{"rendered":"<p>Le nouveau SAGE SPECTRUM poss\u00e8de de grandes qualit\u00e9s, un frein tr\u00e8s haute performance, une robustesse incroyable capable de faire face aux pires conditions de p\u00eache. Chaque taille correspond \u00e0 un usage, chaque taille profite du m\u00eame niveau de performances, toujours adapt\u00e9 aux poissons recherch\u00e9s<\/p>\n<p>Le moulinet SAGE SPECTRUM est inspir\u00e9 de la c\u00e9l\u00e8bre S\u00e9rie 4200.Ce moulinet usin\u00e9 dans la masse d&rsquo;un Aluminium qualit\u00e9 A\u00e9rospatiale, est un vrai large arbor muni d&rsquo;un frein \u00ab\u00a0hors norme\u00a0\u00bb, haute performance, l\u00e9ger, hyper robuste , utilisable dans toutes les conditions.<\/p>\n<p>-Frein SCS ( syst\u00e8me de frein carbone parfaitement \u00e9tanche au sable , \u00e0 l&rsquo;eau et \u00e0 la poussi\u00e8re )<\/p>\n<p>&#8211; Frein\u00a0<strong>r\u00e9glable sur un seul tour de bouton, positions num\u00e9rot\u00e9es.<\/strong><br \/>\n&#8211; Bobine concave, hyper rigide, pour plus de capacit\u00e9, un meilleur rangement de la ligne lors de la r\u00e9cup\u00e9ration.<br \/>\n&#8211; Usin\u00e9 dans un aluminium 6061-T6 qualit\u00e9 a\u00e9rospatiale.<br \/>\n&#8211; B\u00e2ti et bobine forg\u00e9s \u00e0 froid pour une meilleure r\u00e9sistance et une rigidit\u00e9 augment\u00e9e.<br \/>\n&#8211; Prot\u00e9g\u00e9 par une anodisation qui augmente la r\u00e9sistance aux rayures et \u00e0 la corrosion.<br \/>\n&#8211; Poign\u00e9e ergonomique<br \/>\n&#8211; Changement de bobine rapide et facile.<br \/>\n&#8211; Convertible droitier\/gaucher<br \/>\n&#8211; Housse de protection n\u00e9opr\u00e8ne.<\/p>\n","protected":false},"featured_media":5191,"comment_status":"closed","ping_status":"closed","template":"","meta":{"_monsterinsights_skip_tracking":false,"_monsterinsights_sitenote_active":false,"_monsterinsights_sitenote_note":"","_monsterinsights_sitenote_category":0,"site-sidebar-layout":"default","site-content-layout":"content-boxed-container","ast-global-header-display":"","ast-banner-title-visibility":"","ast-main-header-display":"","ast-hfb-above-header-display":"","ast-hfb-below-header-display":"","ast-hfb-mobile-header-display":"","site-post-title":"","ast-breadcrumbs-content":"","ast-featured-img":"","footer-sml-layout":"","theme-transparent-header-meta":"default","adv-header-id-meta":"","stick-header-meta":"","header-above-stick-meta":"","header-main-stick-meta":"","header-below-stick-meta":""},"product_cat":[77],"product_tag":[],"aioseo_notices":[],"_links":{"self":[{"href":"https:\/\/latelier-mouche.fr\/index.php?rest_route=\/wp\/v2\/product\/5176"}],"collection":[{"href":"https:\/\/latelier-mouche.fr\/index.php?rest_route=\/wp\/v2\/product"}],"about":[{"href":"https:\/\/latelier-mouche.fr\/index.php?rest_route=\/wp\/v2\/types\/product"}],"replies":[{"embeddable":true,"href":"https:\/\/latelier-mouche.fr\/index.php?rest_route=%2Fwp%2Fv2%2Fcomments&post=5176"}],"version-history":[{"count":1,"href":"https:\/\/latelier-mouche.fr\/index.php?rest_route=\/wp\/v2\/product\/5176\/revisions"}],"predecessor-version":[{"id":5194,"href":"https:\/\/latelier-mouche.fr\/index.php?rest_route=\/wp\/v2\/product\/5176\/revisions\/5194"}],"wp:featuredmedia":[{"embeddable":true,"href":"https:\/\/latelier-mouche.fr\/index.php?rest_route=\/wp\/v2\/media\/5191"}],"wp:attachment":[{"href":"https:\/\/latelier-mouche.fr\/index.php?rest_route=%2Fwp%2Fv2%2Fmedia&parent=5176"}],"wp:term":[{"taxonomy":"product_cat","embeddable":true,"href":"https:\/\/latelier-mouche.fr\/index.php?rest_route=%2Fwp%2Fv2%2Fproduct_cat&post=5176"},{"taxonomy":"product_tag","embeddable":true,"href":"https:\/\/latelier-mouche.fr\/index.php?rest_route=%2Fwp%2Fv2%2Fproduct_tag&post=5176"}],"curies":[{"name":"wp","href":"https:\/\/api.w.org\/{rel}","templated":true}]}}