{"id":5157,"date":"2025-03-09T22:34:07","date_gmt":"2025-03-09T21:34:07","guid":{"rendered":"https:\/\/latelier-mouche.fr\/?post_type=product&#038;p=5157"},"modified":"2025-03-09T22:46:23","modified_gmt":"2025-03-09T21:46:23","slug":"sage-spectrum-c","status":"publish","type":"product","link":"https:\/\/latelier-mouche.fr\/?product=sage-spectrum-c","title":{"rendered":"SAGE SPECTRUM C"},"content":{"rendered":"","protected":false},"excerpt":{"rendered":"<p>Le SAGE SPECTRUM C est un moulinet \u00ab\u00a0tout terrain\u00a0\u00bb, tr\u00e8s fiable et robuste. Un frein pr\u00e9cis et progressif, \u00e9tanche \u00e0 l&rsquo;eau et \u00e0 la poussi\u00e8re.<br \/>\nCe moulinet repr\u00e9sente un excellent choix pour le p\u00eacheur qui souhaite s&rsquo;\u00e9quiper \u00e0 un prix \u00e9tudi\u00e9.<br \/>\n&#8211; La taille 3-4 est parfaite pour une petite canne \u00e0 truite de 7 \u00e0 10&prime;.<br \/>\n&#8211; La taille 5-6 \u00e9quipera une canne \u00e0 truite de 8&rsquo;6 \u00e0 10&prime;.<br \/>\n&#8211; La taille 7-8 est tr\u00e8s polyvalente pour celui qui recherche un moulinet \u00ab\u00a0r\u00e9servoir &#8211; streamer &#8211; carnassiers &#8211; migrateurs &#8211; mer\u00a0\u00bb \u00e0 une main.<br \/>\n&#8211; La taille 9-10 convient aux p\u00eaches les plus fortes comme le brochet, le saumon sur une canne \u00e0 deux mains jusqu&rsquo;\u00e0 12&rsquo;6, le bar en mer &#8230;<br \/>\nBref une s\u00e9rie compl\u00e8te pour r\u00e9pondre aux besoins de beaucoup de types de p\u00eache \u00e0 la mouche en eau douce ou en mer.<br \/>\n&#8211; Un moulinet alu qui poss\u00e8de le frein de la famille des SPECTRUM : frein \u00e0 disque carbone \u00e9tanche.<br \/>\n&#8211; Manivelle et bouton de frein usin\u00e9s dans la masse.<br \/>\n&#8211; Un excellent rapport qualit\u00e9, capable de p\u00eacher toutes les esp\u00e8ces de poissons, de la truite au brochet ou pour les migrateurs.<\/p>\n","protected":false},"featured_media":5172,"comment_status":"closed","ping_status":"closed","template":"","meta":{"_monsterinsights_skip_tracking":false,"_monsterinsights_sitenote_active":false,"_monsterinsights_sitenote_note":"","_monsterinsights_sitenote_category":0,"site-sidebar-layout":"default","site-content-layout":"content-boxed-container","ast-global-header-display":"","ast-banner-title-visibility":"","ast-main-header-display":"","ast-hfb-above-header-display":"","ast-hfb-below-header-display":"","ast-hfb-mobile-header-display":"","site-post-title":"","ast-breadcrumbs-content":"","ast-featured-img":"","footer-sml-layout":"","theme-transparent-header-meta":"default","adv-header-id-meta":"","stick-header-meta":"","header-above-stick-meta":"","header-main-stick-meta":"","header-below-stick-meta":""},"product_cat":[77],"product_tag":[],"aioseo_notices":[],"_links":{"self":[{"href":"https:\/\/latelier-mouche.fr\/index.php?rest_route=\/wp\/v2\/product\/5157"}],"collection":[{"href":"https:\/\/latelier-mouche.fr\/index.php?rest_route=\/wp\/v2\/product"}],"about":[{"href":"https:\/\/latelier-mouche.fr\/index.php?rest_route=\/wp\/v2\/types\/product"}],"replies":[{"embeddable":true,"href":"https:\/\/latelier-mouche.fr\/index.php?rest_route=%2Fwp%2Fv2%2Fcomments&post=5157"}],"version-history":[{"count":1,"href":"https:\/\/latelier-mouche.fr\/index.php?rest_route=\/wp\/v2\/product\/5157\/revisions"}],"predecessor-version":[{"id":5174,"href":"https:\/\/latelier-mouche.fr\/index.php?rest_route=\/wp\/v2\/product\/5157\/revisions\/5174"}],"wp:featuredmedia":[{"embeddable":true,"href":"https:\/\/latelier-mouche.fr\/index.php?rest_route=\/wp\/v2\/media\/5172"}],"wp:attachment":[{"href":"https:\/\/latelier-mouche.fr\/index.php?rest_route=%2Fwp%2Fv2%2Fmedia&parent=5157"}],"wp:term":[{"taxonomy":"product_cat","embeddable":true,"href":"https:\/\/latelier-mouche.fr\/index.php?rest_route=%2Fwp%2Fv2%2Fproduct_cat&post=5157"},{"taxonomy":"product_tag","embeddable":true,"href":"https:\/\/latelier-mouche.fr\/index.php?rest_route=%2Fwp%2Fv2%2Fproduct_tag&post=5157"}],"curies":[{"name":"wp","href":"https:\/\/api.w.org\/{rel}","templated":true}]}}