{"id":5138,"date":"2025-03-09T21:18:09","date_gmt":"2025-03-09T20:18:09","guid":{"rendered":"https:\/\/latelier-mouche.fr\/?post_type=product&#038;p=5138"},"modified":"2025-03-09T21:38:00","modified_gmt":"2025-03-09T20:38:00","slug":"le-pret-a-pecher-foundation","status":"publish","type":"product","link":"https:\/\/latelier-mouche.fr\/?product=le-pret-a-pecher-foundation","title":{"rendered":"Le pr\u00eat-\u00e0-p\u00eacher FOUNDATION"},"content":{"rendered":"<div class=\"row bg-gris_light mb-5\">Composition pr\u00eat-\u00e0-p\u00eacher:<\/div>\n<div>-La canne SAGE FOUNDATION 9&prime; en 4 brins.<\/div>\n<div>-Le moulinet SAGE s\u00e9rie Spectrum C adapt\u00e9 \u00e0 la puissance de la canne et \u00e0 la soie.<\/div>\n<div>-La Soie Rio Gold WF Flottante.<\/div>\n<div>-Le Backing Rio 20lb<\/div>\n<div>-Un bas de ligne Rio adapt\u00e9.<\/div>\n<div>-Le fourreau rigide SAGE compartiment\u00e9 pour ranger et prot\u00e9ger l&rsquo;ensemble.<\/div>\n","protected":false},"excerpt":{"rendered":"<p>Ce graphite est reconnu pour ses performances de lancer et de pr\u00e9cision.<\/p>\n<p>Fabriqu\u00e9e au USA par SAGE, vous \u00eates certain de faire un tr\u00e8s bon choix .<\/p>\n<p>Action plut\u00f4t rapide, tr\u00e8s pr\u00e9cise et l\u00e9g\u00e8re.<\/p>\n<ul>\n<li>Graphite IIIe<\/li>\n<li>Couleur \u00ab\u00a0stealth black mat\u00a0\u00bb<\/li>\n<li>Ligatures noires et liser\u00e9 argent<\/li>\n<li>Anneaux de d\u00e9part c\u00e9ramique<\/li>\n<li>Anneaux serpentiformes chrom\u00e9s durs<\/li>\n<li>Porte-moulinet noir mat anodis\u00e9<\/li>\n<li>Poign\u00e9e reverse<\/li>\n<li>Tube de protection rigide type cordura avec compartiments<\/li>\n<li>Fabriqu\u00e9es aux USA<\/li>\n<\/ul>\n","protected":false},"featured_media":5153,"comment_status":"closed","ping_status":"closed","template":"","meta":{"_monsterinsights_skip_tracking":false,"_monsterinsights_sitenote_active":false,"_monsterinsights_sitenote_note":"","_monsterinsights_sitenote_category":0,"site-sidebar-layout":"default","site-content-layout":"content-boxed-container","ast-global-header-display":"","ast-banner-title-visibility":"","ast-main-header-display":"","ast-hfb-above-header-display":"","ast-hfb-below-header-display":"","ast-hfb-mobile-header-display":"","site-post-title":"","ast-breadcrumbs-content":"","ast-featured-img":"","footer-sml-layout":"","theme-transparent-header-meta":"default","adv-header-id-meta":"","stick-header-meta":"","header-above-stick-meta":"","header-main-stick-meta":"","header-below-stick-meta":""},"product_cat":[76],"product_tag":[],"aioseo_notices":[],"_links":{"self":[{"href":"https:\/\/latelier-mouche.fr\/index.php?rest_route=\/wp\/v2\/product\/5138"}],"collection":[{"href":"https:\/\/latelier-mouche.fr\/index.php?rest_route=\/wp\/v2\/product"}],"about":[{"href":"https:\/\/latelier-mouche.fr\/index.php?rest_route=\/wp\/v2\/types\/product"}],"replies":[{"embeddable":true,"href":"https:\/\/latelier-mouche.fr\/index.php?rest_route=%2Fwp%2Fv2%2Fcomments&post=5138"}],"version-history":[{"count":1,"href":"https:\/\/latelier-mouche.fr\/index.php?rest_route=\/wp\/v2\/product\/5138\/revisions"}],"predecessor-version":[{"id":5154,"href":"https:\/\/latelier-mouche.fr\/index.php?rest_route=\/wp\/v2\/product\/5138\/revisions\/5154"}],"wp:featuredmedia":[{"embeddable":true,"href":"https:\/\/latelier-mouche.fr\/index.php?rest_route=\/wp\/v2\/media\/5153"}],"wp:attachment":[{"href":"https:\/\/latelier-mouche.fr\/index.php?rest_route=%2Fwp%2Fv2%2Fmedia&parent=5138"}],"wp:term":[{"taxonomy":"product_cat","embeddable":true,"href":"https:\/\/latelier-mouche.fr\/index.php?rest_route=%2Fwp%2Fv2%2Fproduct_cat&post=5138"},{"taxonomy":"product_tag","embeddable":true,"href":"https:\/\/latelier-mouche.fr\/index.php?rest_route=%2Fwp%2Fv2%2Fproduct_tag&post=5138"}],"curies":[{"name":"wp","href":"https:\/\/api.w.org\/{rel}","templated":true}]}}