{"id":5119,"date":"2025-03-09T19:33:10","date_gmt":"2025-03-09T18:33:10","guid":{"rendered":"https:\/\/latelier-mouche.fr\/?post_type=product&#038;p=5119"},"modified":"2025-03-09T21:42:21","modified_gmt":"2025-03-09T20:42:21","slug":"sage-fondation","status":"publish","type":"product","link":"https:\/\/latelier-mouche.fr\/?product=sage-fondation","title":{"rendered":"SAGE FOUNDATION"},"content":{"rendered":"<div class=\"row bg-gris_light mb-5\"><\/div>\n","protected":false},"excerpt":{"rendered":"<p>Ce graphite est reconnu pour ses performances de lancer et de pr\u00e9cision.<\/p>\n<p>Fabriqu\u00e9e au USA par SAGE, vous \u00eates certain de faire un tr\u00e8s bon choix .<\/p>\n<p>Action plut\u00f4t rapide, tr\u00e8s pr\u00e9cise et l\u00e9g\u00e8re.<\/p>\n<ul>\n<li>Graphite IIIe<\/li>\n<li>Couleur \u00ab\u00a0stealth black mat\u00a0\u00bb<\/li>\n<li>Ligatures noires et liser\u00e9 argent<\/li>\n<li>Anneaux de d\u00e9part c\u00e9ramique<\/li>\n<li>Anneaux serpentiformes chrom\u00e9s durs<\/li>\n<li>Porte-moulinet noir mat anodis\u00e9<\/li>\n<li>Poign\u00e9e reverse<\/li>\n<li>Tube de protection rigide type cordura avec compartiments<\/li>\n<li>Fabriqu\u00e9es aux USA<\/li>\n<\/ul>\n","protected":false},"featured_media":5134,"comment_status":"closed","ping_status":"closed","template":"","meta":{"_monsterinsights_skip_tracking":false,"_monsterinsights_sitenote_active":false,"_monsterinsights_sitenote_note":"","_monsterinsights_sitenote_category":0,"site-sidebar-layout":"default","site-content-layout":"content-boxed-container","ast-global-header-display":"","ast-banner-title-visibility":"","ast-main-header-display":"","ast-hfb-above-header-display":"","ast-hfb-below-header-display":"","ast-hfb-mobile-header-display":"","site-post-title":"","ast-breadcrumbs-content":"","ast-featured-img":"","footer-sml-layout":"","theme-transparent-header-meta":"default","adv-header-id-meta":"","stick-header-meta":"","header-above-stick-meta":"","header-main-stick-meta":"","header-below-stick-meta":""},"product_cat":[76],"product_tag":[],"aioseo_notices":[],"_links":{"self":[{"href":"https:\/\/latelier-mouche.fr\/index.php?rest_route=\/wp\/v2\/product\/5119"}],"collection":[{"href":"https:\/\/latelier-mouche.fr\/index.php?rest_route=\/wp\/v2\/product"}],"about":[{"href":"https:\/\/latelier-mouche.fr\/index.php?rest_route=\/wp\/v2\/types\/product"}],"replies":[{"embeddable":true,"href":"https:\/\/latelier-mouche.fr\/index.php?rest_route=%2Fwp%2Fv2%2Fcomments&post=5119"}],"version-history":[{"count":2,"href":"https:\/\/latelier-mouche.fr\/index.php?rest_route=\/wp\/v2\/product\/5119\/revisions"}],"predecessor-version":[{"id":5155,"href":"https:\/\/latelier-mouche.fr\/index.php?rest_route=\/wp\/v2\/product\/5119\/revisions\/5155"}],"wp:featuredmedia":[{"embeddable":true,"href":"https:\/\/latelier-mouche.fr\/index.php?rest_route=\/wp\/v2\/media\/5134"}],"wp:attachment":[{"href":"https:\/\/latelier-mouche.fr\/index.php?rest_route=%2Fwp%2Fv2%2Fmedia&parent=5119"}],"wp:term":[{"taxonomy":"product_cat","embeddable":true,"href":"https:\/\/latelier-mouche.fr\/index.php?rest_route=%2Fwp%2Fv2%2Fproduct_cat&post=5119"},{"taxonomy":"product_tag","embeddable":true,"href":"https:\/\/latelier-mouche.fr\/index.php?rest_route=%2Fwp%2Fv2%2Fproduct_tag&post=5119"}],"curies":[{"name":"wp","href":"https:\/\/api.w.org\/{rel}","templated":true}]}}