{"id":5098,"date":"2025-03-09T17:58:30","date_gmt":"2025-03-09T16:58:30","guid":{"rendered":"https:\/\/latelier-mouche.fr\/?post_type=product&#038;p=5098"},"modified":"2025-03-09T18:36:27","modified_gmt":"2025-03-09T17:36:27","slug":"sage-sense","status":"publish","type":"product","link":"https:\/\/latelier-mouche.fr\/?product=sage-sense","title":{"rendered":"SAGE SENSE"},"content":{"rendered":"<div class=\"row bg-gris_light mb-5\"><\/div>\n","protected":false},"excerpt":{"rendered":"<p><strong>La canne SAGE ESN HD est\u00a0 d\u00e9velopp\u00e9e sp\u00e9cifiquement pour la technique de p\u00eache \u00e0 la nymphe\u00a0 \u00abeurop\u00e9enne\u00bb.<br \/>\nC&rsquo;EST une action moyenne rapide sp\u00e9cifique pour ce type de p\u00eache. Des composants optimis\u00e9s et une esth\u00e9tique discr\u00e8te en font un outil parfait pour ceux qui cherchent \u00e0 tirer le meilleur parti de cette technique de p\u00eache.<br \/>\nEquip\u00e9e du Blank\u00a0 \u00a0\u00bbGeneration 5 Technology\u00a0\u00bb ,l&rsquo;action de la SENSE commence par un scion souple pour une efficacit\u00e9 et une sensation optimale avec des bas de lignes fins, en descendant, le scion fait place a un talon puissant permettant aux p\u00eacheurs de combattre et de\u00a0 contr\u00f4ler les poissons tout en gardant la ligne tendu tout au long du combat et permettre une mise \u00e0 l&rsquo;\u00e9puisette rapide<\/strong><\/p>\n<p>Une fois le poisson ferr\u00e9, le scion absorbe les chocs et emp\u00eache les vibrations qui pourraient nuires \u00e0 la pointe fine du bas de ligne .<\/p>\n<ul>\n<li>Blank Technologie Generation 5<\/li>\n<li>Couleur du Blank \u00ab gris\u00bb<\/li>\n<li>Ligatures noires<\/li>\n<li>Anneau de d\u00e9part Fuji l\u00e9ger, positionn\u00e9 de fa\u00e7on optimale pour la p\u00eache sous la canne.<\/li>\n<li>Anneaux mono-pattes chrom\u00e9s durs<\/li>\n<li>Porte-moulinet \u00e0 verrouillage vers le bas en aluminium anodis\u00e9 noir mat<\/li>\n<li style=\"font-size: 16px;\">Tube de canne en nylon noir robuste<\/li>\n<li>Fabriqu\u00e9es aux USA<\/li>\n<\/ul>\n","protected":false},"featured_media":5113,"comment_status":"closed","ping_status":"closed","template":"","meta":{"_monsterinsights_skip_tracking":false,"_monsterinsights_sitenote_active":false,"_monsterinsights_sitenote_note":"","_monsterinsights_sitenote_category":0,"site-sidebar-layout":"default","site-content-layout":"content-boxed-container","ast-global-header-display":"","ast-banner-title-visibility":"","ast-main-header-display":"","ast-hfb-above-header-display":"","ast-hfb-below-header-display":"","ast-hfb-mobile-header-display":"","site-post-title":"","ast-breadcrumbs-content":"","ast-featured-img":"","footer-sml-layout":"","theme-transparent-header-meta":"default","adv-header-id-meta":"","stick-header-meta":"","header-above-stick-meta":"","header-main-stick-meta":"","header-below-stick-meta":""},"product_cat":[76],"product_tag":[],"aioseo_notices":[],"_links":{"self":[{"href":"https:\/\/latelier-mouche.fr\/index.php?rest_route=\/wp\/v2\/product\/5098"}],"collection":[{"href":"https:\/\/latelier-mouche.fr\/index.php?rest_route=\/wp\/v2\/product"}],"about":[{"href":"https:\/\/latelier-mouche.fr\/index.php?rest_route=\/wp\/v2\/types\/product"}],"replies":[{"embeddable":true,"href":"https:\/\/latelier-mouche.fr\/index.php?rest_route=%2Fwp%2Fv2%2Fcomments&post=5098"}],"version-history":[{"count":1,"href":"https:\/\/latelier-mouche.fr\/index.php?rest_route=\/wp\/v2\/product\/5098\/revisions"}],"predecessor-version":[{"id":5117,"href":"https:\/\/latelier-mouche.fr\/index.php?rest_route=\/wp\/v2\/product\/5098\/revisions\/5117"}],"wp:featuredmedia":[{"embeddable":true,"href":"https:\/\/latelier-mouche.fr\/index.php?rest_route=\/wp\/v2\/media\/5113"}],"wp:attachment":[{"href":"https:\/\/latelier-mouche.fr\/index.php?rest_route=%2Fwp%2Fv2%2Fmedia&parent=5098"}],"wp:term":[{"taxonomy":"product_cat","embeddable":true,"href":"https:\/\/latelier-mouche.fr\/index.php?rest_route=%2Fwp%2Fv2%2Fproduct_cat&post=5098"},{"taxonomy":"product_tag","embeddable":true,"href":"https:\/\/latelier-mouche.fr\/index.php?rest_route=%2Fwp%2Fv2%2Fproduct_tag&post=5098"}],"curies":[{"name":"wp","href":"https:\/\/api.w.org\/{rel}","templated":true}]}}