{"id":5079,"date":"2025-03-09T17:07:25","date_gmt":"2025-03-09T16:07:25","guid":{"rendered":"https:\/\/latelier-mouche.fr\/?post_type=product&#038;p=5079"},"modified":"2025-03-09T17:41:07","modified_gmt":"2025-03-09T16:41:07","slug":"sage-dart","status":"publish","type":"product","link":"https:\/\/latelier-mouche.fr\/?product=sage-dart","title":{"rendered":"SAGE DART"},"content":{"rendered":"<div class=\"row bg-gris_light mb-5\"><\/div>\n","protected":false},"excerpt":{"rendered":"<p>La canne\u00a0 SAGE \u00a0\u00bb DART\u00a0\u00bbest incroyablement efficace lorsqu&rsquo;il s&rsquo;agit de p\u00eacher de petites rivi\u00e8res, action rapide mais pas trop, capable de placer une mouche\u00a0 \u00e0 5 m\u00e8tres sur un timbre poste . Hyper pr\u00e9cise , elle propulse la ligne, le bas de ligne\u00a0 et la mouche\u00a0 l\u00e0 ou vous le souhaitez, dans peu d&rsquo;espace, peu importe les branches et les autres obstacles .<\/p>\n<p>Elles est faites pour p\u00eacher les bordures encombr\u00e9es,les petits ruisseaux jamais p\u00each\u00e9s. 5mod\u00e8les en\u00a0 7&rsquo;6 soie 0\u00e0 4 et 1 mod\u00e8le en 6&rsquo;6 soie 3, au total 6 mod\u00e8les tous plus agr\u00e9ables et performants les unes que les autres.<\/p>\n<ul>\n<li>Technologie Konnetic HD<\/li>\n<li>3 brins<\/li>\n<li>Blank couleur vert kaki<\/li>\n<li>Ligatures couleur bronze et liser\u00e9s or<\/li>\n<li>Anneau de d\u00e9part Fuji ceramic<\/li>\n<li>Anneaux serpentiformes et de pointe, ultra durs chrom\u00e9s<\/li>\n<li>Porte moulinet insert bois de vera<\/li>\n<li>Poign\u00e9e li\u00e8ge qualit\u00e9 flor<\/li>\n<li>Housse tissu compartiment\u00e9es<\/li>\n<\/ul>\n","protected":false},"featured_media":5095,"comment_status":"closed","ping_status":"closed","template":"","meta":{"_monsterinsights_skip_tracking":false,"_monsterinsights_sitenote_active":false,"_monsterinsights_sitenote_note":"","_monsterinsights_sitenote_category":0,"site-sidebar-layout":"default","site-content-layout":"content-boxed-container","ast-global-header-display":"","ast-banner-title-visibility":"","ast-main-header-display":"","ast-hfb-above-header-display":"","ast-hfb-below-header-display":"","ast-hfb-mobile-header-display":"","site-post-title":"","ast-breadcrumbs-content":"","ast-featured-img":"","footer-sml-layout":"","theme-transparent-header-meta":"default","adv-header-id-meta":"","stick-header-meta":"","header-above-stick-meta":"","header-main-stick-meta":"","header-below-stick-meta":""},"product_cat":[76],"product_tag":[],"aioseo_notices":[],"_links":{"self":[{"href":"https:\/\/latelier-mouche.fr\/index.php?rest_route=\/wp\/v2\/product\/5079"}],"collection":[{"href":"https:\/\/latelier-mouche.fr\/index.php?rest_route=\/wp\/v2\/product"}],"about":[{"href":"https:\/\/latelier-mouche.fr\/index.php?rest_route=\/wp\/v2\/types\/product"}],"replies":[{"embeddable":true,"href":"https:\/\/latelier-mouche.fr\/index.php?rest_route=%2Fwp%2Fv2%2Fcomments&post=5079"}],"version-history":[{"count":1,"href":"https:\/\/latelier-mouche.fr\/index.php?rest_route=\/wp\/v2\/product\/5079\/revisions"}],"predecessor-version":[{"id":5097,"href":"https:\/\/latelier-mouche.fr\/index.php?rest_route=\/wp\/v2\/product\/5079\/revisions\/5097"}],"wp:featuredmedia":[{"embeddable":true,"href":"https:\/\/latelier-mouche.fr\/index.php?rest_route=\/wp\/v2\/media\/5095"}],"wp:attachment":[{"href":"https:\/\/latelier-mouche.fr\/index.php?rest_route=%2Fwp%2Fv2%2Fmedia&parent=5079"}],"wp:term":[{"taxonomy":"product_cat","embeddable":true,"href":"https:\/\/latelier-mouche.fr\/index.php?rest_route=%2Fwp%2Fv2%2Fproduct_cat&post=5079"},{"taxonomy":"product_tag","embeddable":true,"href":"https:\/\/latelier-mouche.fr\/index.php?rest_route=%2Fwp%2Fv2%2Fproduct_tag&post=5079"}],"curies":[{"name":"wp","href":"https:\/\/api.w.org\/{rel}","templated":true}]}}