{"id":5059,"date":"2025-03-09T16:15:48","date_gmt":"2025-03-09T15:15:48","guid":{"rendered":"https:\/\/latelier-mouche.fr\/?post_type=product&#038;p=5059"},"modified":"2025-03-09T18:37:36","modified_gmt":"2025-03-09T17:37:36","slug":"sage-esn-hd","status":"publish","type":"product","link":"https:\/\/latelier-mouche.fr\/?product=sage-esn-hd","title":{"rendered":"SAGE ESN HD"},"content":{"rendered":"<div class=\"row bg-gris_light mb-5\"><\/div>\n","protected":false},"excerpt":{"rendered":"<div id=\"text_content\" class=\"content my-3\">\n<div id=\"text_presentation\" class=\"content my-3\">\n<div id=\"text_presentation\" class=\"content my-3\">\n<div id=\"text_presentation\" class=\"content my-3\">\n<p><strong>La canne SAGE ESN HD est\u00a0 d\u00e9velopp\u00e9e sp\u00e9cifiquement pour la technique de p\u00eache \u00e0 la nymphe\u00a0 \u00abeurop\u00e9enne\u00bb.<br \/>\nFabriqu\u00e9e \u00e0 partir de la technologie Konnetic HD, elle poss\u00e8de une action incroyablement efficace pour ce type de technique propre aux comp\u00e9titeurs.<br \/>\nSensibilit\u00e9 optimale, stabilit\u00e9 hors norme, tenue de poisson parfaite, elle s\u2019adapte \u00e0 toutes les situations de p\u00eache.<br \/>\nP\u00eache sous la canne ou \u00e0 distance, petites ou grandes rivi\u00e8res.<\/strong><\/p>\n<ul>\n<li>Technologie Konnectic HD<\/li>\n<li>Blank couleur \u00ab\u00a0black ice\u00a0\u00bb<\/li>\n<li>Ligatures bordeaux et liser\u00e9s m\u00e9talliques gris fonc\u00e9s<\/li>\n<li>Anneau de d\u00e9part Fuji c\u00e9ramique.<\/li>\n<li>Anneaux monopattes chrom\u00e9s durs<\/li>\n<li>Porte-moulinet anodis\u00e9 noir mat.<\/li>\n<li>Poign\u00e9e li\u00e8ge Half Wells grade \u00ab\u00a0Flor\u00a0\u00bb<\/li>\n<li>Housse tissu noir logo Sage<\/li>\n<li>Fabriqu\u00e9es aux USA<\/li>\n<\/ul>\n<\/div>\n<\/div>\n<\/div>\n<\/div>\n<div id=\"text_presentation\" class=\"content my-3\">\n<div id=\"text_presentation\" class=\"content my-3\">\n<p>&nbsp;<\/p>\n<\/div>\n<\/div>\n","protected":false},"featured_media":5074,"comment_status":"closed","ping_status":"closed","template":"","meta":{"_monsterinsights_skip_tracking":false,"_monsterinsights_sitenote_active":false,"_monsterinsights_sitenote_note":"","_monsterinsights_sitenote_category":0,"site-sidebar-layout":"default","site-content-layout":"content-boxed-container","ast-global-header-display":"","ast-banner-title-visibility":"","ast-main-header-display":"","ast-hfb-above-header-display":"","ast-hfb-below-header-display":"","ast-hfb-mobile-header-display":"","site-post-title":"","ast-breadcrumbs-content":"","ast-featured-img":"","footer-sml-layout":"","theme-transparent-header-meta":"default","adv-header-id-meta":"","stick-header-meta":"","header-above-stick-meta":"","header-main-stick-meta":"","header-below-stick-meta":""},"product_cat":[76],"product_tag":[],"aioseo_notices":[],"_links":{"self":[{"href":"https:\/\/latelier-mouche.fr\/index.php?rest_route=\/wp\/v2\/product\/5059"}],"collection":[{"href":"https:\/\/latelier-mouche.fr\/index.php?rest_route=\/wp\/v2\/product"}],"about":[{"href":"https:\/\/latelier-mouche.fr\/index.php?rest_route=\/wp\/v2\/types\/product"}],"replies":[{"embeddable":true,"href":"https:\/\/latelier-mouche.fr\/index.php?rest_route=%2Fwp%2Fv2%2Fcomments&post=5059"}],"version-history":[{"count":2,"href":"https:\/\/latelier-mouche.fr\/index.php?rest_route=\/wp\/v2\/product\/5059\/revisions"}],"predecessor-version":[{"id":5118,"href":"https:\/\/latelier-mouche.fr\/index.php?rest_route=\/wp\/v2\/product\/5059\/revisions\/5118"}],"wp:featuredmedia":[{"embeddable":true,"href":"https:\/\/latelier-mouche.fr\/index.php?rest_route=\/wp\/v2\/media\/5074"}],"wp:attachment":[{"href":"https:\/\/latelier-mouche.fr\/index.php?rest_route=%2Fwp%2Fv2%2Fmedia&parent=5059"}],"wp:term":[{"taxonomy":"product_cat","embeddable":true,"href":"https:\/\/latelier-mouche.fr\/index.php?rest_route=%2Fwp%2Fv2%2Fproduct_cat&post=5059"},{"taxonomy":"product_tag","embeddable":true,"href":"https:\/\/latelier-mouche.fr\/index.php?rest_route=%2Fwp%2Fv2%2Fproduct_tag&post=5059"}],"curies":[{"name":"wp","href":"https:\/\/api.w.org\/{rel}","templated":true}]}}