{"id":5039,"date":"2025-03-05T22:21:06","date_gmt":"2025-03-05T21:21:06","guid":{"rendered":"https:\/\/latelier-mouche.fr\/?post_type=product&#038;p=5039"},"modified":"2025-03-05T22:34:56","modified_gmt":"2025-03-05T21:34:56","slug":"sage-igniter","status":"publish","type":"product","link":"https:\/\/latelier-mouche.fr\/?product=sage-igniter","title":{"rendered":"SAGE IGNITER"},"content":{"rendered":"<div class=\"row bg-gris_light mb-5\"><\/div>\n","protected":false},"excerpt":{"rendered":"<div id=\"text_content\" class=\"content my-3\">\n<div id=\"text_presentation\" class=\"content my-3\">\n<div id=\"text_presentation\" class=\"content my-3\">\n<div id=\"text_presentation\" class=\"content my-3\">\n<p>elle remplace la c\u00e9l\u00e8bre s\u00e9rie METHOD dans la cat\u00e9gorie des cannes ultra fast de chez SAGE.<\/p>\n<ul>\n<li>Technologie Konnetic HD.<\/li>\n<li>4 \u00e9l\u00e9ments,couleur rouge.<\/li>\n<li>Ligatures rouges et liser\u00e9s argent.<\/li>\n<li>Anneau de d\u00e9part Fuji Ceramic.<\/li>\n<li>Anneaux de corps serpentiformes chrom\u00e9s durs.<\/li>\n<li>Anneau de pointe chrom\u00e9 dur.<\/li>\n<li>Cannes pour soies de 4 \u00e0 6 (freshwater): porte moulinet bois cocobolo et alu anodis\u00e9, poign\u00e9e Half-wells li\u00e8ge qualit\u00e9 \u00ab\u00a0flor\u00a0\u00bb<\/li>\n<li>Cannes pour soies de 6 \u00e0 10 (Saltwater): porte moulinet alu gunmetal anodis\u00e9, attache mouche int\u00e9gr\u00e9 au porte moulinet, poign\u00e9e Full Wells qualit\u00e9 \u00ab\u00a0flor\u00a0\u00bb et talon de combat EVA et li\u00e8ge.<\/li>\n<li>Blank couleur rouge piment<\/li>\n<\/ul>\n<\/div>\n<\/div>\n<\/div>\n<\/div>\n<div id=\"text_presentation\" class=\"content my-3\">\n<div id=\"text_presentation\" class=\"content my-3\">\n<p>&nbsp;<\/p>\n<\/div>\n<\/div>\n","protected":false},"featured_media":5054,"comment_status":"closed","ping_status":"closed","template":"","meta":{"_monsterinsights_skip_tracking":false,"_monsterinsights_sitenote_active":false,"_monsterinsights_sitenote_note":"","_monsterinsights_sitenote_category":0,"site-sidebar-layout":"default","site-content-layout":"content-boxed-container","ast-global-header-display":"","ast-banner-title-visibility":"","ast-main-header-display":"","ast-hfb-above-header-display":"","ast-hfb-below-header-display":"","ast-hfb-mobile-header-display":"","site-post-title":"","ast-breadcrumbs-content":"","ast-featured-img":"","footer-sml-layout":"","theme-transparent-header-meta":"default","adv-header-id-meta":"","stick-header-meta":"","header-above-stick-meta":"","header-main-stick-meta":"","header-below-stick-meta":""},"product_cat":[76],"product_tag":[],"aioseo_notices":[],"_links":{"self":[{"href":"https:\/\/latelier-mouche.fr\/index.php?rest_route=\/wp\/v2\/product\/5039"}],"collection":[{"href":"https:\/\/latelier-mouche.fr\/index.php?rest_route=\/wp\/v2\/product"}],"about":[{"href":"https:\/\/latelier-mouche.fr\/index.php?rest_route=\/wp\/v2\/types\/product"}],"replies":[{"embeddable":true,"href":"https:\/\/latelier-mouche.fr\/index.php?rest_route=%2Fwp%2Fv2%2Fcomments&post=5039"}],"version-history":[{"count":1,"href":"https:\/\/latelier-mouche.fr\/index.php?rest_route=\/wp\/v2\/product\/5039\/revisions"}],"predecessor-version":[{"id":5058,"href":"https:\/\/latelier-mouche.fr\/index.php?rest_route=\/wp\/v2\/product\/5039\/revisions\/5058"}],"wp:featuredmedia":[{"embeddable":true,"href":"https:\/\/latelier-mouche.fr\/index.php?rest_route=\/wp\/v2\/media\/5054"}],"wp:attachment":[{"href":"https:\/\/latelier-mouche.fr\/index.php?rest_route=%2Fwp%2Fv2%2Fmedia&parent=5039"}],"wp:term":[{"taxonomy":"product_cat","embeddable":true,"href":"https:\/\/latelier-mouche.fr\/index.php?rest_route=%2Fwp%2Fv2%2Fproduct_cat&post=5039"},{"taxonomy":"product_tag","embeddable":true,"href":"https:\/\/latelier-mouche.fr\/index.php?rest_route=%2Fwp%2Fv2%2Fproduct_tag&post=5039"}],"curies":[{"name":"wp","href":"https:\/\/api.w.org\/{rel}","templated":true}]}}