{"id":5019,"date":"2025-03-02T21:36:33","date_gmt":"2025-03-02T20:36:33","guid":{"rendered":"https:\/\/latelier-mouche.fr\/?post_type=product&#038;p=5019"},"modified":"2025-03-02T21:47:08","modified_gmt":"2025-03-02T20:47:08","slug":"sage-r8-classic","status":"publish","type":"product","link":"https:\/\/latelier-mouche.fr\/?product=sage-r8-classic","title":{"rendered":"SAGE R8 CLASSIC"},"content":{"rendered":"<div class=\"row bg-gris_light mb-5\"><\/div>\n","protected":false},"excerpt":{"rendered":"<div id=\"text_content\" class=\"content my-3\">\n<div id=\"text_presentation\" class=\"content my-3\">\n<div id=\"text_presentation\" class=\"content my-3\">\n<div id=\"text_presentation\" class=\"content my-3\">\n<p>La R8 Classic est destin\u00e9e aux p\u00eacheurs qui appr\u00e9cient les actions plus douces.Son action est dite \u00ab mod\u00e9r\u00e9e \u00bb.<br \/>\nCette s\u00e9rie de cannes destin\u00e9es \u00e0 la p\u00eache de la truite remplace la s\u00e9rie Trout LL.<br \/>\nCette s\u00e9rie de cannes b\u00e9n\u00e9ficie de la derni\u00e8re technologie d\u00e9velopp\u00e9e par Sage : La technologie Revolution 8 (huiti\u00e8me technologie de fabrication chez Sage depuis 1980)<br \/>\n&#8211; Nouvelle combinaison de fibres de carbone et de r\u00e9sine.<br \/>\n&#8211; Meilleur transfert d\u2019\u00e9nergie.<br \/>\n&#8211; Pas de d\u00e9formation du blank.<br \/>\n&#8211; Plus de stabilit\u00e9.<br \/>\n&#8211; Des lancers fluides et pr\u00e9cis.<br \/>\nUn feeling exceptionnel qui procure beaucoup de plaisir lors des lancers, une qualit\u00e9 de pr\u00e9sentation des mouches \u00e0 couper le souffle.<br \/>\nUn transfert d\u2019\u00e9nergie de la canne vers la soie tout en douceur, mais une vitesse de soie qui permet de garder en permanence le contr\u00f4le de la ligne. Ces cannes posent les mouches de fa\u00e7on d\u00e9licate et pr\u00e9cise.<br \/>\nElles seront plus particuli\u00e8rement efficaces lorsqu\u2019il s\u2019agira d\u2019utiliser de petites mouches sur des pointes fines. Son action dite douce \u00e9vitera les casses au ferrage sur des pointes de bas de ligne de petits diam\u00e8tres.<br \/>\n&#8211; Fabriqu\u00e9es aux USA<br \/>\n&#8211; Technologie R8<br \/>\n&#8211; Couleur Brun Sage<br \/>\n&#8211; Ligatures noisette liser\u00e9 beige<br \/>\n&#8211; Anneaux serpentiformes chrom\u00e9s \u00ab super-slick \u00bb<br \/>\n&#8211; Anneau de d\u00e9part SiC<br \/>\n&#8211; Porte-moulinet alu serrage vers le haut avec insert bois de noyer<br \/>\n&#8211; Poign\u00e9e li\u00e8ge grade \u00ab super plus \u00bb forme \u00ab half-wells \u00bb<br \/>\n&#8211; Housse tissu Sage noire<br \/>\n&#8211; Tube alu m\u00e9daillon Sage<br \/>\n&#8211; 7 mod\u00e8les de la soie n\u00b03 \u00e0 la soie n\u00b06.<\/p>\n<\/div>\n<\/div>\n<\/div>\n<\/div>\n<div id=\"text_presentation\" class=\"content my-3\">\n<div id=\"text_presentation\" class=\"content my-3\">\n<p>&nbsp;<\/p>\n<\/div>\n<\/div>\n","protected":false},"featured_media":5034,"comment_status":"closed","ping_status":"closed","template":"","meta":{"_monsterinsights_skip_tracking":false,"_monsterinsights_sitenote_active":false,"_monsterinsights_sitenote_note":"","_monsterinsights_sitenote_category":0,"site-sidebar-layout":"default","site-content-layout":"content-boxed-container","ast-global-header-display":"","ast-banner-title-visibility":"","ast-main-header-display":"","ast-hfb-above-header-display":"","ast-hfb-below-header-display":"","ast-hfb-mobile-header-display":"","site-post-title":"","ast-breadcrumbs-content":"","ast-featured-img":"","footer-sml-layout":"","theme-transparent-header-meta":"default","adv-header-id-meta":"","stick-header-meta":"","header-above-stick-meta":"","header-main-stick-meta":"","header-below-stick-meta":""},"product_cat":[76],"product_tag":[],"aioseo_notices":[],"_links":{"self":[{"href":"https:\/\/latelier-mouche.fr\/index.php?rest_route=\/wp\/v2\/product\/5019"}],"collection":[{"href":"https:\/\/latelier-mouche.fr\/index.php?rest_route=\/wp\/v2\/product"}],"about":[{"href":"https:\/\/latelier-mouche.fr\/index.php?rest_route=\/wp\/v2\/types\/product"}],"replies":[{"embeddable":true,"href":"https:\/\/latelier-mouche.fr\/index.php?rest_route=%2Fwp%2Fv2%2Fcomments&post=5019"}],"version-history":[{"count":1,"href":"https:\/\/latelier-mouche.fr\/index.php?rest_route=\/wp\/v2\/product\/5019\/revisions"}],"predecessor-version":[{"id":5037,"href":"https:\/\/latelier-mouche.fr\/index.php?rest_route=\/wp\/v2\/product\/5019\/revisions\/5037"}],"wp:featuredmedia":[{"embeddable":true,"href":"https:\/\/latelier-mouche.fr\/index.php?rest_route=\/wp\/v2\/media\/5034"}],"wp:attachment":[{"href":"https:\/\/latelier-mouche.fr\/index.php?rest_route=%2Fwp%2Fv2%2Fmedia&parent=5019"}],"wp:term":[{"taxonomy":"product_cat","embeddable":true,"href":"https:\/\/latelier-mouche.fr\/index.php?rest_route=%2Fwp%2Fv2%2Fproduct_cat&post=5019"},{"taxonomy":"product_tag","embeddable":true,"href":"https:\/\/latelier-mouche.fr\/index.php?rest_route=%2Fwp%2Fv2%2Fproduct_tag&post=5019"}],"curies":[{"name":"wp","href":"https:\/\/api.w.org\/{rel}","templated":true}]}}