{"id":5001,"date":"2025-02-28T23:07:00","date_gmt":"2025-02-28T22:07:00","guid":{"rendered":"https:\/\/latelier-mouche.fr\/?post_type=product&#038;p=5001"},"modified":"2025-03-01T21:47:14","modified_gmt":"2025-03-01T20:47:14","slug":"sage-r8-core","status":"publish","type":"product","link":"https:\/\/latelier-mouche.fr\/?product=sage-r8-core","title":{"rendered":"SAGE R8 CORE"},"content":{"rendered":"<div class=\"row bg-gris_light mb-5\"><\/div>\n","protected":false},"excerpt":{"rendered":"<div id=\"text_content\" class=\"content my-3\">\n<div id=\"text_presentation\" class=\"content my-3\">\n<div id=\"text_presentation\" class=\"content my-3\">\n<div id=\"text_presentation\" class=\"content my-3\">\n<p>SAGE R8 CORE, une s\u00e9rie de cannes multi applications qui excelle dans tous les domaines. \u00abR\u00e9volution 8\u00bb, nouvelle technologie exclusive de SAGE pour la fabrication des cannes SAGE \u00abR8 CORE\u00bb. Cette technologie apporte de meilleures performances et un confort de lancer incroyable. Cette s\u00e9rie de cannes a \u00e9t\u00e9 d\u00e9velopp\u00e9e pour p\u00eacher, pas seulement pour lancer. Le contr\u00f4le de la ligne \u00a0pendant les faux lancers et lors du poser final est juste fabuleux. Le transfert d&rsquo;\u00e9nergie entre le p\u00eacheur, la canne et la soie, est magique. Les cannes profitent de mat\u00e9riaux et de composants haut de gamme, d&rsquo;une finition impeccable.<\/p>\n<\/div>\n<\/div>\n<\/div>\n<\/div>\n<div id=\"text_presentation\" class=\"content my-3\">\n<div id=\"text_presentation\" class=\"content my-3\">\n<p>&nbsp;<\/p>\n<\/div>\n<\/div>\n","protected":false},"featured_media":5016,"comment_status":"closed","ping_status":"closed","template":"","meta":{"_monsterinsights_skip_tracking":false,"_monsterinsights_sitenote_active":false,"_monsterinsights_sitenote_note":"","_monsterinsights_sitenote_category":0,"site-sidebar-layout":"default","site-content-layout":"content-boxed-container","ast-global-header-display":"","ast-banner-title-visibility":"","ast-main-header-display":"","ast-hfb-above-header-display":"","ast-hfb-below-header-display":"","ast-hfb-mobile-header-display":"","site-post-title":"","ast-breadcrumbs-content":"","ast-featured-img":"","footer-sml-layout":"","theme-transparent-header-meta":"default","adv-header-id-meta":"","stick-header-meta":"","header-above-stick-meta":"","header-main-stick-meta":"","header-below-stick-meta":""},"product_cat":[76],"product_tag":[],"aioseo_notices":[],"_links":{"self":[{"href":"https:\/\/latelier-mouche.fr\/index.php?rest_route=\/wp\/v2\/product\/5001"}],"collection":[{"href":"https:\/\/latelier-mouche.fr\/index.php?rest_route=\/wp\/v2\/product"}],"about":[{"href":"https:\/\/latelier-mouche.fr\/index.php?rest_route=\/wp\/v2\/types\/product"}],"replies":[{"embeddable":true,"href":"https:\/\/latelier-mouche.fr\/index.php?rest_route=%2Fwp%2Fv2%2Fcomments&post=5001"}],"version-history":[{"count":2,"href":"https:\/\/latelier-mouche.fr\/index.php?rest_route=\/wp\/v2\/product\/5001\/revisions"}],"predecessor-version":[{"id":5018,"href":"https:\/\/latelier-mouche.fr\/index.php?rest_route=\/wp\/v2\/product\/5001\/revisions\/5018"}],"wp:featuredmedia":[{"embeddable":true,"href":"https:\/\/latelier-mouche.fr\/index.php?rest_route=\/wp\/v2\/media\/5016"}],"wp:attachment":[{"href":"https:\/\/latelier-mouche.fr\/index.php?rest_route=%2Fwp%2Fv2%2Fmedia&parent=5001"}],"wp:term":[{"taxonomy":"product_cat","embeddable":true,"href":"https:\/\/latelier-mouche.fr\/index.php?rest_route=%2Fwp%2Fv2%2Fproduct_cat&post=5001"},{"taxonomy":"product_tag","embeddable":true,"href":"https:\/\/latelier-mouche.fr\/index.php?rest_route=%2Fwp%2Fv2%2Fproduct_tag&post=5001"}],"curies":[{"name":"wp","href":"https:\/\/api.w.org\/{rel}","templated":true}]}}