{"id":4988,"date":"2025-02-28T18:20:35","date_gmt":"2025-02-28T17:20:35","guid":{"rendered":"https:\/\/latelier-mouche.fr\/?post_type=product&#038;p=4988"},"modified":"2025-02-28T18:22:31","modified_gmt":"2025-02-28T17:22:31","slug":"gilet-clearwater-mesh","status":"publish","type":"product","link":"https:\/\/latelier-mouche.fr\/?product=gilet-clearwater-mesh","title":{"rendered":"GILET CLEARWATER MESH"},"content":{"rendered":"","protected":false},"excerpt":{"rendered":"<div id=\"text_content\" class=\"content my-3\">\n<p>Gilet de conception hybride en tissu mesh respirant et nylon ind\u00e9chirable qui en fait un gilet moderne et d\u2019un tr\u00e8s bon rapport qualit\u00e9\/prix. Huit poches dont quatre zipp\u00e9es et quatre \u00e0 fermeture VELCRO. Deux patchs de s\u00e9chage des mouches \u00e0 la poitrine et ports d\u2019attache en caoutchouc pour fixer les accessoires. Anneau en triangle au dos pour une \u00e9puisette. Fermeture par sangle ajustable<\/p>\n<\/div>\n<div id=\"text_presentation\" class=\"content my-3\">\n<p>Caract\u00e9ristiques modernes \u00e0 un prix avantageux<br \/>\n\u2022 Fabrication hybride mesh \/ polyester ripstop<br \/>\n\u2022 8 poches : 4 zipp\u00e9es et 4 velcros<br \/>\n\u2022 2 patch \u00e0 mouches -boucles et suspenseurs \u00e0 accessoires<br \/>\n\u2022 Anneau accroche-\u00e9puisette<br \/>\n\u2022 col moletonn\u00e9<\/p>\n<\/div>\n","protected":false},"featured_media":4997,"comment_status":"closed","ping_status":"closed","template":"","meta":{"_monsterinsights_skip_tracking":false,"_monsterinsights_sitenote_active":false,"_monsterinsights_sitenote_note":"","_monsterinsights_sitenote_category":0,"site-sidebar-layout":"default","site-content-layout":"content-boxed-container","ast-global-header-display":"","ast-banner-title-visibility":"","ast-main-header-display":"","ast-hfb-above-header-display":"","ast-hfb-below-header-display":"","ast-hfb-mobile-header-display":"","site-post-title":"","ast-breadcrumbs-content":"","ast-featured-img":"","footer-sml-layout":"","theme-transparent-header-meta":"default","adv-header-id-meta":"","stick-header-meta":"","header-above-stick-meta":"","header-main-stick-meta":"","header-below-stick-meta":""},"product_cat":[73],"product_tag":[],"aioseo_notices":[],"_links":{"self":[{"href":"https:\/\/latelier-mouche.fr\/index.php?rest_route=\/wp\/v2\/product\/4988"}],"collection":[{"href":"https:\/\/latelier-mouche.fr\/index.php?rest_route=\/wp\/v2\/product"}],"about":[{"href":"https:\/\/latelier-mouche.fr\/index.php?rest_route=\/wp\/v2\/types\/product"}],"replies":[{"embeddable":true,"href":"https:\/\/latelier-mouche.fr\/index.php?rest_route=%2Fwp%2Fv2%2Fcomments&post=4988"}],"version-history":[{"count":1,"href":"https:\/\/latelier-mouche.fr\/index.php?rest_route=\/wp\/v2\/product\/4988\/revisions"}],"predecessor-version":[{"id":4998,"href":"https:\/\/latelier-mouche.fr\/index.php?rest_route=\/wp\/v2\/product\/4988\/revisions\/4998"}],"wp:featuredmedia":[{"embeddable":true,"href":"https:\/\/latelier-mouche.fr\/index.php?rest_route=\/wp\/v2\/media\/4997"}],"wp:attachment":[{"href":"https:\/\/latelier-mouche.fr\/index.php?rest_route=%2Fwp%2Fv2%2Fmedia&parent=4988"}],"wp:term":[{"taxonomy":"product_cat","embeddable":true,"href":"https:\/\/latelier-mouche.fr\/index.php?rest_route=%2Fwp%2Fv2%2Fproduct_cat&post=4988"},{"taxonomy":"product_tag","embeddable":true,"href":"https:\/\/latelier-mouche.fr\/index.php?rest_route=%2Fwp%2Fv2%2Fproduct_tag&post=4988"}],"curies":[{"name":"wp","href":"https:\/\/api.w.org\/{rel}","templated":true}]}}