{"id":4977,"date":"2025-02-28T18:09:03","date_gmt":"2025-02-28T17:09:03","guid":{"rendered":"https:\/\/latelier-mouche.fr\/?post_type=product&#038;p=4977"},"modified":"2025-02-28T18:12:02","modified_gmt":"2025-02-28T17:12:02","slug":"gilet-ultralight","status":"publish","type":"product","link":"https:\/\/latelier-mouche.fr\/?product=gilet-ultralight","title":{"rendered":"GILET ULTRALIGHT"},"content":{"rendered":"","protected":false},"excerpt":{"rendered":"<div id=\"text_content\" class=\"content my-3\">\n<p>Ce gilet haut de gamme est le fruit d\u2019un long d\u00e9veloppement liant mat\u00e9riaux et fonctionnalit\u00e9s innovants. Il ne compte pas moins de 18 poches intelligemment reparties : 10 ext\u00e9rieures, 6 int\u00e9rieures et 2 arri\u00e8res. Les deux grandes poches basses coqu\u00e9es moul\u00e9es par compression, garantissent une tenue optimale. Viennent s\u2019ajouter \u00e0 ce gilet 2 patch-mouche frontaux, de multiples suspenseurs et accessoires. Son col molletonn\u00e9 et sa mati\u00e8re 100% nylon trait\u00e9 DWR d\u00e9perlant rendent la p\u00eache tr\u00e8s confortable.<\/p>\n<\/div>\n<div id=\"text_presentation\" class=\"content my-3\">\n<p>Coupe moderne et ergonomique<br \/>\n\u2022 Mat\u00e9riaux et fonctionnalit\u00e9s innovantes<br \/>\n\u2022 Int\u00e9rieur en Mesh<br \/>\n\u2022 18 poches : 10 ext\u00e9rieures, 6 int\u00e9rieures et 2 arri\u00e8res<br \/>\n\u2022 Deux grandes poches basses moul\u00e9es par compression pour une meilleure tenue<br \/>\n\u2022 2 patch-mouche frontaux<br \/>\n\u2022 multiples suspenseurs et accessoires<br \/>\n\u2022 Fermeture r\u00e9glable et ajustable en hauteur<br \/>\n\u2022 col moletonn\u00e9 pour un maximum de confort<br \/>\n\u2022 100% nylon trait\u00e9 DWR d\u00e9perlant<\/p>\n<\/div>\n","protected":false},"featured_media":4982,"comment_status":"closed","ping_status":"closed","template":"","meta":{"_monsterinsights_skip_tracking":false,"_monsterinsights_sitenote_active":false,"_monsterinsights_sitenote_note":"","_monsterinsights_sitenote_category":0,"site-sidebar-layout":"default","site-content-layout":"content-boxed-container","ast-global-header-display":"","ast-banner-title-visibility":"","ast-main-header-display":"","ast-hfb-above-header-display":"","ast-hfb-below-header-display":"","ast-hfb-mobile-header-display":"","site-post-title":"","ast-breadcrumbs-content":"","ast-featured-img":"","footer-sml-layout":"","theme-transparent-header-meta":"default","adv-header-id-meta":"","stick-header-meta":"","header-above-stick-meta":"","header-main-stick-meta":"","header-below-stick-meta":""},"product_cat":[73],"product_tag":[],"aioseo_notices":[],"_links":{"self":[{"href":"https:\/\/latelier-mouche.fr\/index.php?rest_route=\/wp\/v2\/product\/4977"}],"collection":[{"href":"https:\/\/latelier-mouche.fr\/index.php?rest_route=\/wp\/v2\/product"}],"about":[{"href":"https:\/\/latelier-mouche.fr\/index.php?rest_route=\/wp\/v2\/types\/product"}],"replies":[{"embeddable":true,"href":"https:\/\/latelier-mouche.fr\/index.php?rest_route=%2Fwp%2Fv2%2Fcomments&post=4977"}],"version-history":[{"count":1,"href":"https:\/\/latelier-mouche.fr\/index.php?rest_route=\/wp\/v2\/product\/4977\/revisions"}],"predecessor-version":[{"id":4987,"href":"https:\/\/latelier-mouche.fr\/index.php?rest_route=\/wp\/v2\/product\/4977\/revisions\/4987"}],"wp:featuredmedia":[{"embeddable":true,"href":"https:\/\/latelier-mouche.fr\/index.php?rest_route=\/wp\/v2\/media\/4982"}],"wp:attachment":[{"href":"https:\/\/latelier-mouche.fr\/index.php?rest_route=%2Fwp%2Fv2%2Fmedia&parent=4977"}],"wp:term":[{"taxonomy":"product_cat","embeddable":true,"href":"https:\/\/latelier-mouche.fr\/index.php?rest_route=%2Fwp%2Fv2%2Fproduct_cat&post=4977"},{"taxonomy":"product_tag","embeddable":true,"href":"https:\/\/latelier-mouche.fr\/index.php?rest_route=%2Fwp%2Fv2%2Fproduct_tag&post=4977"}],"curies":[{"name":"wp","href":"https:\/\/api.w.org\/{rel}","templated":true}]}}