{"id":4964,"date":"2025-02-28T17:43:29","date_gmt":"2025-02-28T16:43:29","guid":{"rendered":"https:\/\/latelier-mouche.fr\/?post_type=product&#038;p=4964"},"modified":"2025-02-28T17:48:13","modified_gmt":"2025-02-28T16:48:13","slug":"trekkage-lt-adventure-backpack","status":"publish","type":"product","link":"https:\/\/latelier-mouche.fr\/?product=trekkage-lt-adventure-backpack","title":{"rendered":"TREKKAGE LT ADVENTURE BACKPACK"},"content":{"rendered":"","protected":false},"excerpt":{"rendered":"<div id=\"text_content\" class=\"content my-3\">\n<p>Voici un sac \u00e0 dos r\u00e9alis\u00e9 en solide tissu recycl\u00e9 CORDURA re\/cor avec rev\u00eatement en polyur\u00e9thane et d\u00e9perlant. Poches internes et externes. Ports d\u2019attache dissimul\u00e9s pour un rangement optimis\u00e9. Compartiment ordinateur portable matelass\u00e9. Zips verrouillables. Autoris\u00e9 pour transport en cabine. Convertible \u00e0 roulettes. Bretelles matelass\u00e9es. Poign\u00e9es de portage lat\u00e9rales. Sangles \u00e0 la taille et ventrale. Dos matelass\u00e9 et ergonomique<\/p>\n<\/div>\n<div id=\"text_presentation\" class=\"content my-3\">\n<p>Sac \u00e0 dos<br \/>\n\u2022 Ext\u00e9rieur CORDURA 600D avec 100% de mat\u00e9riaux recycl\u00e9s<br \/>\n\u2022 Rev\u00eatement ext\u00e9rieur d\u00e9perlant<br \/>\n\u2022 Poches multiples<br \/>\n\u2022 Espace de rangement pour ordinateur<br \/>\n\u2022 Zips verrouillables<br \/>\n\u2022 Bretelles matelass\u00e9es<br \/>\n\u2022 Poign\u00e9e transport lat\u00e9rale<br \/>\n\u2022 Convertible \u00e0 roulettes<br \/>\n\u2022 Capacit\u00e9 30L<\/p>\n<\/div>\n","protected":false},"featured_media":4965,"comment_status":"closed","ping_status":"closed","template":"","meta":{"_monsterinsights_skip_tracking":false,"_monsterinsights_sitenote_active":false,"_monsterinsights_sitenote_note":"","_monsterinsights_sitenote_category":0,"site-sidebar-layout":"default","site-content-layout":"content-boxed-container","ast-global-header-display":"","ast-banner-title-visibility":"","ast-main-header-display":"","ast-hfb-above-header-display":"","ast-hfb-below-header-display":"","ast-hfb-mobile-header-display":"","site-post-title":"","ast-breadcrumbs-content":"","ast-featured-img":"","footer-sml-layout":"","theme-transparent-header-meta":"default","adv-header-id-meta":"","stick-header-meta":"","header-above-stick-meta":"","header-main-stick-meta":"","header-below-stick-meta":""},"product_cat":[73],"product_tag":[],"aioseo_notices":[],"_links":{"self":[{"href":"https:\/\/latelier-mouche.fr\/index.php?rest_route=\/wp\/v2\/product\/4964"}],"collection":[{"href":"https:\/\/latelier-mouche.fr\/index.php?rest_route=\/wp\/v2\/product"}],"about":[{"href":"https:\/\/latelier-mouche.fr\/index.php?rest_route=\/wp\/v2\/types\/product"}],"replies":[{"embeddable":true,"href":"https:\/\/latelier-mouche.fr\/index.php?rest_route=%2Fwp%2Fv2%2Fcomments&post=4964"}],"version-history":[{"count":1,"href":"https:\/\/latelier-mouche.fr\/index.php?rest_route=\/wp\/v2\/product\/4964\/revisions"}],"predecessor-version":[{"id":4969,"href":"https:\/\/latelier-mouche.fr\/index.php?rest_route=\/wp\/v2\/product\/4964\/revisions\/4969"}],"wp:featuredmedia":[{"embeddable":true,"href":"https:\/\/latelier-mouche.fr\/index.php?rest_route=\/wp\/v2\/media\/4965"}],"wp:attachment":[{"href":"https:\/\/latelier-mouche.fr\/index.php?rest_route=%2Fwp%2Fv2%2Fmedia&parent=4964"}],"wp:term":[{"taxonomy":"product_cat","embeddable":true,"href":"https:\/\/latelier-mouche.fr\/index.php?rest_route=%2Fwp%2Fv2%2Fproduct_cat&post=4964"},{"taxonomy":"product_tag","embeddable":true,"href":"https:\/\/latelier-mouche.fr\/index.php?rest_route=%2Fwp%2Fv2%2Fproduct_tag&post=4964"}],"curies":[{"name":"wp","href":"https:\/\/api.w.org\/{rel}","templated":true}]}}