{"id":4955,"date":"2025-02-28T17:22:28","date_gmt":"2025-02-28T16:22:28","guid":{"rendered":"https:\/\/latelier-mouche.fr\/?post_type=product&#038;p=4955"},"modified":"2025-02-28T17:40:51","modified_gmt":"2025-02-28T16:40:51","slug":"sac-a-dos-bug-out","status":"publish","type":"product","link":"https:\/\/latelier-mouche.fr\/?product=sac-a-dos-bug-out","title":{"rendered":"SAC A DOS BUG OUT"},"content":{"rendered":"","protected":false},"excerpt":{"rendered":"<div id=\"text_content\" class=\"content my-3\">\n<p>Ce sac \u00e0 dos polyvalent haute performance est un allier de choix pour le p\u00eacheur baroudeur. Sa mati\u00e8re ext\u00e9rieure 100% CORDURA\u00ae 610D et sa poche avant renforc\u00e9e en font une r\u00e9f\u00e9rence de solidit\u00e9. l\u2019Acc\u00e8s sup\u00e9rieur et lat\u00e9ral, la poche int\u00e9rieure zipp\u00e9e avec diviseurs amovibles, le porte canne ext\u00e9rieur font du sac \u00e0 dos BUG Out et ses 25 litres de contenance un produit technique sp\u00e9cifique tr\u00e8s fonctionnel, tout en \u00e9tant compatible avec le Chest Pack Orvis.<\/p>\n<\/div>\n<div id=\"text_presentation\" class=\"content my-3\">\n<p>Sac \u00e0 dos polyvalent haute performance<br \/>\n\u2022 Acc\u00e8s sup\u00e9rieur et lat\u00e9ral<br \/>\n\u2022 Poche int\u00e9rieure zipp\u00e9e et diviseurs amovibles<br \/>\n\u2022 Porte canne ext\u00e9rieur<br \/>\n\u2022 Poche avant renforc\u00e9e<br \/>\n\u2022 Compatible avec le Chest Pack Orvis<br \/>\n\u2022 Ext\u00e9rieur 100% CORDURA\u00ae 610D avec 40%de mat\u00e9riaux recycl\u00e9s<br \/>\n\u2022 Doublure nylon 200D 100% recycl\u00e9<br \/>\n\u2022 Contenance 25L<\/p>\n<\/div>\n","protected":false},"featured_media":4956,"comment_status":"closed","ping_status":"closed","template":"","meta":{"_monsterinsights_skip_tracking":false,"_monsterinsights_sitenote_active":false,"_monsterinsights_sitenote_note":"","_monsterinsights_sitenote_category":0,"site-sidebar-layout":"default","site-content-layout":"content-boxed-container","ast-global-header-display":"","ast-banner-title-visibility":"","ast-main-header-display":"","ast-hfb-above-header-display":"","ast-hfb-below-header-display":"","ast-hfb-mobile-header-display":"","site-post-title":"","ast-breadcrumbs-content":"","ast-featured-img":"","footer-sml-layout":"","theme-transparent-header-meta":"default","adv-header-id-meta":"","stick-header-meta":"","header-above-stick-meta":"","header-main-stick-meta":"","header-below-stick-meta":""},"product_cat":[73],"product_tag":[],"aioseo_notices":[],"_links":{"self":[{"href":"https:\/\/latelier-mouche.fr\/index.php?rest_route=\/wp\/v2\/product\/4955"}],"collection":[{"href":"https:\/\/latelier-mouche.fr\/index.php?rest_route=\/wp\/v2\/product"}],"about":[{"href":"https:\/\/latelier-mouche.fr\/index.php?rest_route=\/wp\/v2\/types\/product"}],"replies":[{"embeddable":true,"href":"https:\/\/latelier-mouche.fr\/index.php?rest_route=%2Fwp%2Fv2%2Fcomments&post=4955"}],"version-history":[{"count":2,"href":"https:\/\/latelier-mouche.fr\/index.php?rest_route=\/wp\/v2\/product\/4955\/revisions"}],"predecessor-version":[{"id":4963,"href":"https:\/\/latelier-mouche.fr\/index.php?rest_route=\/wp\/v2\/product\/4955\/revisions\/4963"}],"wp:featuredmedia":[{"embeddable":true,"href":"https:\/\/latelier-mouche.fr\/index.php?rest_route=\/wp\/v2\/media\/4956"}],"wp:attachment":[{"href":"https:\/\/latelier-mouche.fr\/index.php?rest_route=%2Fwp%2Fv2%2Fmedia&parent=4955"}],"wp:term":[{"taxonomy":"product_cat","embeddable":true,"href":"https:\/\/latelier-mouche.fr\/index.php?rest_route=%2Fwp%2Fv2%2Fproduct_cat&post=4955"},{"taxonomy":"product_tag","embeddable":true,"href":"https:\/\/latelier-mouche.fr\/index.php?rest_route=%2Fwp%2Fv2%2Fproduct_tag&post=4955"}],"curies":[{"name":"wp","href":"https:\/\/api.w.org\/{rel}","templated":true}]}}