{"id":4951,"date":"2025-02-28T17:12:27","date_gmt":"2025-02-28T16:12:27","guid":{"rendered":"https:\/\/latelier-mouche.fr\/?post_type=product&#038;p=4951"},"modified":"2025-02-28T17:14:55","modified_gmt":"2025-02-28T16:14:55","slug":"wader-mud-room","status":"publish","type":"product","link":"https:\/\/latelier-mouche.fr\/?product=wader-mud-room","title":{"rendered":"WADER MUD ROOM"},"content":{"rendered":"","protected":false},"excerpt":{"rendered":"<div id=\"text_content\" class=\"content my-3\">\n<p>Le sac de transport et de protection WADER MUD ROOM est destin\u00e9 au transport et au stockage des waders et chaussures. Il dispose d\u2019un tapis de sol int\u00e9gr\u00e9. Les panneaux lat\u00e9raux en Mesh assurent une ventilation optimale, \u00e9vitant l\u2019accumulation d\u2019humidit\u00e9 \u00e0 l\u2019int\u00e9rieur. Avec des dimensions de 51 x 39 x 25 cm, il est suffisamment spacieux pour transporter l\u2019ensemble de votre \u00e9quipement de wading.<\/p>\n<\/div>\n<div id=\"text_presentation\" class=\"content my-3\">\n<p>Sac de transport et de protection pour waders et chaussures -tapis de sol int\u00e9gr\u00e9<br \/>\n\u2022 panneaux lat\u00e9raux en Mesh pour la ventilation<br \/>\n\u2022 Ext\u00e9rieur 100% CORDURA\u00ae 610D avec 40%de mat\u00e9riaux recycl\u00e9<br \/>\n\u2022 Dimension 51 x 39 x 25cm<\/p>\n<\/div>\n","protected":false},"featured_media":4952,"comment_status":"closed","ping_status":"closed","template":"","meta":{"_monsterinsights_skip_tracking":false,"_monsterinsights_sitenote_active":false,"_monsterinsights_sitenote_note":"","_monsterinsights_sitenote_category":0,"site-sidebar-layout":"default","site-content-layout":"content-boxed-container","ast-global-header-display":"","ast-banner-title-visibility":"","ast-main-header-display":"","ast-hfb-above-header-display":"","ast-hfb-below-header-display":"","ast-hfb-mobile-header-display":"","site-post-title":"","ast-breadcrumbs-content":"","ast-featured-img":"","footer-sml-layout":"","theme-transparent-header-meta":"default","adv-header-id-meta":"","stick-header-meta":"","header-above-stick-meta":"","header-main-stick-meta":"","header-below-stick-meta":""},"product_cat":[73],"product_tag":[],"aioseo_notices":[],"_links":{"self":[{"href":"https:\/\/latelier-mouche.fr\/index.php?rest_route=\/wp\/v2\/product\/4951"}],"collection":[{"href":"https:\/\/latelier-mouche.fr\/index.php?rest_route=\/wp\/v2\/product"}],"about":[{"href":"https:\/\/latelier-mouche.fr\/index.php?rest_route=\/wp\/v2\/types\/product"}],"replies":[{"embeddable":true,"href":"https:\/\/latelier-mouche.fr\/index.php?rest_route=%2Fwp%2Fv2%2Fcomments&post=4951"}],"version-history":[{"count":1,"href":"https:\/\/latelier-mouche.fr\/index.php?rest_route=\/wp\/v2\/product\/4951\/revisions"}],"predecessor-version":[{"id":4954,"href":"https:\/\/latelier-mouche.fr\/index.php?rest_route=\/wp\/v2\/product\/4951\/revisions\/4954"}],"wp:featuredmedia":[{"embeddable":true,"href":"https:\/\/latelier-mouche.fr\/index.php?rest_route=\/wp\/v2\/media\/4952"}],"wp:attachment":[{"href":"https:\/\/latelier-mouche.fr\/index.php?rest_route=%2Fwp%2Fv2%2Fmedia&parent=4951"}],"wp:term":[{"taxonomy":"product_cat","embeddable":true,"href":"https:\/\/latelier-mouche.fr\/index.php?rest_route=%2Fwp%2Fv2%2Fproduct_cat&post=4951"},{"taxonomy":"product_tag","embeddable":true,"href":"https:\/\/latelier-mouche.fr\/index.php?rest_route=%2Fwp%2Fv2%2Fproduct_tag&post=4951"}],"curies":[{"name":"wp","href":"https:\/\/api.w.org\/{rel}","templated":true}]}}