{"id":4943,"date":"2025-02-19T19:00:01","date_gmt":"2025-02-19T18:00:01","guid":{"rendered":"https:\/\/latelier-mouche.fr\/?post_type=product&#038;p=4943"},"modified":"2025-02-19T19:06:31","modified_gmt":"2025-02-19T18:06:31","slug":"pro-waterproof-sling-pack","status":"publish","type":"product","link":"https:\/\/latelier-mouche.fr\/?product=pro-waterproof-sling-pack","title":{"rendered":"PRO WATERPROOF SLING PACK"},"content":{"rendered":"","protected":false},"excerpt":{"rendered":"<div id=\"text_content\" class=\"content my-3\">\n<p>\u00c9tanches. Herm\u00e9tiques. Anti UV. R\u00e9sistants \u00e0 l\u2019abrasion et aux d\u00e9chirures. En un mot, indestructibles. La gamme Waterproof PRO permet de garder tout le mat\u00e9riel toujours accessible tout en le prot\u00e9geant, quelles que soient les conditions de p\u00eache rencontr\u00e9es. En bonus, ils sont aussi tr\u00e8s \u00e9l\u00e9gants. Le nylon 840 deniers avec rev\u00eatement en polyur\u00e9thane associ\u00e9 \u00e0 une construction par soudage \u00e0 haute fr\u00e9quence pr\u00e9serve tout le mat\u00e9riel au sec. Bretelle respirante avec compartiments pour accessoires. Fermeture zipp\u00e9e principale \u00e9tanche TIZIP. Espace imperm\u00e9able pour fixation porte-bobines. Poche pour bouteille d\u2019eau avec cordon de retenue. Au dos, compartiment de rangement int\u00e9gr\u00e9 pour \u00e9puisette et anneau en D compl\u00e9mentaire.<\/p>\n<\/div>\n<div id=\"text_presentation\" class=\"content my-3\">\n<p>Sling Pack \u00e9tanche<br \/>\n\u2022 100% nylon 840D avec rev\u00eatement polyur\u00e9thane -Fermeture principale TIZIP<br \/>\n\u2022 Empi\u00e8cement par soudure haute fr\u00e9quence<br \/>\n\u2022 Large bandouli\u00e8re respirante<br \/>\n\u2022 Sling pack tr\u00e8s fonctionnel<br \/>\n\u2022 Anti UV<br \/>\n\u2022 Volume de 14 L<br \/>\n\u2022 Id\u00e9al pour la p\u00eache de wading et les p\u00eacheurs baroudeurs<\/p>\n<\/div>\n","protected":false},"featured_media":4944,"comment_status":"closed","ping_status":"closed","template":"","meta":{"_monsterinsights_skip_tracking":false,"_monsterinsights_sitenote_active":false,"_monsterinsights_sitenote_note":"","_monsterinsights_sitenote_category":0,"site-sidebar-layout":"default","site-content-layout":"content-boxed-container","ast-global-header-display":"","ast-banner-title-visibility":"","ast-main-header-display":"","ast-hfb-above-header-display":"","ast-hfb-below-header-display":"","ast-hfb-mobile-header-display":"","site-post-title":"","ast-breadcrumbs-content":"","ast-featured-img":"","footer-sml-layout":"","theme-transparent-header-meta":"default","adv-header-id-meta":"","stick-header-meta":"","header-above-stick-meta":"","header-main-stick-meta":"","header-below-stick-meta":""},"product_cat":[73],"product_tag":[],"aioseo_notices":[],"_links":{"self":[{"href":"https:\/\/latelier-mouche.fr\/index.php?rest_route=\/wp\/v2\/product\/4943"}],"collection":[{"href":"https:\/\/latelier-mouche.fr\/index.php?rest_route=\/wp\/v2\/product"}],"about":[{"href":"https:\/\/latelier-mouche.fr\/index.php?rest_route=\/wp\/v2\/types\/product"}],"replies":[{"embeddable":true,"href":"https:\/\/latelier-mouche.fr\/index.php?rest_route=%2Fwp%2Fv2%2Fcomments&post=4943"}],"version-history":[{"count":1,"href":"https:\/\/latelier-mouche.fr\/index.php?rest_route=\/wp\/v2\/product\/4943\/revisions"}],"predecessor-version":[{"id":4945,"href":"https:\/\/latelier-mouche.fr\/index.php?rest_route=\/wp\/v2\/product\/4943\/revisions\/4945"}],"wp:featuredmedia":[{"embeddable":true,"href":"https:\/\/latelier-mouche.fr\/index.php?rest_route=\/wp\/v2\/media\/4944"}],"wp:attachment":[{"href":"https:\/\/latelier-mouche.fr\/index.php?rest_route=%2Fwp%2Fv2%2Fmedia&parent=4943"}],"wp:term":[{"taxonomy":"product_cat","embeddable":true,"href":"https:\/\/latelier-mouche.fr\/index.php?rest_route=%2Fwp%2Fv2%2Fproduct_cat&post=4943"},{"taxonomy":"product_tag","embeddable":true,"href":"https:\/\/latelier-mouche.fr\/index.php?rest_route=%2Fwp%2Fv2%2Fproduct_tag&post=4943"}],"curies":[{"name":"wp","href":"https:\/\/api.w.org\/{rel}","templated":true}]}}