{"id":4917,"date":"2025-02-19T10:59:59","date_gmt":"2025-02-19T09:59:59","guid":{"rendered":"https:\/\/latelier-mouche.fr\/?post_type=product&#038;p=4917"},"modified":"2025-02-19T11:06:29","modified_gmt":"2025-02-19T10:06:29","slug":"chest-pack","status":"publish","type":"product","link":"https:\/\/latelier-mouche.fr\/?product=chest-pack","title":{"rendered":"CHEST PACK"},"content":{"rendered":"","protected":false},"excerpt":{"rendered":"<div id=\"text_content\" class=\"content my-3\">\n<p>Ce chest pack ventral offre un large maintien dorsal pour un confort optimal lors de longues journ\u00e9es de p\u00eache. \u00c9quip\u00e9 d\u2019un support bobine int\u00e9gr\u00e9, il permet un acc\u00e8s rapide et pratique \u00e0 vos outils essentiels. La poche de rangement principale compartiment\u00e9e, avec un rabat sup\u00e9rieur et un patch velcro. Con\u00e7u pour \u00eatre compatible avec le sac \u00e0 dos Bug Out d\u2019Orvis, ce chest pack de 4L est fabriqu\u00e9 en CORDURA\u00ae 610D, dont 40% de mat\u00e9riaux recycl\u00e9s, garantissant robustesse et durabilit\u00e9 tout en respectant l\u2019environnement.<\/p>\n<\/div>\n<div id=\"text_presentation\" class=\"content my-3\">\n<p>Chest pack ventral<br \/>\n\u2022 large maintien dorsal<br \/>\n\u2022 Support bobine int\u00e9gr\u00e9<br \/>\n\u2022 Poche de rangement principale compartiment\u00e9e avec rabat sur le dessus \u00e9quip\u00e9 d\u2019un patch velcro<br \/>\n\u2022 Compatible avec le sac \u00e0 dos Bug Out Orvis<br \/>\n\u2022 Ext\u00e9rieur 100% CORDURA\u00ae 610D avec 40%de mat\u00e9riaux recycl\u00e9<br \/>\n\u2022 Contenance 4L<\/p>\n<\/div>\n","protected":false},"featured_media":4928,"comment_status":"closed","ping_status":"closed","template":"","meta":{"_monsterinsights_skip_tracking":false,"_monsterinsights_sitenote_active":false,"_monsterinsights_sitenote_note":"","_monsterinsights_sitenote_category":0,"site-sidebar-layout":"default","site-content-layout":"content-boxed-container","ast-global-header-display":"","ast-banner-title-visibility":"","ast-main-header-display":"","ast-hfb-above-header-display":"","ast-hfb-below-header-display":"","ast-hfb-mobile-header-display":"","site-post-title":"","ast-breadcrumbs-content":"","ast-featured-img":"","footer-sml-layout":"","theme-transparent-header-meta":"default","adv-header-id-meta":"","stick-header-meta":"","header-above-stick-meta":"","header-main-stick-meta":"","header-below-stick-meta":""},"product_cat":[73],"product_tag":[],"aioseo_notices":[],"_links":{"self":[{"href":"https:\/\/latelier-mouche.fr\/index.php?rest_route=\/wp\/v2\/product\/4917"}],"collection":[{"href":"https:\/\/latelier-mouche.fr\/index.php?rest_route=\/wp\/v2\/product"}],"about":[{"href":"https:\/\/latelier-mouche.fr\/index.php?rest_route=\/wp\/v2\/types\/product"}],"replies":[{"embeddable":true,"href":"https:\/\/latelier-mouche.fr\/index.php?rest_route=%2Fwp%2Fv2%2Fcomments&post=4917"}],"version-history":[{"count":1,"href":"https:\/\/latelier-mouche.fr\/index.php?rest_route=\/wp\/v2\/product\/4917\/revisions"}],"predecessor-version":[{"id":4929,"href":"https:\/\/latelier-mouche.fr\/index.php?rest_route=\/wp\/v2\/product\/4917\/revisions\/4929"}],"wp:featuredmedia":[{"embeddable":true,"href":"https:\/\/latelier-mouche.fr\/index.php?rest_route=\/wp\/v2\/media\/4928"}],"wp:attachment":[{"href":"https:\/\/latelier-mouche.fr\/index.php?rest_route=%2Fwp%2Fv2%2Fmedia&parent=4917"}],"wp:term":[{"taxonomy":"product_cat","embeddable":true,"href":"https:\/\/latelier-mouche.fr\/index.php?rest_route=%2Fwp%2Fv2%2Fproduct_cat&post=4917"},{"taxonomy":"product_tag","embeddable":true,"href":"https:\/\/latelier-mouche.fr\/index.php?rest_route=%2Fwp%2Fv2%2Fproduct_tag&post=4917"}],"curies":[{"name":"wp","href":"https:\/\/api.w.org\/{rel}","templated":true}]}}