{"id":4842,"date":"2025-02-09T19:10:43","date_gmt":"2025-02-09T18:10:43","guid":{"rendered":"https:\/\/latelier-mouche.fr\/?post_type=product&#038;p=4842"},"modified":"2025-02-09T19:16:00","modified_gmt":"2025-02-09T18:16:00","slug":"hydros-trout","status":"publish","type":"product","link":"https:\/\/latelier-mouche.fr\/?product=hydros-trout","title":{"rendered":"HYDROS TROUT"},"content":{"rendered":"<table>\n<thead>\n<tr>\n<th>Libell\u00e9<\/th>\n<th>R\u00e9f\u00e9rence<\/th>\n<th>Tarif<\/th>\n<th>Coloris<\/th>\n<th>Densit\u00e9<br \/>\n(soies)<\/th>\n<th>Profil<br \/>\n(soies)<\/th>\n<th>N\u00b0 Soie<br \/>\n(AFTMA)<\/th>\n<th>Longueur<br \/>\n(en m)<\/th>\n<th>Mati\u00e8re<\/th>\n<th>Numero de taille<\/th>\n<\/tr>\n<\/thead>\n<tbody>\n<tr>\n<td>Soie ORVIS Hydros Trout WF-3<\/td>\n<td>OR2ZJ12103<\/td>\n<td><\/td>\n<td>Olive Clair\/P\u00eache<\/td>\n<td>Flottante<\/td>\n<td>WF<\/td>\n<td>#3<\/td>\n<td>27<\/td>\n<td>PVC<\/td>\n<td>3<\/td>\n<\/tr>\n<tr>\n<td>Soie ORVIS Hydros Trout WF-4<\/td>\n<td>OR2ZJ12104<\/td>\n<td><\/td>\n<td>Olive Clair\/P\u00eache<\/td>\n<td>Flottante<\/td>\n<td>WF<\/td>\n<td>#4<\/td>\n<td>27<\/td>\n<td>PVC<\/td>\n<td>4<\/td>\n<\/tr>\n<tr>\n<td>Soie ORVIS Hydros Trout WF-5<\/td>\n<td>OR2ZJ12105<\/td>\n<td><\/td>\n<td>Olive Clair\/P\u00eache<\/td>\n<td>Flottante<\/td>\n<td>WF<\/td>\n<td>#5<\/td>\n<td>27<\/td>\n<td>PVC<\/td>\n<td>5<\/td>\n<\/tr>\n<tr>\n<td>Soie ORVIS Hydros Trout WF-6<\/td>\n<td>OR2ZJ12106<\/td>\n<td><\/td>\n<td>Olive Clair\/P\u00eache<\/td>\n<td>Flottante<\/td>\n<td>WF<\/td>\n<td>#6<\/td>\n<td>27<\/td>\n<td>PVC<\/td>\n<td>6<\/td>\n<\/tr>\n<\/tbody>\n<\/table>\n<div class=\"row bg-gris_light mb-5\">\n<table>\n<tbody>\n<tr>\n<td>Soie ORVIS Hydros Trout DT-3<\/td>\n<td>OR2ZJ32103<\/td>\n<td><\/td>\n<td>Jaune\/Moss<\/td>\n<td>Flottante<\/td>\n<td>DT<\/td>\n<td>#3<\/td>\n<td>27<\/td>\n<td>PVC<\/td>\n<td>3<\/td>\n<\/tr>\n<tr>\n<td>Soie ORVIS Hydros Trout DT-4<\/td>\n<td>OR2ZJ32104<\/td>\n<td><\/td>\n<td>Jaune\/Moss<\/td>\n<td>Flottante<\/td>\n<td>DT<\/td>\n<td>#4<\/td>\n<td>27<\/td>\n<td>PVC<\/td>\n<td>4<\/td>\n<\/tr>\n<tr>\n<td>Soie ORVIS Hydros Trout DT-5<\/td>\n<td>OR2ZJ32105<\/td>\n<td><\/td>\n<td>Jaune\/Moss<\/td>\n<td>Flottante<\/td>\n<td>DT<\/td>\n<td>#5<\/td>\n<td>27<\/td>\n<td>PVC<\/td>\n<td>5<\/td>\n<\/tr>\n<\/tbody>\n<\/table>\n<\/div>\n<div class=\"row bg-gris_light mb-5\"><\/div>\n","protected":false},"excerpt":{"rendered":"<div id=\"text_content\" class=\"content my-3\">\n<p>Cette soie particuli\u00e8rement souple et totalement d\u00e9pourvue de m\u00e9moire est destin\u00e9e aux techniques de p\u00eache moderne en nymphe. Son fuseau d\u00e9centr\u00e9 et sa t\u00eate visible offrent \u00e0 cette soie un panel tr\u00e8s large de techniques utilisables : espagnole, tch\u00e8que, polonaise, n\u00e9oz\u00e9landaise, et bien entendu le French Nymphing. Les micro-boucles aux extr\u00e9mit\u00e9s facilitent les diff\u00e9rents raccords entre la soie et le backing. Les deux mod\u00e8le P55 est une ligne parall\u00e8le extra souple au diam\u00e8tre limite autoris\u00e9 par la r\u00e9glementation internationale. Elles sont tr\u00e8s visibles. Elles se destinent principalement aux p\u00eacheurs r\u00e9guliers \u00e0 techniques.<\/p>\n<\/div>\n<div id=\"text_presentation\" class=\"content my-3\">\n<p>Souple et d\u00e9pourvue de m\u00e9moire<br \/>\n\u2022 Micro-boucle \u2013 Marquage laser<br \/>\n\u2022 Destin\u00e9e aux techniques de p\u00eache moderne en nymphe<br \/>\n\u2022 Fuseau d\u00e9centr\u00e9<br \/>\n\u2022 Bicolor<br \/>\n\u2022 Large panel de techniques utilisables : espagnole, tch\u00e8que, polonaise, n\u00e9oz\u00e9landaise, French Nymphing<br \/>\n\u2022 Mod\u00e8le P55 : ligne parall\u00e8le extra souple au diam\u00e8tre limite autoris\u00e9 par la r\u00e9glementation internationale<br \/>\n\u2022 25 m\u00e8tres.<\/p>\n<\/div>\n","protected":false},"featured_media":4856,"comment_status":"closed","ping_status":"closed","template":"","meta":{"_monsterinsights_skip_tracking":false,"_monsterinsights_sitenote_active":false,"_monsterinsights_sitenote_note":"","_monsterinsights_sitenote_category":0,"site-sidebar-layout":"default","site-content-layout":"content-boxed-container","ast-global-header-display":"","ast-banner-title-visibility":"","ast-main-header-display":"","ast-hfb-above-header-display":"","ast-hfb-below-header-display":"","ast-hfb-mobile-header-display":"","site-post-title":"","ast-breadcrumbs-content":"","ast-featured-img":"","footer-sml-layout":"","theme-transparent-header-meta":"default","adv-header-id-meta":"","stick-header-meta":"","header-above-stick-meta":"","header-main-stick-meta":"","header-below-stick-meta":""},"product_cat":[72],"product_tag":[],"aioseo_notices":[],"_links":{"self":[{"href":"https:\/\/latelier-mouche.fr\/index.php?rest_route=\/wp\/v2\/product\/4842"}],"collection":[{"href":"https:\/\/latelier-mouche.fr\/index.php?rest_route=\/wp\/v2\/product"}],"about":[{"href":"https:\/\/latelier-mouche.fr\/index.php?rest_route=\/wp\/v2\/types\/product"}],"replies":[{"embeddable":true,"href":"https:\/\/latelier-mouche.fr\/index.php?rest_route=%2Fwp%2Fv2%2Fcomments&post=4842"}],"version-history":[{"count":1,"href":"https:\/\/latelier-mouche.fr\/index.php?rest_route=\/wp\/v2\/product\/4842\/revisions"}],"predecessor-version":[{"id":4857,"href":"https:\/\/latelier-mouche.fr\/index.php?rest_route=\/wp\/v2\/product\/4842\/revisions\/4857"}],"wp:featuredmedia":[{"embeddable":true,"href":"https:\/\/latelier-mouche.fr\/index.php?rest_route=\/wp\/v2\/media\/4856"}],"wp:attachment":[{"href":"https:\/\/latelier-mouche.fr\/index.php?rest_route=%2Fwp%2Fv2%2Fmedia&parent=4842"}],"wp:term":[{"taxonomy":"product_cat","embeddable":true,"href":"https:\/\/latelier-mouche.fr\/index.php?rest_route=%2Fwp%2Fv2%2Fproduct_cat&post=4842"},{"taxonomy":"product_tag","embeddable":true,"href":"https:\/\/latelier-mouche.fr\/index.php?rest_route=%2Fwp%2Fv2%2Fproduct_tag&post=4842"}],"curies":[{"name":"wp","href":"https:\/\/api.w.org\/{rel}","templated":true}]}}