{"id":4822,"date":"2025-02-09T00:17:21","date_gmt":"2025-02-08T23:17:21","guid":{"rendered":"https:\/\/latelier-mouche.fr\/?post_type=product&#038;p=4822"},"modified":"2025-02-09T00:31:26","modified_gmt":"2025-02-08T23:31:26","slug":"astral","status":"publish","type":"product","link":"https:\/\/latelier-mouche.fr\/?product=astral","title":{"rendered":"ASTRAL"},"content":{"rendered":"<table>\n<thead>\n<tr>\n<th>Libell\u00e9<\/th>\n<th>R\u00e9f\u00e9rence<\/th>\n<th>Tarif<\/th>\n<th>Mati\u00e8re<\/th>\n<\/tr>\n<\/thead>\n<tbody>\n<tr>\n<td>ASTRAL Kola 46-T2 &#8211; WF5 + 100m de 20 lbs<\/td>\n<td>JMGRM7300-46<\/td>\n<td><\/td>\n<td>Aluminium<\/td>\n<\/tr>\n<tr>\n<td>ASTRAL Kola 79-T3 &#8211; WF8 + 90m de 30 lbs<\/td>\n<td>JMGRM7300-79<\/td>\n<td><\/td>\n<td>Aluminium<\/td>\n<\/tr>\n<tr>\n<td>Bobine JMC ASTRAL Kola &#8211; 46 &#8211; WF5 + 100m de 20 lbs<\/td>\n<td>JMGRM7301-46<\/td>\n<td><\/td>\n<td>Aluminium<\/td>\n<\/tr>\n<tr>\n<td>Bobine JMC ASTRAL Kola &#8211; 79- WF8 + 90m de 30 lbs<\/td>\n<td>JMGRM7301-79<\/td>\n<td><\/td>\n<td>Aluminium<\/td>\n<\/tr>\n<\/tbody>\n<\/table>\n","protected":false},"excerpt":{"rendered":"<div id=\"text_content\" class=\"content my-3\">\n<p>Enti\u00e8rement r\u00e9alis\u00e9 en aluminium usin\u00e9, le moulinet ASTRAL, avec la double anodisation Grey \/ Silver et son carter de frein \u00e9tanche Bronze conjugue \u00e9l\u00e9gance et performance. C\u2019est un v\u00e9ritable bijou qui comblera les p\u00eacheurs techniques et les amateurs de beaux objets. Le b\u00e2tit avec ses branches fines a volontairement \u00e9t\u00e9 \u00e9pur\u00e9 pour gagner au maximum en l\u00e9g\u00e8ret\u00e9. Le syst\u00e8me de frein microm\u00e9trique et ergonomique facilite la pr\u00e9cision des r\u00e9glages et permet d\u2019engager sereinement les combats m\u00eame sur des pointes tr\u00e8s fines.<\/p>\n<\/div>\n<div id=\"text_presentation\" class=\"content my-3\">\n<p>Aluminium usin\u00e9<br \/>\n\u2022 Double anodisation gris fonc\u00e9 avec finition argent<br \/>\n\u2022 Frein microm\u00e9trique avec bouton ergonomique<br \/>\n\u2022 Traitement marin<br \/>\n\u2022 Bobine extra large arbor<br \/>\n\u2022 R\u00e9versible droitier \/ gaucher<br \/>\n\u2022 Bobine suppl\u00e9mentaire<br \/>\n\u2022 \u00e9tui n\u00e9opr\u00e8ne.<\/p>\n<\/div>\n","protected":false},"featured_media":4839,"comment_status":"closed","ping_status":"closed","template":"","meta":{"_monsterinsights_skip_tracking":false,"_monsterinsights_sitenote_active":false,"_monsterinsights_sitenote_note":"","_monsterinsights_sitenote_category":0,"site-sidebar-layout":"default","site-content-layout":"content-boxed-container","ast-global-header-display":"","ast-banner-title-visibility":"","ast-main-header-display":"","ast-hfb-above-header-display":"","ast-hfb-below-header-display":"","ast-hfb-mobile-header-display":"","site-post-title":"","ast-breadcrumbs-content":"","ast-featured-img":"","footer-sml-layout":"","theme-transparent-header-meta":"default","adv-header-id-meta":"","stick-header-meta":"","header-above-stick-meta":"","header-main-stick-meta":"","header-below-stick-meta":""},"product_cat":[62],"product_tag":[],"aioseo_notices":[],"_links":{"self":[{"href":"https:\/\/latelier-mouche.fr\/index.php?rest_route=\/wp\/v2\/product\/4822"}],"collection":[{"href":"https:\/\/latelier-mouche.fr\/index.php?rest_route=\/wp\/v2\/product"}],"about":[{"href":"https:\/\/latelier-mouche.fr\/index.php?rest_route=\/wp\/v2\/types\/product"}],"replies":[{"embeddable":true,"href":"https:\/\/latelier-mouche.fr\/index.php?rest_route=%2Fwp%2Fv2%2Fcomments&post=4822"}],"version-history":[{"count":1,"href":"https:\/\/latelier-mouche.fr\/index.php?rest_route=\/wp\/v2\/product\/4822\/revisions"}],"predecessor-version":[{"id":4840,"href":"https:\/\/latelier-mouche.fr\/index.php?rest_route=\/wp\/v2\/product\/4822\/revisions\/4840"}],"wp:featuredmedia":[{"embeddable":true,"href":"https:\/\/latelier-mouche.fr\/index.php?rest_route=\/wp\/v2\/media\/4839"}],"wp:attachment":[{"href":"https:\/\/latelier-mouche.fr\/index.php?rest_route=%2Fwp%2Fv2%2Fmedia&parent=4822"}],"wp:term":[{"taxonomy":"product_cat","embeddable":true,"href":"https:\/\/latelier-mouche.fr\/index.php?rest_route=%2Fwp%2Fv2%2Fproduct_cat&post=4822"},{"taxonomy":"product_tag","embeddable":true,"href":"https:\/\/latelier-mouche.fr\/index.php?rest_route=%2Fwp%2Fv2%2Fproduct_tag&post=4822"}],"curies":[{"name":"wp","href":"https:\/\/api.w.org\/{rel}","templated":true}]}}