{"id":4806,"date":"2025-02-08T18:15:29","date_gmt":"2025-02-08T17:15:29","guid":{"rendered":"https:\/\/latelier-mouche.fr\/?post_type=product&#038;p=4806"},"modified":"2025-02-08T18:22:49","modified_gmt":"2025-02-08T17:22:49","slug":"helios-d","status":"publish","type":"product","link":"https:\/\/latelier-mouche.fr\/?product=helios-d","title":{"rendered":"HELIOS D"},"content":{"rendered":"<table>\n<thead>\n<tr>\n<th>Libell\u00e9<\/th>\n<th>R\u00e9f\u00e9rence<\/th>\n<th>Tarif<\/th>\n<th>Action<\/th>\n<th>N\u00b0 Soie<br \/>\n(AFTMA)<\/th>\n<th>Mati\u00e8re<\/th>\n<\/tr>\n<\/thead>\n<tbody>\n<tr>\n<td>Canne ORVIS Helios D 10&prime; #4 &#8211; 4 brins<\/td>\n<td>OR3E7S0451<\/td>\n<td>1399\u00a0\u20ac<\/td>\n<td>Fast<\/td>\n<td>#4<\/td>\n<td>Carbone<\/td>\n<\/tr>\n<\/tbody>\n<\/table>\n<div class=\"row bg-gris_light mb-5\">\n<table>\n<tbody>\n<tr>\n<td>Canne ORVIS Helios D 10&prime; #5 &#8211; 4 brins<\/td>\n<td>OR3E8F0451<\/td>\n<td>1399\u00a0\u20ac<\/td>\n<td>Fast<\/td>\n<td>#5<\/td>\n<td>Carbone<\/td>\n<\/tr>\n<\/tbody>\n<\/table>\n<table>\n<tbody>\n<tr>\n<td>Canne ORVIS Helios D 10&prime; #6 &#8211; 4 brins<\/td>\n<td>OR3E8M0451<\/td>\n<td>1499\u00a0\u20ac<\/td>\n<td>Fast<\/td>\n<td>#6<\/td>\n<td>Carbone<\/td>\n<\/tr>\n<\/tbody>\n<\/table>\n<table>\n<tbody>\n<tr>\n<td>Canne ORVIS Helios D 9&prime; #5 &#8211; 4 brins<\/td>\n<td>OR3E7Z0451<\/td>\n<td>1399\u00a0\u20ac<\/td>\n<td>Fast<\/td>\n<td>#5<\/td>\n<td>Carbone<\/td>\n<\/tr>\n<tr>\n<td>Canne ORVIS Helios D 9&rsquo;5 #5 &#8211; 4 brins<\/td>\n<td>OR3E8B0451<\/td>\n<td>1399\u00a0\u20ac<\/td>\n<td>Fast<\/td>\n<td>#5<\/td>\n<td>Carbone<\/td>\n<\/tr>\n<\/tbody>\n<\/table>\n<\/div>\n","protected":false},"excerpt":{"rendered":"<div id=\"text_content\" class=\"content my-3\">\n<div id=\"text_presentation\" class=\"content my-3\">\n<div id=\"text_content\" class=\"content my-3\"><\/div>\n<div id=\"text_presentation\" class=\"content my-3\">\n<div id=\"text_content\" class=\"content my-3\">\n<p>C\u2019est toute une exp\u00e9rience vieille de 168 ans qui s\u2019exprime en une gamme de cannes : les Helios. 7 ans de d\u00e9veloppement ont \u00e9t\u00e9 n\u00e9cessaire pour mettre au point les nouvelles cannes Helios. V\u00e9ritable fleuron de la marque int\u00e9gralement fabriqu\u00e9es aux USA, les cannes Helios ont travers\u00e9 les \u00e9poques et les g\u00e9n\u00e9rations sans jamais \u00eatre \u00e9gal\u00e9es. L\u2019Helios est un v\u00e9ritable concentr\u00e9 technologique d\u00e9fiant toutes les lois de la physique. La pr\u00e9cision pour seule obsession, cette nouvelle g\u00e9n\u00e9ration est 4 fois pr\u00e9cise que la H3, qui, n\u2019avait aucun \u00e9quivalent sur le march\u00e9. La gamme Helios offre le choix entre la puissance de la gamme D ou la finesse de pr\u00e9sentation de la gamme F permettant ainsi \u00e0 chacun de trouver l\u2019action correspondant \u00e0 son type de pratique ou son temp\u00e9rament de lancer. Un concept exclusif qui incarne tout le savoir-faire de la marque am\u00e9ricaine en mati\u00e8re de conception et d\u2019innovation.<\/p>\n<\/div>\n<div id=\"text_presentation\" class=\"content my-3\">\n<p>Blank\u00a0 Orvis H\u00e9lios D noir mat<br \/>\n\u2022 Action Rapide<br \/>\n\u2022 10% plus l\u00e9g\u00e8re que la Helios 3F<br \/>\n\u2022 R\u00e9sistance \u00e0 la d\u00e9formation 25% sup\u00e9rieure que la H\u00e9lios 3F \u2013 4 fois plus pr\u00e9cise que la Helios 3F<br \/>\n\u2022 Poign\u00e9e li\u00e8ge top grade<br \/>\n\u2022 Anneaux de d\u00e9part sic titanium<br \/>\n\u2022 Porte moulinet aluminium anodis\u00e9 noir avec insert bois pr\u00e9cieux<br \/>\n\u2022 Tube aluminium Orvis H\u00e9lios D.<\/p>\n<\/div>\n<\/div>\n<\/div>\n<\/div>\n<div id=\"text_presentation\" class=\"content my-3\">\n<div id=\"text_presentation\" class=\"content my-3\">\n<p>&nbsp;<\/p>\n<\/div>\n<\/div>\n","protected":false},"featured_media":4804,"comment_status":"closed","ping_status":"closed","template":"","meta":{"_monsterinsights_skip_tracking":false,"_monsterinsights_sitenote_active":false,"_monsterinsights_sitenote_note":"","_monsterinsights_sitenote_category":0,"site-sidebar-layout":"default","site-content-layout":"content-boxed-container","ast-global-header-display":"","ast-banner-title-visibility":"","ast-main-header-display":"","ast-hfb-above-header-display":"","ast-hfb-below-header-display":"","ast-hfb-mobile-header-display":"","site-post-title":"","ast-breadcrumbs-content":"","ast-featured-img":"","footer-sml-layout":"","theme-transparent-header-meta":"default","adv-header-id-meta":"","stick-header-meta":"","header-above-stick-meta":"","header-main-stick-meta":"","header-below-stick-meta":""},"product_cat":[69],"product_tag":[],"aioseo_notices":[],"_links":{"self":[{"href":"https:\/\/latelier-mouche.fr\/index.php?rest_route=\/wp\/v2\/product\/4806"}],"collection":[{"href":"https:\/\/latelier-mouche.fr\/index.php?rest_route=\/wp\/v2\/product"}],"about":[{"href":"https:\/\/latelier-mouche.fr\/index.php?rest_route=\/wp\/v2\/types\/product"}],"replies":[{"embeddable":true,"href":"https:\/\/latelier-mouche.fr\/index.php?rest_route=%2Fwp%2Fv2%2Fcomments&post=4806"}],"version-history":[{"count":1,"href":"https:\/\/latelier-mouche.fr\/index.php?rest_route=\/wp\/v2\/product\/4806\/revisions"}],"predecessor-version":[{"id":4821,"href":"https:\/\/latelier-mouche.fr\/index.php?rest_route=\/wp\/v2\/product\/4806\/revisions\/4821"}],"wp:featuredmedia":[{"embeddable":true,"href":"https:\/\/latelier-mouche.fr\/index.php?rest_route=\/wp\/v2\/media\/4804"}],"wp:attachment":[{"href":"https:\/\/latelier-mouche.fr\/index.php?rest_route=%2Fwp%2Fv2%2Fmedia&parent=4806"}],"wp:term":[{"taxonomy":"product_cat","embeddable":true,"href":"https:\/\/latelier-mouche.fr\/index.php?rest_route=%2Fwp%2Fv2%2Fproduct_cat&post=4806"},{"taxonomy":"product_tag","embeddable":true,"href":"https:\/\/latelier-mouche.fr\/index.php?rest_route=%2Fwp%2Fv2%2Fproduct_tag&post=4806"}],"curies":[{"name":"wp","href":"https:\/\/api.w.org\/{rel}","templated":true}]}}