{"id":4772,"date":"2025-02-08T13:07:42","date_gmt":"2025-02-08T12:07:42","guid":{"rendered":"https:\/\/latelier-mouche.fr\/?post_type=product&#038;p=4772"},"modified":"2025-02-08T13:24:59","modified_gmt":"2025-02-08T12:24:59","slug":"recon-freshwater","status":"publish","type":"product","link":"https:\/\/latelier-mouche.fr\/?product=recon-freshwater","title":{"rendered":"RECON FRESHWATER"},"content":{"rendered":"<table>\n<thead>\n<tr>\n<th>Libell\u00e9<\/th>\n<th>R\u00e9f\u00e9rence<\/th>\n<th>Tarif<\/th>\n<th>Action<\/th>\n<th>Encombrement<br \/>\n(en cm)<\/th>\n<th>Longueur<br \/>\n(en cm)<\/th>\n<th>Poign\u00e9e<\/th>\n<th>Coloris<\/th>\n<th>N\u00b0 Soie<br \/>\n(AFTMA)<\/th>\n<th>Mati\u00e8re<\/th>\n<th>Poids<br \/>\n(en gr)<\/th>\n<\/tr>\n<\/thead>\n<tbody>\n<tr>\n<td>Canne ORVIS Recon 7&rsquo;6 #2 &#8211; 4 brins<\/td>\n<td>OR2TMG5164<\/td>\n<td><\/td>\n<td>Medium fast \u00e0 fast<\/td>\n<td>58<\/td>\n<td>228<\/td>\n<td>Cigare<\/td>\n<td>Olive Mat<\/td>\n<td>#2<\/td>\n<td>Carbone<\/td>\n<td>64<\/td>\n<\/tr>\n<tr>\n<td>Canne ORVIS Recon 7&rsquo;6 #3 &#8211; 4 brins<\/td>\n<td>OR2TMH5164<\/td>\n<td><\/td>\n<td>Medium fast \u00e0 fast<\/td>\n<td>58<\/td>\n<td>228<\/td>\n<td>Cigare<\/td>\n<td>Olive Mat<\/td>\n<td>#3<\/td>\n<td>Carbone<\/td>\n<td>64<\/td>\n<\/tr>\n<tr>\n<td>Canne ORVIS Recon 8&rsquo;4 #3 &#8211; 4brins<\/td>\n<td>OR2TMJ5164<\/td>\n<td><\/td>\n<td>Medium fast \u00e0 fast<\/td>\n<td><\/td>\n<td><\/td>\n<td>Cigare<\/td>\n<td>Olive Mat<\/td>\n<td>#3<\/td>\n<td>Carbone<\/td>\n<td><\/td>\n<\/tr>\n<tr>\n<td>Canne ORVIS Recon 10&prime; #3 &#8211; 4 brins<\/td>\n<td>OR2TMK5164<\/td>\n<td><\/td>\n<td>Medium fast \u00e0 fast<\/td>\n<td>88<\/td>\n<td>305<\/td>\n<td>Tulipe fine + micro talon<\/td>\n<td>Olive Mat<\/td>\n<td>#3<\/td>\n<td>Carbone<\/td>\n<td>92<\/td>\n<\/tr>\n<tr>\n<td>Canne ORVIS Recon 8&rsquo;6 #4 &#8211; 4 brins<\/td>\n<td>OR2TMM5164<\/td>\n<td><\/td>\n<td>Medium fast \u00e0 fast<\/td>\n<td>65.5<\/td>\n<td>258<\/td>\n<td>Cigare<\/td>\n<td>Olive Mat<\/td>\n<td>#4<\/td>\n<td>Carbone<\/td>\n<td>78<\/td>\n<\/tr>\n<tr>\n<td>Canne ORVIS Recon 9&prime; #4 &#8211; 4 brins<\/td>\n<td>OR2TL55164<\/td>\n<td><\/td>\n<td>Medium fast \u00e0 fast<\/td>\n<td>80<\/td>\n<td>274<\/td>\n<td>Tulipe fine<\/td>\n<td>Olive Mat<\/td>\n<td>#4<\/td>\n<td>Carbone<\/td>\n<td>71<\/td>\n<\/tr>\n<tr>\n<td>Canne ORVIS Recon 10&prime; #4 &#8211; 4 brins<\/td>\n<td>OR2TMN5164<\/td>\n<td><\/td>\n<td>Medium fast \u00e0 fast<\/td>\n<td>88<\/td>\n<td>305<\/td>\n<td>Tulipe fine<\/td>\n<td>Olive Mat<\/td>\n<td>#4<\/td>\n<td>Carbone<\/td>\n<td>85<\/td>\n<\/tr>\n<tr>\n<td>Canne ORVIS Recon 8&rsquo;6 #5 &#8211; 4 brins<\/td>\n<td>OR2TL65164<\/td>\n<td><\/td>\n<td>Medium fast \u00e0 fast<\/td>\n<td>65.5<\/td>\n<td>258<\/td>\n<td>Cigare<\/td>\n<td>Olive Mat<\/td>\n<td>#5<\/td>\n<td>Carbone<\/td>\n<td>78<\/td>\n<\/tr>\n<tr>\n<td>Canne ORVIS Recon 9&prime; #5 &#8211; 4 brins<\/td>\n<td>OR2TL75164<\/td>\n<td><\/td>\n<td>Medium fast \u00e0 fast<\/td>\n<td>80<\/td>\n<td>274<\/td>\n<td>Tulipe fine<\/td>\n<td>Olive Mat<\/td>\n<td>#5<\/td>\n<td>Carbone<\/td>\n<td>85<\/td>\n<\/tr>\n<tr>\n<td>Canne ORVIS Recon 10&prime; #5 &#8211; 4 brins<\/td>\n<td>OR2TMP5164<\/td>\n<td><\/td>\n<td>Medium fast \u00e0 fast<\/td>\n<td>88<\/td>\n<td>305<\/td>\n<td>Tulipe fine<\/td>\n<td>Olive Mat<\/td>\n<td>#5<\/td>\n<td>Carbone<\/td>\n<td>85<\/td>\n<\/tr>\n<tr>\n<td>Canne ORVIS Recon 9&prime; #6 &#8211; 4 brins<\/td>\n<td>OR2TL85164<\/td>\n<td><\/td>\n<td>Medium fast \u00e0 fast<\/td>\n<td>80<\/td>\n<td>274<\/td>\n<td>Tulipe fine<\/td>\n<td>Olive Mat<\/td>\n<td>#6<\/td>\n<td>Carbone<\/td>\n<td>85<\/td>\n<\/tr>\n<\/tbody>\n<\/table>\n","protected":false},"excerpt":{"rendered":"<p>&nbsp;<\/p>\n<div id=\"text_content\" class=\"content my-3\">\n<div id=\"text_content\" class=\"content my-3\">\n<p>Les cannes ORVIS Clearwater s\u2019imposent comme une r\u00e9f\u00e9rence dans le monde de la p\u00eache \u00e0 la mouche notamment gr\u00e2ce \u00e0 un exellent rapport qualit\u00e9\/prix. La profondeur de gamme est tr\u00e8s compl\u00e8te. On y retrouve aussi bien des cannes courtes pour la p\u00eache fine en ruisseaux, que des mod\u00e8les \u00e0 deux mains destin\u00e9s \u00e0 la traque des migrateurs. Chaque canne dispose d\u2019une longueur, d\u2019une action et d\u2019une poign\u00e9e adapt\u00e9es \u00e0 une technique sp\u00e9cifique. Les cannes ORVIS Clearwater disposent toutes d\u2019une garantie de 25 ans<\/p>\n<\/div>\n<div id=\"text_presentation\" class=\"content my-3\">\n<p>Action semi rapide \u00e0 rapide<br \/>\n\u2022 Blank gris anthracite vernis<br \/>\n\u2022 Anneaux serpentiformes chrom\u00e9s<br \/>\n\u2022 Poign\u00e9e tulipe modifi\u00e9e exclusive<br \/>\n\u2022 Poigne li\u00e8ge haute qualit\u00e9<br \/>\n\u2022 Porte moulinet en aluminium black nickel<br \/>\n\u2022 Etui compartiment\u00e9 en cordura<br \/>\n\u2022 Points d\u2019alignement<br \/>\n\u2022 Garantie 25 ans Orvis.<\/p>\n<\/div>\n<\/div>\n<div id=\"text_presentation\" class=\"content my-3\">\n<div id=\"text_presentation\" class=\"content my-3\">\n<p>&nbsp;<\/p>\n<\/div>\n<\/div>\n","protected":false},"featured_media":4783,"comment_status":"closed","ping_status":"closed","template":"","meta":{"_monsterinsights_skip_tracking":false,"_monsterinsights_sitenote_active":false,"_monsterinsights_sitenote_note":"","_monsterinsights_sitenote_category":0,"site-sidebar-layout":"default","site-content-layout":"content-boxed-container","ast-global-header-display":"","ast-banner-title-visibility":"","ast-main-header-display":"","ast-hfb-above-header-display":"","ast-hfb-below-header-display":"","ast-hfb-mobile-header-display":"","site-post-title":"","ast-breadcrumbs-content":"","ast-featured-img":"","footer-sml-layout":"","theme-transparent-header-meta":"default","adv-header-id-meta":"","stick-header-meta":"","header-above-stick-meta":"","header-main-stick-meta":"","header-below-stick-meta":""},"product_cat":[69],"product_tag":[],"aioseo_notices":[],"_links":{"self":[{"href":"https:\/\/latelier-mouche.fr\/index.php?rest_route=\/wp\/v2\/product\/4772"}],"collection":[{"href":"https:\/\/latelier-mouche.fr\/index.php?rest_route=\/wp\/v2\/product"}],"about":[{"href":"https:\/\/latelier-mouche.fr\/index.php?rest_route=\/wp\/v2\/types\/product"}],"replies":[{"embeddable":true,"href":"https:\/\/latelier-mouche.fr\/index.php?rest_route=%2Fwp%2Fv2%2Fcomments&post=4772"}],"version-history":[{"count":1,"href":"https:\/\/latelier-mouche.fr\/index.php?rest_route=\/wp\/v2\/product\/4772\/revisions"}],"predecessor-version":[{"id":4788,"href":"https:\/\/latelier-mouche.fr\/index.php?rest_route=\/wp\/v2\/product\/4772\/revisions\/4788"}],"wp:featuredmedia":[{"embeddable":true,"href":"https:\/\/latelier-mouche.fr\/index.php?rest_route=\/wp\/v2\/media\/4783"}],"wp:attachment":[{"href":"https:\/\/latelier-mouche.fr\/index.php?rest_route=%2Fwp%2Fv2%2Fmedia&parent=4772"}],"wp:term":[{"taxonomy":"product_cat","embeddable":true,"href":"https:\/\/latelier-mouche.fr\/index.php?rest_route=%2Fwp%2Fv2%2Fproduct_cat&post=4772"},{"taxonomy":"product_tag","embeddable":true,"href":"https:\/\/latelier-mouche.fr\/index.php?rest_route=%2Fwp%2Fv2%2Fproduct_tag&post=4772"}],"curies":[{"name":"wp","href":"https:\/\/api.w.org\/{rel}","templated":true}]}}