{"id":4759,"date":"2025-02-08T12:57:57","date_gmt":"2025-02-08T11:57:57","guid":{"rendered":"https:\/\/latelier-mouche.fr\/?post_type=product&#038;p=4759"},"modified":"2025-02-08T13:03:10","modified_gmt":"2025-02-08T12:03:10","slug":"encounter","status":"publish","type":"product","link":"https:\/\/latelier-mouche.fr\/?product=encounter","title":{"rendered":"Encounter"},"content":{"rendered":"<div id=\"variations\" class=\"row my-6\">\n<table>\n<thead>\n<tr>\n<th>Libell\u00e9<\/th>\n<th>R\u00e9f\u00e9rence<\/th>\n<th>Tarif<\/th>\n<\/tr>\n<\/thead>\n<tbody>\n<tr>\n<td>Encounter 8&rsquo;6 #5 &#8211; 4 brins<\/td>\n<td>OR3JB45163<\/td>\n<td>219.00\u00a0\u20ac<\/td>\n<\/tr>\n<tr>\n<td>Encounter 9&rsquo;0 #5 &#8211; 4 brins<\/td>\n<td>OR3JB55163<\/td>\n<td>219.00\u00a0\u20ac<\/td>\n<\/tr>\n<tr>\n<td>Encounter 9&rsquo;0 #6 &#8211; 4 brins<\/td>\n<td>OR3JB65163<\/td>\n<td>219.00\u00a0\u20ac<\/td>\n<\/tr>\n<tr>\n<td>Encounter 9&rsquo;0 #8 &#8211; 4 brins<\/td>\n<td>OR3JB85163<\/td>\n<td>219.00\u00a0\u20ac<\/td>\n<\/tr>\n<\/tbody>\n<\/table>\n<\/div>\n<div class=\"row bg-gris_light mb-5\"><\/div>\n","protected":false},"excerpt":{"rendered":"<div id=\"text_content\" class=\"content my-3\">\n<p>La canne ORVIS ENCOUNTER avec sa finition tr\u00e8s soign\u00e9e est con\u00e7ue pour allier performance avec \u00e9l\u00e9gance tout en conservant un rapport qualit\u00e9\/prix remarquable. Son action m\u00e9dium-fast garantie une rapide prise en main. La poign\u00e9e tulipe modifi\u00e9e, en li\u00e8ge de qualit\u00e9 AA, assure un confort optimal lors de vos sessions de p\u00eache. Pour un transport s\u00e9curis\u00e9, cette canne est livr\u00e9e avec un \u00e9tui compartiment\u00e9 et un tube de protection en Cordura.<\/p>\n<\/div>\n<div id=\"text_presentation\" class=\"content my-3\">\n<p>Action semi rapide<br \/>\n\u2022 Blank vert olive vernis<br \/>\n\u2022 Anneaux serpentiformes chrom\u00e9s<br \/>\n\u2022 Poign\u00e9e tulipe modifi\u00e9e exclusive<br \/>\n\u2022 Poigne li\u00e8ge AA<br \/>\n\u2022 Porte moulinet en aluminium black nickel<br \/>\n\u2022 Etui compartiment\u00e9 en cordura<br \/>\n\u2022 Points d\u2019alignement<br \/>\n\u2022 livr\u00e9e en tube cordura.<\/p>\n<\/div>\n<div id=\"text_presentation\" class=\"content my-3\">\n<div id=\"text_presentation\" class=\"content my-3\">\n<p>&nbsp;<\/p>\n<\/div>\n<\/div>\n","protected":false},"featured_media":4770,"comment_status":"closed","ping_status":"closed","template":"","meta":{"_monsterinsights_skip_tracking":false,"_monsterinsights_sitenote_active":false,"_monsterinsights_sitenote_note":"","_monsterinsights_sitenote_category":0,"site-sidebar-layout":"default","site-content-layout":"content-boxed-container","ast-global-header-display":"","ast-banner-title-visibility":"","ast-main-header-display":"","ast-hfb-above-header-display":"","ast-hfb-below-header-display":"","ast-hfb-mobile-header-display":"","site-post-title":"","ast-breadcrumbs-content":"","ast-featured-img":"","footer-sml-layout":"","theme-transparent-header-meta":"default","adv-header-id-meta":"","stick-header-meta":"","header-above-stick-meta":"","header-main-stick-meta":"","header-below-stick-meta":""},"product_cat":[69],"product_tag":[],"aioseo_notices":[],"_links":{"self":[{"href":"https:\/\/latelier-mouche.fr\/index.php?rest_route=\/wp\/v2\/product\/4759"}],"collection":[{"href":"https:\/\/latelier-mouche.fr\/index.php?rest_route=\/wp\/v2\/product"}],"about":[{"href":"https:\/\/latelier-mouche.fr\/index.php?rest_route=\/wp\/v2\/types\/product"}],"replies":[{"embeddable":true,"href":"https:\/\/latelier-mouche.fr\/index.php?rest_route=%2Fwp%2Fv2%2Fcomments&post=4759"}],"version-history":[{"count":1,"href":"https:\/\/latelier-mouche.fr\/index.php?rest_route=\/wp\/v2\/product\/4759\/revisions"}],"predecessor-version":[{"id":4771,"href":"https:\/\/latelier-mouche.fr\/index.php?rest_route=\/wp\/v2\/product\/4759\/revisions\/4771"}],"wp:featuredmedia":[{"embeddable":true,"href":"https:\/\/latelier-mouche.fr\/index.php?rest_route=\/wp\/v2\/media\/4770"}],"wp:attachment":[{"href":"https:\/\/latelier-mouche.fr\/index.php?rest_route=%2Fwp%2Fv2%2Fmedia&parent=4759"}],"wp:term":[{"taxonomy":"product_cat","embeddable":true,"href":"https:\/\/latelier-mouche.fr\/index.php?rest_route=%2Fwp%2Fv2%2Fproduct_cat&post=4759"},{"taxonomy":"product_tag","embeddable":true,"href":"https:\/\/latelier-mouche.fr\/index.php?rest_route=%2Fwp%2Fv2%2Fproduct_tag&post=4759"}],"curies":[{"name":"wp","href":"https:\/\/api.w.org\/{rel}","templated":true}]}}