{"id":4728,"date":"2025-02-06T22:54:30","date_gmt":"2025-02-06T21:54:30","guid":{"rendered":"https:\/\/latelier-mouche.fr\/?post_type=product&#038;p=4728"},"modified":"2025-10-30T17:01:01","modified_gmt":"2025-10-30T16:01:01","slug":"stunt-michelin","status":"publish","type":"product","link":"https:\/\/latelier-mouche.fr\/?product=stunt-michelin","title":{"rendered":"STUNT MICHELIN"},"content":{"rendered":"","protected":false},"excerpt":{"rendered":"<div id=\"text_content\" class=\"content my-3\">\n<p>L\u00e9g\u00e8res, confortables et robustes, ces chaussants techniques ont tous les atouts pour venir se postionner en produits haut de gamme de la marque. La conception \u00e0 partir d\u2019un v\u00e9ritable cuir naturel et d\u2019un polyester Ripstop permet d\u2019obtenir une tige souple et r\u00e9sistance \u00e0 l\u2019abrasion. Les renforts caoutchouc cousus\/coll\u00e9s \u00e0 l\u2019avant et au talon, la semelle interm\u00e9diaire en EVA haute densit\u00e9 associ\u00e9e \u00e0 un semelle int\u00e9rieure en PU anatomique, garantissent au p\u00eacheur un confort et un amorti optimal. Autre nouveaut\u00e9, les Chaussures Hydrox Stunt poss\u00e8dent des semelles Michelin con\u00e7ues sp\u00e9cifiquement pour la p\u00eache, qui se distinguent par leur qualit\u00e9 d\u2019adh\u00e9rence mais aussi par leur long\u00e9vit\u00e9<\/p>\n<\/div>\n<div id=\"text_presentation\" class=\"content my-3\">\n<p>Chaussures de wading con\u00e7ues en Ripstop et Cuir naturel 100%<br \/>\n\u2022 Renforts caouctchouc avant triple couture et coll\u00e9<br \/>\n\u2022 Renfort arri\u00e8re<br \/>\n\u2022 Int\u00e9rieur mousse haute densit\u00e9 et mesh respirant<br \/>\n\u2022 Semelle int\u00e9rieure anatomique<br \/>\n\u2022 Semelle interm\u00e9diaire Michelin EVA haute densit\u00e9<br \/>\n\u2022 Semelle Michelin<br \/>\n\u2022 1270g la paire en taille 42<\/p>\n<\/div>\n","protected":false},"featured_media":5461,"comment_status":"closed","ping_status":"closed","template":"","meta":{"_monsterinsights_skip_tracking":false,"_monsterinsights_sitenote_active":false,"_monsterinsights_sitenote_note":"","_monsterinsights_sitenote_category":0,"site-sidebar-layout":"default","site-content-layout":"content-boxed-container","ast-global-header-display":"","ast-banner-title-visibility":"","ast-main-header-display":"","ast-hfb-above-header-display":"","ast-hfb-below-header-display":"","ast-hfb-mobile-header-display":"","site-post-title":"","ast-breadcrumbs-content":"","ast-featured-img":"","footer-sml-layout":"","theme-transparent-header-meta":"default","adv-header-id-meta":"","stick-header-meta":"","header-above-stick-meta":"","header-main-stick-meta":"","header-below-stick-meta":""},"product_cat":[67],"product_tag":[],"aioseo_notices":[],"_links":{"self":[{"href":"https:\/\/latelier-mouche.fr\/index.php?rest_route=\/wp\/v2\/product\/4728"}],"collection":[{"href":"https:\/\/latelier-mouche.fr\/index.php?rest_route=\/wp\/v2\/product"}],"about":[{"href":"https:\/\/latelier-mouche.fr\/index.php?rest_route=\/wp\/v2\/types\/product"}],"replies":[{"embeddable":true,"href":"https:\/\/latelier-mouche.fr\/index.php?rest_route=%2Fwp%2Fv2%2Fcomments&post=4728"}],"version-history":[{"count":1,"href":"https:\/\/latelier-mouche.fr\/index.php?rest_route=\/wp\/v2\/product\/4728\/revisions"}],"predecessor-version":[{"id":4745,"href":"https:\/\/latelier-mouche.fr\/index.php?rest_route=\/wp\/v2\/product\/4728\/revisions\/4745"}],"wp:featuredmedia":[{"embeddable":true,"href":"https:\/\/latelier-mouche.fr\/index.php?rest_route=\/wp\/v2\/media\/5461"}],"wp:attachment":[{"href":"https:\/\/latelier-mouche.fr\/index.php?rest_route=%2Fwp%2Fv2%2Fmedia&parent=4728"}],"wp:term":[{"taxonomy":"product_cat","embeddable":true,"href":"https:\/\/latelier-mouche.fr\/index.php?rest_route=%2Fwp%2Fv2%2Fproduct_cat&post=4728"},{"taxonomy":"product_tag","embeddable":true,"href":"https:\/\/latelier-mouche.fr\/index.php?rest_route=%2Fwp%2Fv2%2Fproduct_tag&post=4728"}],"curies":[{"name":"wp","href":"https:\/\/api.w.org\/{rel}","templated":true}]}}