{"id":4701,"date":"2025-02-06T22:25:58","date_gmt":"2025-02-06T21:25:58","guid":{"rendered":"https:\/\/latelier-mouche.fr\/?post_type=product&#038;p=4701"},"modified":"2025-02-06T22:41:17","modified_gmt":"2025-02-06T21:41:17","slug":"evolution-g2","status":"publish","type":"product","link":"https:\/\/latelier-mouche.fr\/?product=evolution-g2","title":{"rendered":"Evolution G2"},"content":{"rendered":"","protected":false},"excerpt":{"rendered":"<div id=\"text_content\" class=\"content my-3\">\n<p>Les waders de p\u00eache HYDROX EVOLUTION G2 offre une protection maximale et un confort optimal. Il dispose d\u2019une membrane imperm\u00e9able de 4 couches garantissant une \u00e9tanch\u00e9it\u00e9 de 20 000 mm pour une respirabilit\u00e9 de 7000 MVP qui assure l\u2019\u00e9vacuation efficace de l\u2019humidit\u00e9 interne. Le rev\u00eatement en Teflon augmente la r\u00e9sistance du wader en prot\u00e9geant contre l\u2019usure, tandis que les coutures sont strat\u00e9giquement positionn\u00e9es en dehors des zones de frottements. Ce wader est \u00e9galement \u00e9quip\u00e9 d\u2019une grande poche ventrale zipp\u00e9e ainsi que de suspenseurs permettant de fixer et organiser ses accessoires. Les chaussons en n\u00e9opr\u00e8ne bi-densit\u00e9 de 4 mm offrent une isolation thermique efficace. Une ceinture de wading est incluse pour un ajustement optimal, et les bretelles \u00e9lastiques r\u00e9glables permettent d\u2019adapter le wader \u00e0 votre morphologie pour un confort personnalis\u00e9. Disponible en 9 tailles diff\u00e9rentes, ce wader garantit un ajustement parfait pour tous les p\u00eacheurs.<\/p>\n<\/div>\n<div id=\"text_presentation\" class=\"content my-3\">\n<p>Membrane imperm\u00e9able et respirante 4 couches \u2013 Etanch\u00e9it\u00e9 20000mm \u2013 Respirabilit\u00e9 7000 MVP \u2013 Rev\u00eatement Teflon<br \/>\n\u2022 Coutures positionn\u00e9es en dehors des zones de frottements \u2013 Large poche ventrale zipp\u00e9e \u2013 Suspenseurs d\u2019accessoires<br \/>\n\u2022 Chaussons en n\u00e9opr\u00e8ne bi densit\u00e9 4 mm<br \/>\n\u2022 ceinture de wading<br \/>\n\u2022 Bretelles \u00e9lastiques r\u00e9glables \u2013 Disponible en 9 tailles \u2013 Ajustement parfait.<\/p>\n<\/div>\n","protected":false},"featured_media":4712,"comment_status":"closed","ping_status":"closed","template":"","meta":{"_monsterinsights_skip_tracking":false,"_monsterinsights_sitenote_active":false,"_monsterinsights_sitenote_note":"","_monsterinsights_sitenote_category":0,"site-sidebar-layout":"default","site-content-layout":"content-boxed-container","ast-global-header-display":"","ast-banner-title-visibility":"","ast-main-header-display":"","ast-hfb-above-header-display":"","ast-hfb-below-header-display":"","ast-hfb-mobile-header-display":"","site-post-title":"","ast-breadcrumbs-content":"","ast-featured-img":"","footer-sml-layout":"","theme-transparent-header-meta":"default","adv-header-id-meta":"","stick-header-meta":"","header-above-stick-meta":"","header-main-stick-meta":"","header-below-stick-meta":""},"product_cat":[67],"product_tag":[],"aioseo_notices":[],"_links":{"self":[{"href":"https:\/\/latelier-mouche.fr\/index.php?rest_route=\/wp\/v2\/product\/4701"}],"collection":[{"href":"https:\/\/latelier-mouche.fr\/index.php?rest_route=\/wp\/v2\/product"}],"about":[{"href":"https:\/\/latelier-mouche.fr\/index.php?rest_route=\/wp\/v2\/types\/product"}],"replies":[{"embeddable":true,"href":"https:\/\/latelier-mouche.fr\/index.php?rest_route=%2Fwp%2Fv2%2Fcomments&post=4701"}],"version-history":[{"count":2,"href":"https:\/\/latelier-mouche.fr\/index.php?rest_route=\/wp\/v2\/product\/4701\/revisions"}],"predecessor-version":[{"id":4714,"href":"https:\/\/latelier-mouche.fr\/index.php?rest_route=\/wp\/v2\/product\/4701\/revisions\/4714"}],"wp:featuredmedia":[{"embeddable":true,"href":"https:\/\/latelier-mouche.fr\/index.php?rest_route=\/wp\/v2\/media\/4712"}],"wp:attachment":[{"href":"https:\/\/latelier-mouche.fr\/index.php?rest_route=%2Fwp%2Fv2%2Fmedia&parent=4701"}],"wp:term":[{"taxonomy":"product_cat","embeddable":true,"href":"https:\/\/latelier-mouche.fr\/index.php?rest_route=%2Fwp%2Fv2%2Fproduct_cat&post=4701"},{"taxonomy":"product_tag","embeddable":true,"href":"https:\/\/latelier-mouche.fr\/index.php?rest_route=%2Fwp%2Fv2%2Fproduct_tag&post=4701"}],"curies":[{"name":"wp","href":"https:\/\/api.w.org\/{rel}","templated":true}]}}