{"id":4683,"date":"2025-02-06T22:13:21","date_gmt":"2025-02-06T21:13:21","guid":{"rendered":"https:\/\/latelier-mouche.fr\/?post_type=product&#038;p=4683"},"modified":"2025-02-06T22:19:16","modified_gmt":"2025-02-06T21:19:16","slug":"veste-trooper","status":"publish","type":"product","link":"https:\/\/latelier-mouche.fr\/?product=veste-trooper","title":{"rendered":"Veste  TROOPER"},"content":{"rendered":"","protected":false},"excerpt":{"rendered":"<div id=\"text_content\" class=\"content my-3\">\n<p>La gamme Hydrox Trooper a principalement \u00e9t\u00e9 d\u00e9velopp\u00e9e pour la pratique de la p\u00eache en wading. Cette veste technique est \u00e0 la fois imperm\u00e9able et respirante notamment gr\u00e2ce \u00e0 ses trois couches en membrane Breath Tec. Ses deux grandes poches \u00e0 rabats, ses deux poches zipp\u00e9es, ses suspenseurs d\u2019accessoires et son anneau dorsal font de ce produit ultra fonctionnel un incontournable dans l\u2019univers du textile sp\u00e9cialis\u00e9.<\/p>\n<\/div>\n<div id=\"text_presentation\" class=\"content my-3\">\n<p>Veste de wading imperm\u00e9able et respirante 3 couches<br \/>\n\u2022 2 grandes poches \u00e0 rabat<br \/>\n\u2022 2 poches zipp\u00e9es<br \/>\n\u2022 suspenseurs accessoires<br \/>\n\u2022 anneau dorsal<br \/>\n\u2022 membrane X3-BreathTec 10000mm\/5000mvp<br \/>\n\u2022 Rev\u00eatement 100% polyester\/Ripstop<\/p>\n<\/div>\n","protected":false},"featured_media":4695,"comment_status":"closed","ping_status":"closed","template":"","meta":{"_monsterinsights_skip_tracking":false,"_monsterinsights_sitenote_active":false,"_monsterinsights_sitenote_note":"","_monsterinsights_sitenote_category":0,"site-sidebar-layout":"default","site-content-layout":"content-boxed-container","ast-global-header-display":"","ast-banner-title-visibility":"","ast-main-header-display":"","ast-hfb-above-header-display":"","ast-hfb-below-header-display":"","ast-hfb-mobile-header-display":"","site-post-title":"","ast-breadcrumbs-content":"","ast-featured-img":"","footer-sml-layout":"","theme-transparent-header-meta":"default","adv-header-id-meta":"","stick-header-meta":"","header-above-stick-meta":"","header-main-stick-meta":"","header-below-stick-meta":""},"product_cat":[66],"product_tag":[],"aioseo_notices":[],"_links":{"self":[{"href":"https:\/\/latelier-mouche.fr\/index.php?rest_route=\/wp\/v2\/product\/4683"}],"collection":[{"href":"https:\/\/latelier-mouche.fr\/index.php?rest_route=\/wp\/v2\/product"}],"about":[{"href":"https:\/\/latelier-mouche.fr\/index.php?rest_route=\/wp\/v2\/types\/product"}],"replies":[{"embeddable":true,"href":"https:\/\/latelier-mouche.fr\/index.php?rest_route=%2Fwp%2Fv2%2Fcomments&post=4683"}],"version-history":[{"count":1,"href":"https:\/\/latelier-mouche.fr\/index.php?rest_route=\/wp\/v2\/product\/4683\/revisions"}],"predecessor-version":[{"id":4700,"href":"https:\/\/latelier-mouche.fr\/index.php?rest_route=\/wp\/v2\/product\/4683\/revisions\/4700"}],"wp:featuredmedia":[{"embeddable":true,"href":"https:\/\/latelier-mouche.fr\/index.php?rest_route=\/wp\/v2\/media\/4695"}],"wp:attachment":[{"href":"https:\/\/latelier-mouche.fr\/index.php?rest_route=%2Fwp%2Fv2%2Fmedia&parent=4683"}],"wp:term":[{"taxonomy":"product_cat","embeddable":true,"href":"https:\/\/latelier-mouche.fr\/index.php?rest_route=%2Fwp%2Fv2%2Fproduct_cat&post=4683"},{"taxonomy":"product_tag","embeddable":true,"href":"https:\/\/latelier-mouche.fr\/index.php?rest_route=%2Fwp%2Fv2%2Fproduct_tag&post=4683"}],"curies":[{"name":"wp","href":"https:\/\/api.w.org\/{rel}","templated":true}]}}