{"id":4670,"date":"2025-02-06T22:03:19","date_gmt":"2025-02-06T21:03:19","guid":{"rendered":"https:\/\/latelier-mouche.fr\/?post_type=product&#038;p=4670"},"modified":"2025-02-06T22:09:24","modified_gmt":"2025-02-06T21:09:24","slug":"veste-tempete","status":"publish","type":"product","link":"https:\/\/latelier-mouche.fr\/?product=veste-tempete","title":{"rendered":"Veste  TEMPETE"},"content":{"rendered":"","protected":false},"excerpt":{"rendered":"<div id=\"text_content\" class=\"content my-3\">\n<p>La triple membrane Tempest\u00ae de cette veste garantit une imperm\u00e9abilit\u00e9 parfaite et une \u00e9vacuation rapide de la transpiration, m\u00eame dans des conditions extr\u00eames. Les fermetures imperm\u00e9ables, les nombreuses poches, le col doubl\u00e9 en micro polaire et la coupe ample avec les bras pr\u00e9form\u00e9s, sont pens\u00e9s pour le confort maximum du p\u00eacheur.<\/p>\n<\/div>\n<div id=\"text_presentation\" class=\"content my-3\">\n<p>Veste imperm\u00e9able et respirante con\u00e7ue en 3 couches<br \/>\n\u2022 membrane Tempest<br \/>\n\u2022 2 larges poches ventrales<br \/>\n\u2022 2 poches zipp\u00e9es<br \/>\n\u2022 manchons n\u00e9opr\u00e8ne<br \/>\n\u2022 capuche r\u00e9glable<\/p>\n<\/div>\n","protected":false},"featured_media":4681,"comment_status":"closed","ping_status":"closed","template":"","meta":{"_monsterinsights_skip_tracking":false,"_monsterinsights_sitenote_active":false,"_monsterinsights_sitenote_note":"","_monsterinsights_sitenote_category":0,"site-sidebar-layout":"default","site-content-layout":"content-boxed-container","ast-global-header-display":"","ast-banner-title-visibility":"","ast-main-header-display":"","ast-hfb-above-header-display":"","ast-hfb-below-header-display":"","ast-hfb-mobile-header-display":"","site-post-title":"","ast-breadcrumbs-content":"","ast-featured-img":"","footer-sml-layout":"","theme-transparent-header-meta":"default","adv-header-id-meta":"","stick-header-meta":"","header-above-stick-meta":"","header-main-stick-meta":"","header-below-stick-meta":""},"product_cat":[66],"product_tag":[],"aioseo_notices":[],"_links":{"self":[{"href":"https:\/\/latelier-mouche.fr\/index.php?rest_route=\/wp\/v2\/product\/4670"}],"collection":[{"href":"https:\/\/latelier-mouche.fr\/index.php?rest_route=\/wp\/v2\/product"}],"about":[{"href":"https:\/\/latelier-mouche.fr\/index.php?rest_route=\/wp\/v2\/types\/product"}],"replies":[{"embeddable":true,"href":"https:\/\/latelier-mouche.fr\/index.php?rest_route=%2Fwp%2Fv2%2Fcomments&post=4670"}],"version-history":[{"count":1,"href":"https:\/\/latelier-mouche.fr\/index.php?rest_route=\/wp\/v2\/product\/4670\/revisions"}],"predecessor-version":[{"id":4682,"href":"https:\/\/latelier-mouche.fr\/index.php?rest_route=\/wp\/v2\/product\/4670\/revisions\/4682"}],"wp:featuredmedia":[{"embeddable":true,"href":"https:\/\/latelier-mouche.fr\/index.php?rest_route=\/wp\/v2\/media\/4681"}],"wp:attachment":[{"href":"https:\/\/latelier-mouche.fr\/index.php?rest_route=%2Fwp%2Fv2%2Fmedia&parent=4670"}],"wp:term":[{"taxonomy":"product_cat","embeddable":true,"href":"https:\/\/latelier-mouche.fr\/index.php?rest_route=%2Fwp%2Fv2%2Fproduct_cat&post=4670"},{"taxonomy":"product_tag","embeddable":true,"href":"https:\/\/latelier-mouche.fr\/index.php?rest_route=%2Fwp%2Fv2%2Fproduct_tag&post=4670"}],"curies":[{"name":"wp","href":"https:\/\/api.w.org\/{rel}","templated":true}]}}