{"id":4622,"date":"2025-02-05T10:40:58","date_gmt":"2025-02-05T09:40:58","guid":{"rendered":"https:\/\/latelier-mouche.fr\/?post_type=product&#038;p=4622"},"modified":"2025-02-05T10:46:36","modified_gmt":"2025-02-05T09:46:36","slug":"ensembles-discovery","status":"publish","type":"product","link":"https:\/\/latelier-mouche.fr\/?product=ensembles-discovery","title":{"rendered":"Ensembles Discovery"},"content":{"rendered":"<div class=\"row bg-gris_light mb-5\">\n<table>\n<thead>\n<tr>\n<th>Libell\u00e9<\/th>\n<th>R\u00e9f\u00e9rence<\/th>\n<th>Tarif<\/th>\n<th>Action<\/th>\n<th>Encombrement<br \/>\n(en cm)<\/th>\n<th>Longueur<br \/>\n(en cm)<\/th>\n<th>Poign\u00e9e<\/th>\n<th>Nombre d&rsquo;anneaux<\/th>\n<th>Coloris<\/th>\n<th>N\u00b0 Soie<br \/>\n(AFTMA)<\/th>\n<th>Mati\u00e8re<\/th>\n<\/tr>\n<\/thead>\n<tbody>\n<tr>\n<td>Discovery Trout &#8211; 9&prime; #4\/5 &#8211; 4 Brins<\/td>\n<td>JMGCN8200090-4S5<\/td>\n<td>199.00\u00a0\u20ac<\/td>\n<td>Moderate fast<\/td>\n<td>72<\/td>\n<td>274<\/td>\n<td>Cigare<\/td>\n<td>10<\/td>\n<td>Noir &#8211; Rouge<\/td>\n<td>#5<\/td>\n<td>Carbone<\/td>\n<\/tr>\n<tr>\n<td>Discovery Nymph &#8211; 10&rsquo;6 #2\/3 &#8211; 4 Brins<\/td>\n<td>JMGCN8200106-4S3<\/td>\n<td>199.00\u00a0\u20ac<\/td>\n<td>Moderate fast<\/td>\n<td>83<\/td>\n<td>320<\/td>\n<td>Cigare + talon<\/td>\n<td>13<\/td>\n<td>Noir &#8211; Rouge<\/td>\n<td>#3<\/td>\n<td>Carbone<\/td>\n<\/tr>\n<tr>\n<td>Discovery Lake &#8211; 10&prime; #6\/7 &#8211; 4 Brins<\/td>\n<td>JMGCN8200100-4S7<\/td>\n<td>199.00\u00a0\u20ac<\/td>\n<td>Moderate fast<\/td>\n<td>81<\/td>\n<td>305<\/td>\n<td>Tulipe + talon<\/td>\n<td>11<\/td>\n<td>Noir &#8211; Rouge<\/td>\n<td>#7<\/td>\n<td>Carbone<\/td>\n<\/tr>\n<tr>\n<td>Discovery Pike &#8211; 9&prime; #8\/9 &#8211; 4 Brins<\/td>\n<td>JMGCN8200090-4S9<\/td>\n<td>199.00\u00a0\u20ac<\/td>\n<td>Moderate fast<\/td>\n<td>72<\/td>\n<td>274<\/td>\n<td>Tulipe + talon<\/td>\n<td>10<\/td>\n<td>Noir &#8211; Rouge<\/td>\n<td>#9<\/td>\n<td>Carbone<\/td>\n<\/tr>\n<\/tbody>\n<\/table>\n<\/div>\n<div class=\"row bg-gris_light mb-5\"><\/div>\n","protected":false},"excerpt":{"rendered":"<div id=\"text_content\" class=\"content my-3\">\n<p>Les kit JMC Discovery signent la nouvelle g\u00e9n\u00e9ration des combos JMC Fly fishing. Ils ont \u00e9t\u00e9 sp\u00e9cifiquement con\u00e7us pour d\u00e9buter, progresser et se perfectionner en p\u00eache \u00e0 la mouche avec du mat\u00e9riel de qualit\u00e9. La gamme Discovery permet de balayer les principales approches possibles en eaux douce, de la p\u00eache en nymphe aux carnassiers. Chaque ensemble Discovery se compose d\u2019une canne d\u2019action m\u00e9dium Fast \u00e9quilibr\u00e9 par un moulinet aluminium large arbor grani de backing, d\u2019une soie flottante et d\u2019un bas de ligne adapt\u00e9.<\/p>\n<\/div>\n<div id=\"text_presentation\" class=\"content my-3\">\n<p>Id\u00e9al pour d\u00e9buter et progresser Action semi-rapide<br \/>\n\u2022 Quatre brins<br \/>\n\u2022 Poign\u00e9e li\u00e8ge pleine fleur<br \/>\n\u2022 Blank noir verni<br \/>\n\u2022 Porte-moulinet alu usin\u00e9 carbone tress\u00e9<br \/>\n\u2022 Anneau de d\u00e9part Sic puis monopattes<br \/>\n\u2022 Accroche mouche<br \/>\n\u2022 Etui canne + moulinet JMC compartiment\u00e9<br \/>\n\u2022 Moulinet Aluminium large arbor \u00e9quip\u00e9 de backing et d\u2019une soie flottante adapt\u00e9e<br \/>\n\u2022 Livr\u00e9 avec une s\u00e9lection de mouches<\/p>\n<\/div>\n","protected":false},"featured_media":4633,"comment_status":"closed","ping_status":"closed","template":"","meta":{"_monsterinsights_skip_tracking":false,"_monsterinsights_sitenote_active":false,"_monsterinsights_sitenote_note":"","_monsterinsights_sitenote_category":0,"site-sidebar-layout":"default","site-content-layout":"content-boxed-container","ast-global-header-display":"","ast-banner-title-visibility":"","ast-main-header-display":"","ast-hfb-above-header-display":"","ast-hfb-below-header-display":"","ast-hfb-mobile-header-display":"","site-post-title":"","ast-breadcrumbs-content":"","ast-featured-img":"","footer-sml-layout":"","theme-transparent-header-meta":"default","adv-header-id-meta":"","stick-header-meta":"","header-above-stick-meta":"","header-main-stick-meta":"","header-below-stick-meta":""},"product_cat":[60],"product_tag":[],"aioseo_notices":[],"_links":{"self":[{"href":"https:\/\/latelier-mouche.fr\/index.php?rest_route=\/wp\/v2\/product\/4622"}],"collection":[{"href":"https:\/\/latelier-mouche.fr\/index.php?rest_route=\/wp\/v2\/product"}],"about":[{"href":"https:\/\/latelier-mouche.fr\/index.php?rest_route=\/wp\/v2\/types\/product"}],"replies":[{"embeddable":true,"href":"https:\/\/latelier-mouche.fr\/index.php?rest_route=%2Fwp%2Fv2%2Fcomments&post=4622"}],"version-history":[{"count":1,"href":"https:\/\/latelier-mouche.fr\/index.php?rest_route=\/wp\/v2\/product\/4622\/revisions"}],"predecessor-version":[{"id":4634,"href":"https:\/\/latelier-mouche.fr\/index.php?rest_route=\/wp\/v2\/product\/4622\/revisions\/4634"}],"wp:featuredmedia":[{"embeddable":true,"href":"https:\/\/latelier-mouche.fr\/index.php?rest_route=\/wp\/v2\/media\/4633"}],"wp:attachment":[{"href":"https:\/\/latelier-mouche.fr\/index.php?rest_route=%2Fwp%2Fv2%2Fmedia&parent=4622"}],"wp:term":[{"taxonomy":"product_cat","embeddable":true,"href":"https:\/\/latelier-mouche.fr\/index.php?rest_route=%2Fwp%2Fv2%2Fproduct_cat&post=4622"},{"taxonomy":"product_tag","embeddable":true,"href":"https:\/\/latelier-mouche.fr\/index.php?rest_route=%2Fwp%2Fv2%2Fproduct_tag&post=4622"}],"curies":[{"name":"wp","href":"https:\/\/api.w.org\/{rel}","templated":true}]}}